{"id":15232,"date":"2026-01-15T14:04:05","date_gmt":"2026-01-15T11:04:05","guid":{"rendered":"https:\/\/bowling.test.code-lab.it\/?post_type=product&#038;p=15232"},"modified":"2026-02-19T15:55:08","modified_gmt":"2026-02-19T12:55:08","slug":"messipakkumine-kuni-31-08-2026-elamus-bowlingpubi","status":"publish","type":"product","link":"https:\/\/bowling.test.code-lab.it\/et\/toode\/messipakkumine-kuni-31-08-2026-elamus-bowlingpubi\/","title":{"rendered":"Messipakkumine kuni 31.08.2026 Elamus Bowling&#038;Pubi"},"content":{"rendered":"<p><a href=\"https:\/\/elamusbowling.ee\/\">Elamus Bowling&amp;Pubi<\/a> on Eesti suurim ja parima tehnilise varustusega bowlingusaal, 16 Brunswick bowlingurajaga. Rajad on ainulaadse SPARK multimeedia lahendusega, mis pakub p\u00f5nevaid eriefekte. 200-kohalises pubis on v\u00f5imalik t\u00e4histada s\u00fcnnip\u00e4evi, ettev\u00f5tte s\u00fcndmuseid, kaasa elada v\u00f5istlustele ja spordi\u00fclekannetele.\u00a0T\u00e4psem info ja broneerimine <a href=\"https:\/\/elamusbowling.ee\/\">siin. <\/a><strong>Jalatsite rent<\/strong>\u00a0lisandub kohapeal \u2013 2 \u20ac\/paar<\/p>\n<p><strong>Messipakkumise soodustuse saamiseks lisa soodustuse kood ostukorvi v\u00f5i skaneeri see QR-koodilt. Pakkumine ja soodustus kehtivad kuni 31.08.2026.<\/strong><\/p>\n","protected":false},"excerpt":{"rendered":"Elamus Bowling&amp;Pubi on Eesti suurim ja parima tehnilise varustusega bowlingusaal, 16 Brunswick bowlingurajaga. Rajad on ainulaadse SPARK multimeedia lahendusega, mis pakub p\u00f5nevaid eriefekte. 200-kohalises pubis on v\u00f5imalik t\u00e4histada s\u00fcnnip\u00e4evi, ettev\u00f5tte s\u00fcndmuseid, kaasa elada v\u00f5istlustele ja spordi\u00fclekannetele.\u00a0T\u00e4psem info ja broneerimine siin. Jalatsite rent\u00a0lisandub kohapeal \u2013 2 \u20ac\/paar Messipakkumise soodustuse saamiseks lisa soodustuse kood ostukorvi v\u00f5i skaneeri [&hellip;]","protected":false},"featured_media":14767,"template":"","meta":{"_acf_changed":false,"_uag_custom_page_level_css":""},"product_brand":[],"product_cat":[103],"product_tag":[],"class_list":{"0":"post-15232","1":"product","2":"type-product","3":"status-publish","4":"has-post-thumbnail","6":"product_cat-elamuskaardid","8":"first","9":"instock","10":"shipping-taxable","11":"purchasable","12":"product-type-variable"},"acf":[],"yoast_head":"<!-- This site is optimized with the Yoast SEO plugin v25.6 - https:\/\/yoast.com\/wordpress\/plugins\/seo\/ -->\n<title>Messipakkumine kuni 31.08.2026 Elamus Bowling&amp;Pubi - Elamus Bowling<\/title>\n<meta name=\"robots\" content=\"noindex, follow, max-snippet:-1, max-image-preview:large, max-video-preview:-1\" \/>\n<meta property=\"og:locale\" content=\"et_EE\" \/>\n<meta property=\"og:type\" content=\"article\" \/>\n<meta property=\"og:title\" content=\"Messipakkumine kuni 31.08.2026 Elamus Bowling&amp;Pubi - Elamus Bowling\" \/>\n<meta property=\"og:description\" content=\"Elamus Bowling&amp;Pubi on Eesti suurim ja parima tehnilise varustusega bowlingusaal, 16 Brunswick bowlingurajaga. Rajad on ainulaadse SPARK multimeedia lahendusega, mis pakub p\u00f5nevaid eriefekte. 200-kohalises pubis on v\u00f5imalik t\u00e4histada s\u00fcnnip\u00e4evi, ettev\u00f5tte s\u00fcndmuseid, kaasa elada v\u00f5istlustele ja spordi\u00fclekannetele.\u00a0T\u00e4psem info ja broneerimine siin. Jalatsite rent\u00a0lisandub kohapeal \u2013 2 \u20ac\/paar Messipakkumise soodustuse saamiseks lisa soodustuse kood ostukorvi v\u00f5i skaneeri [&hellip;]\" \/>\n<meta property=\"og:url\" content=\"https:\/\/bowling.test.code-lab.it\/et\/toode\/messipakkumine-kuni-31-08-2026-elamus-bowlingpubi\/\" \/>\n<meta property=\"og:site_name\" content=\"Elamus Bowling\" \/>\n<meta property=\"article:modified_time\" content=\"2026-02-19T12:55:08+00:00\" \/>\n<meta property=\"og:image\" content=\"https:\/\/bowling.test.code-lab.it\/wp-content\/uploads\/2025\/12\/elamus-bowling-foto-joosep-ints-300x300-1.jpg\" \/>\n\t<meta property=\"og:image:width\" content=\"300\" \/>\n\t<meta property=\"og:image:height\" content=\"300\" \/>\n\t<meta property=\"og:image:type\" content=\"image\/jpeg\" \/>\n<meta name=\"twitter:card\" content=\"summary_large_image\" \/>\n<meta name=\"twitter:label1\" content=\"Est. reading time\" \/>\n\t<meta name=\"twitter:data1\" content=\"1 minut\" \/>\n<script type=\"application\/ld+json\" class=\"yoast-schema-graph\">{\"@context\":\"https:\/\/schema.org\",\"@graph\":[{\"@type\":\"WebPage\",\"@id\":\"https:\/\/bowling.test.code-lab.it\/et\/toode\/messipakkumine-kuni-31-08-2026-elamus-bowlingpubi\/\",\"url\":\"https:\/\/bowling.test.code-lab.it\/et\/toode\/messipakkumine-kuni-31-08-2026-elamus-bowlingpubi\/\",\"name\":\"Messipakkumine kuni 31.08.2026 Elamus Bowling&Pubi - Elamus Bowling\",\"isPartOf\":{\"@id\":\"https:\/\/bowling.test.code-lab.it\/et\/#website\"},\"primaryImageOfPage\":{\"@id\":\"https:\/\/bowling.test.code-lab.it\/et\/toode\/messipakkumine-kuni-31-08-2026-elamus-bowlingpubi\/#primaryimage\"},\"image\":{\"@id\":\"https:\/\/bowling.test.code-lab.it\/et\/toode\/messipakkumine-kuni-31-08-2026-elamus-bowlingpubi\/#primaryimage\"},\"thumbnailUrl\":\"https:\/\/bowling.test.code-lab.it\/wp-content\/uploads\/2025\/12\/elamus-bowling-foto-joosep-ints-300x300-1.jpg\",\"datePublished\":\"2026-01-15T11:04:05+00:00\",\"dateModified\":\"2026-02-19T12:55:08+00:00\",\"breadcrumb\":{\"@id\":\"https:\/\/bowling.test.code-lab.it\/et\/toode\/messipakkumine-kuni-31-08-2026-elamus-bowlingpubi\/#breadcrumb\"},\"inLanguage\":\"et\",\"potentialAction\":[{\"@type\":\"ReadAction\",\"target\":[\"https:\/\/bowling.test.code-lab.it\/et\/toode\/messipakkumine-kuni-31-08-2026-elamus-bowlingpubi\/\"]}]},{\"@type\":\"ImageObject\",\"inLanguage\":\"et\",\"@id\":\"https:\/\/bowling.test.code-lab.it\/et\/toode\/messipakkumine-kuni-31-08-2026-elamus-bowlingpubi\/#primaryimage\",\"url\":\"https:\/\/bowling.test.code-lab.it\/wp-content\/uploads\/2025\/12\/elamus-bowling-foto-joosep-ints-300x300-1.jpg\",\"contentUrl\":\"https:\/\/bowling.test.code-lab.it\/wp-content\/uploads\/2025\/12\/elamus-bowling-foto-joosep-ints-300x300-1.jpg\",\"width\":300,\"height\":300},{\"@type\":\"BreadcrumbList\",\"@id\":\"https:\/\/bowling.test.code-lab.it\/et\/toode\/messipakkumine-kuni-31-08-2026-elamus-bowlingpubi\/#breadcrumb\",\"itemListElement\":[{\"@type\":\"ListItem\",\"position\":1,\"name\":\"Esileht\",\"item\":\"https:\/\/bowling.test.code-lab.it\/et\/\"},{\"@type\":\"ListItem\",\"position\":2,\"name\":\"Messipakkumine kuni 31.08.2026 Elamus Bowling&#038;Pubi\"}]},{\"@type\":\"WebSite\",\"@id\":\"https:\/\/bowling.test.code-lab.it\/et\/#website\",\"url\":\"https:\/\/bowling.test.code-lab.it\/et\/\",\"name\":\"Elamus Bowling\",\"description\":\"Uusim, Eesti suurim ja moodsaim bowlingusaal\",\"publisher\":{\"@id\":\"https:\/\/bowling.test.code-lab.it\/et\/#organization\"},\"potentialAction\":[{\"@type\":\"SearchAction\",\"target\":{\"@type\":\"EntryPoint\",\"urlTemplate\":\"https:\/\/bowling.test.code-lab.it\/et\/?s={search_term_string}\"},\"query-input\":{\"@type\":\"PropertyValueSpecification\",\"valueRequired\":true,\"valueName\":\"search_term_string\"}}],\"inLanguage\":\"et\"},{\"@type\":\"Organization\",\"@id\":\"https:\/\/bowling.test.code-lab.it\/et\/#organization\",\"name\":\"Elamus Bowling\",\"url\":\"https:\/\/bowling.test.code-lab.it\/et\/\",\"logo\":{\"@type\":\"ImageObject\",\"inLanguage\":\"et\",\"@id\":\"https:\/\/bowling.test.code-lab.it\/et\/#\/schema\/logo\/image\/\",\"url\":\"https:\/\/bowling.test.code-lab.it\/wp-content\/uploads\/2025\/07\/cropped-800x600px_Elamus-Bowling-logo.jpg\",\"contentUrl\":\"https:\/\/bowling.test.code-lab.it\/wp-content\/uploads\/2025\/07\/cropped-800x600px_Elamus-Bowling-logo.jpg\",\"width\":512,\"height\":512,\"caption\":\"Elamus Bowling\"},\"image\":{\"@id\":\"https:\/\/bowling.test.code-lab.it\/et\/#\/schema\/logo\/image\/\"}}]}<\/script>\n<!-- \/ Yoast SEO plugin. -->","yoast_head_json":{"title":"Messipakkumine kuni 31.08.2026 Elamus Bowling&Pubi - Elamus Bowling","robots":{"index":"noindex","follow":"follow","max-snippet":"max-snippet:-1","max-image-preview":"max-image-preview:large","max-video-preview":"max-video-preview:-1"},"og_locale":"et_EE","og_type":"article","og_title":"Messipakkumine kuni 31.08.2026 Elamus Bowling&Pubi - Elamus Bowling","og_description":"Elamus Bowling&amp;Pubi on Eesti suurim ja parima tehnilise varustusega bowlingusaal, 16 Brunswick bowlingurajaga. Rajad on ainulaadse SPARK multimeedia lahendusega, mis pakub p\u00f5nevaid eriefekte. 200-kohalises pubis on v\u00f5imalik t\u00e4histada s\u00fcnnip\u00e4evi, ettev\u00f5tte s\u00fcndmuseid, kaasa elada v\u00f5istlustele ja spordi\u00fclekannetele.\u00a0T\u00e4psem info ja broneerimine siin. Jalatsite rent\u00a0lisandub kohapeal \u2013 2 \u20ac\/paar Messipakkumise soodustuse saamiseks lisa soodustuse kood ostukorvi v\u00f5i skaneeri [&hellip;]","og_url":"https:\/\/bowling.test.code-lab.it\/et\/toode\/messipakkumine-kuni-31-08-2026-elamus-bowlingpubi\/","og_site_name":"Elamus Bowling","article_modified_time":"2026-02-19T12:55:08+00:00","og_image":[{"width":300,"height":300,"url":"https:\/\/bowling.test.code-lab.it\/wp-content\/uploads\/2025\/12\/elamus-bowling-foto-joosep-ints-300x300-1.jpg","type":"image\/jpeg"}],"twitter_card":"summary_large_image","twitter_misc":{"Est. reading time":"1 minut"},"schema":{"@context":"https:\/\/schema.org","@graph":[{"@type":"WebPage","@id":"https:\/\/bowling.test.code-lab.it\/et\/toode\/messipakkumine-kuni-31-08-2026-elamus-bowlingpubi\/","url":"https:\/\/bowling.test.code-lab.it\/et\/toode\/messipakkumine-kuni-31-08-2026-elamus-bowlingpubi\/","name":"Messipakkumine kuni 31.08.2026 Elamus Bowling&Pubi - Elamus Bowling","isPartOf":{"@id":"https:\/\/bowling.test.code-lab.it\/et\/#website"},"primaryImageOfPage":{"@id":"https:\/\/bowling.test.code-lab.it\/et\/toode\/messipakkumine-kuni-31-08-2026-elamus-bowlingpubi\/#primaryimage"},"image":{"@id":"https:\/\/bowling.test.code-lab.it\/et\/toode\/messipakkumine-kuni-31-08-2026-elamus-bowlingpubi\/#primaryimage"},"thumbnailUrl":"https:\/\/bowling.test.code-lab.it\/wp-content\/uploads\/2025\/12\/elamus-bowling-foto-joosep-ints-300x300-1.jpg","datePublished":"2026-01-15T11:04:05+00:00","dateModified":"2026-02-19T12:55:08+00:00","breadcrumb":{"@id":"https:\/\/bowling.test.code-lab.it\/et\/toode\/messipakkumine-kuni-31-08-2026-elamus-bowlingpubi\/#breadcrumb"},"inLanguage":"et","potentialAction":[{"@type":"ReadAction","target":["https:\/\/bowling.test.code-lab.it\/et\/toode\/messipakkumine-kuni-31-08-2026-elamus-bowlingpubi\/"]}]},{"@type":"ImageObject","inLanguage":"et","@id":"https:\/\/bowling.test.code-lab.it\/et\/toode\/messipakkumine-kuni-31-08-2026-elamus-bowlingpubi\/#primaryimage","url":"https:\/\/bowling.test.code-lab.it\/wp-content\/uploads\/2025\/12\/elamus-bowling-foto-joosep-ints-300x300-1.jpg","contentUrl":"https:\/\/bowling.test.code-lab.it\/wp-content\/uploads\/2025\/12\/elamus-bowling-foto-joosep-ints-300x300-1.jpg","width":300,"height":300},{"@type":"BreadcrumbList","@id":"https:\/\/bowling.test.code-lab.it\/et\/toode\/messipakkumine-kuni-31-08-2026-elamus-bowlingpubi\/#breadcrumb","itemListElement":[{"@type":"ListItem","position":1,"name":"Esileht","item":"https:\/\/bowling.test.code-lab.it\/et\/"},{"@type":"ListItem","position":2,"name":"Messipakkumine kuni 31.08.2026 Elamus Bowling&#038;Pubi"}]},{"@type":"WebSite","@id":"https:\/\/bowling.test.code-lab.it\/et\/#website","url":"https:\/\/bowling.test.code-lab.it\/et\/","name":"Elamus Bowling","description":"Uusim, Eesti suurim ja moodsaim bowlingusaal","publisher":{"@id":"https:\/\/bowling.test.code-lab.it\/et\/#organization"},"potentialAction":[{"@type":"SearchAction","target":{"@type":"EntryPoint","urlTemplate":"https:\/\/bowling.test.code-lab.it\/et\/?s={search_term_string}"},"query-input":{"@type":"PropertyValueSpecification","valueRequired":true,"valueName":"search_term_string"}}],"inLanguage":"et"},{"@type":"Organization","@id":"https:\/\/bowling.test.code-lab.it\/et\/#organization","name":"Elamus Bowling","url":"https:\/\/bowling.test.code-lab.it\/et\/","logo":{"@type":"ImageObject","inLanguage":"et","@id":"https:\/\/bowling.test.code-lab.it\/et\/#\/schema\/logo\/image\/","url":"https:\/\/bowling.test.code-lab.it\/wp-content\/uploads\/2025\/07\/cropped-800x600px_Elamus-Bowling-logo.jpg","contentUrl":"https:\/\/bowling.test.code-lab.it\/wp-content\/uploads\/2025\/07\/cropped-800x600px_Elamus-Bowling-logo.jpg","width":512,"height":512,"caption":"Elamus Bowling"},"image":{"@id":"https:\/\/bowling.test.code-lab.it\/et\/#\/schema\/logo\/image\/"}}]}},"uagb_featured_image_src":{"full":["https:\/\/bowling.test.code-lab.it\/wp-content\/uploads\/2025\/12\/elamus-bowling-foto-joosep-ints-300x300-1.jpg",300,300,false],"thumbnail":["https:\/\/bowling.test.code-lab.it\/wp-content\/uploads\/2025\/12\/elamus-bowling-foto-joosep-ints-300x300-1-150x150.jpg",150,150,true],"medium":["https:\/\/bowling.test.code-lab.it\/wp-content\/uploads\/2025\/12\/elamus-bowling-foto-joosep-ints-300x300-1.jpg",300,300,false],"medium_large":["https:\/\/bowling.test.code-lab.it\/wp-content\/uploads\/2025\/12\/elamus-bowling-foto-joosep-ints-300x300-1.jpg",300,300,false],"large":["https:\/\/bowling.test.code-lab.it\/wp-content\/uploads\/2025\/12\/elamus-bowling-foto-joosep-ints-300x300-1.jpg",300,300,false],"woocommerce_thumbnail":["https:\/\/bowling.test.code-lab.it\/wp-content\/uploads\/2025\/12\/elamus-bowling-foto-joosep-ints-300x300-1.jpg",300,300,false],"woocommerce_single":["https:\/\/bowling.test.code-lab.it\/wp-content\/uploads\/2025\/12\/elamus-bowling-foto-joosep-ints-300x300-1.jpg",300,300,false],"woocommerce_gallery_thumbnail":["https:\/\/bowling.test.code-lab.it\/wp-content\/uploads\/2025\/12\/elamus-bowling-foto-joosep-ints-300x300-1-100x100.jpg",100,100,true],"wc-pdf-product-vouchers-voucher-thumb":["https:\/\/bowling.test.code-lab.it\/wp-content\/uploads\/2025\/12\/elamus-bowling-foto-joosep-ints-300x300-1.jpg",100,100,false]},"uagb_author_info":{"display_name":"Anna","author_link":"https:\/\/bowling.test.code-lab.it\/et\/author\/"},"uagb_comment_info":0,"uagb_excerpt":"Elamus Bowling&amp;Pubi on Eesti suurim ja parima tehnilise varustusega bowlingusaal, 16 Brunswick bowlingurajaga. Rajad on ainulaadse SPARK multimeedia lahendusega, mis pakub p\u00f5nevaid eriefekte. 200-kohalises pubis on v\u00f5imalik t\u00e4histada s\u00fcnnip\u00e4evi, ettev\u00f5tte s\u00fcndmuseid, kaasa elada v\u00f5istlustele ja spordi\u00fclekannetele.\u00a0T\u00e4psem info ja broneerimine siin. Jalatsite rent\u00a0lisandub kohapeal \u2013 2 \u20ac\/paar Messipakkumise soodustuse saamiseks lisa soodustuse kood ostukorvi v\u00f5i skaneeri&hellip;","_links":{"self":[{"href":"https:\/\/bowling.test.code-lab.it\/et\/wp-json\/wp\/v2\/product\/15232","targetHints":{"allow":["GET"]}}],"collection":[{"href":"https:\/\/bowling.test.code-lab.it\/et\/wp-json\/wp\/v2\/product"}],"about":[{"href":"https:\/\/bowling.test.code-lab.it\/et\/wp-json\/wp\/v2\/types\/product"}],"wp:featuredmedia":[{"embeddable":true,"href":"https:\/\/bowling.test.code-lab.it\/et\/wp-json\/wp\/v2\/media\/14767"}],"wp:attachment":[{"href":"https:\/\/bowling.test.code-lab.it\/et\/wp-json\/wp\/v2\/media?parent=15232"}],"wp:term":[{"taxonomy":"product_brand","embeddable":true,"href":"https:\/\/bowling.test.code-lab.it\/et\/wp-json\/wp\/v2\/product_brand?post=15232"},{"taxonomy":"product_cat","embeddable":true,"href":"https:\/\/bowling.test.code-lab.it\/et\/wp-json\/wp\/v2\/product_cat?post=15232"},{"taxonomy":"product_tag","embeddable":true,"href":"https:\/\/bowling.test.code-lab.it\/et\/wp-json\/wp\/v2\/product_tag?post=15232"}],"curies":[{"name":"wp","href":"https:\/\/api.w.org\/{rel}","templated":true}]}}