{"id":15145,"date":"2026-01-09T10:57:08","date_gmt":"2026-01-09T07:57:08","guid":{"rendered":"https:\/\/bowling.test.code-lab.it\/?post_type=product&#038;p=15145"},"modified":"2026-03-23T11:07:56","modified_gmt":"2026-03-23T08:07:56","slug":"elamuskaart-test","status":"publish","type":"product","link":"https:\/\/bowling.test.code-lab.it\/et\/toode\/elamuskaart-test\/","title":{"rendered":"Elamuskaart"},"content":{"rendered":"<p><strong>KINKEKAART KEHTIB 2 AASTAT!<\/strong><\/p>\n<p><strong>Elamus Spa ja Elamus Bowlingu<\/strong>\u00a0<strong>elamuskaart<\/strong>\u00a0on t\u00e4iuslik kingivalik.<br \/>\nV\u00f5imaldab Sinul ja s\u00f5bral teha just seda, mida hing ihaldab:<br \/>\nlihtsalt saunakeskuses m\u00f5nuleda ja rituaalides osaleda,<br \/>\nkosutada end meelep\u00e4rase joogi ja s\u00f6\u00f6giga v\u00f5i<br \/>\nnautida kehale ja vaimule pai tegevaid hoolitsusi v\u00f5i hoopiski veeta s\u00f5pradega \u00f5htu bowlingut m\u00e4ngides.<\/p>\n<p>Elamuskaardid erinevas v\u00e4\u00e4rtuses on saadaval onlines, Elamus Spas ja Elamus Bowlingus.<br \/>\nKliendil on kohustus peale ostu sooritamist kinkekaart koheselt alla laadida.<\/p>\n","protected":false},"excerpt":{"rendered":"KINKEKAART KEHTIB 2 AASTAT! Elamus Spa ja Elamus Bowlingu\u00a0elamuskaart\u00a0on t\u00e4iuslik kingivalik. V\u00f5imaldab Sinul ja s\u00f5bral teha just seda, mida hing ihaldab: lihtsalt saunakeskuses m\u00f5nuleda ja rituaalides osaleda, kosutada end meelep\u00e4rase joogi ja s\u00f6\u00f6giga v\u00f5i nautida kehale ja vaimule pai tegevaid hoolitsusi v\u00f5i hoopiski veeta s\u00f5pradega \u00f5htu bowlingut m\u00e4ngides. Elamuskaardid erinevas v\u00e4\u00e4rtuses on saadaval onlines, Elamus [&hellip;]","protected":false},"featured_media":14535,"template":"","meta":{"_acf_changed":false,"_uag_custom_page_level_css":""},"product_brand":[],"product_cat":[103],"product_tag":[],"class_list":{"0":"post-15145","1":"product","2":"type-product","3":"status-publish","4":"has-post-thumbnail","6":"product_cat-elamuskaardid","8":"first","9":"instock","10":"shipping-taxable","11":"purchasable","12":"product-type-variable"},"acf":[],"yoast_head":"<!-- This site is optimized with the Yoast SEO plugin v25.6 - https:\/\/yoast.com\/wordpress\/plugins\/seo\/ -->\n<title>Elamuskaart - Elamus Bowling<\/title>\n<meta name=\"robots\" content=\"noindex, follow, max-snippet:-1, max-image-preview:large, max-video-preview:-1\" \/>\n<meta property=\"og:locale\" content=\"et_EE\" \/>\n<meta property=\"og:type\" content=\"article\" \/>\n<meta property=\"og:title\" content=\"Elamuskaart - Elamus Bowling\" \/>\n<meta property=\"og:description\" content=\"KINKEKAART KEHTIB 2 AASTAT! Elamus Spa ja Elamus Bowlingu\u00a0elamuskaart\u00a0on t\u00e4iuslik kingivalik. V\u00f5imaldab Sinul ja s\u00f5bral teha just seda, mida hing ihaldab: lihtsalt saunakeskuses m\u00f5nuleda ja rituaalides osaleda, kosutada end meelep\u00e4rase joogi ja s\u00f6\u00f6giga v\u00f5i nautida kehale ja vaimule pai tegevaid hoolitsusi v\u00f5i hoopiski veeta s\u00f5pradega \u00f5htu bowlingut m\u00e4ngides. Elamuskaardid erinevas v\u00e4\u00e4rtuses on saadaval onlines, Elamus [&hellip;]\" \/>\n<meta property=\"og:url\" content=\"https:\/\/bowling.test.code-lab.it\/et\/toode\/elamuskaart-test\/\" \/>\n<meta property=\"og:site_name\" content=\"Elamus Bowling\" \/>\n<meta property=\"article:modified_time\" content=\"2026-03-23T08:07:56+00:00\" \/>\n<meta property=\"og:image\" content=\"https:\/\/bowling.test.code-lab.it\/wp-content\/uploads\/2025\/12\/elamuskaart_100.jpg\" \/>\n\t<meta property=\"og:image:width\" content=\"1536\" \/>\n\t<meta property=\"og:image:height\" content=\"746\" \/>\n\t<meta property=\"og:image:type\" content=\"image\/jpeg\" \/>\n<meta name=\"twitter:card\" content=\"summary_large_image\" \/>\n<meta name=\"twitter:label1\" content=\"Est. reading time\" \/>\n\t<meta name=\"twitter:data1\" content=\"1 minut\" \/>\n<script type=\"application\/ld+json\" class=\"yoast-schema-graph\">{\"@context\":\"https:\/\/schema.org\",\"@graph\":[{\"@type\":\"WebPage\",\"@id\":\"https:\/\/bowling.test.code-lab.it\/et\/toode\/elamuskaart-test\/\",\"url\":\"https:\/\/bowling.test.code-lab.it\/et\/toode\/elamuskaart-test\/\",\"name\":\"Elamuskaart - Elamus Bowling\",\"isPartOf\":{\"@id\":\"https:\/\/bowling.test.code-lab.it\/et\/#website\"},\"primaryImageOfPage\":{\"@id\":\"https:\/\/bowling.test.code-lab.it\/et\/toode\/elamuskaart-test\/#primaryimage\"},\"image\":{\"@id\":\"https:\/\/bowling.test.code-lab.it\/et\/toode\/elamuskaart-test\/#primaryimage\"},\"thumbnailUrl\":\"https:\/\/bowling.test.code-lab.it\/wp-content\/uploads\/2025\/12\/elamuskaart_100.jpg\",\"datePublished\":\"2026-01-09T07:57:08+00:00\",\"dateModified\":\"2026-03-23T08:07:56+00:00\",\"breadcrumb\":{\"@id\":\"https:\/\/bowling.test.code-lab.it\/et\/toode\/elamuskaart-test\/#breadcrumb\"},\"inLanguage\":\"et\",\"potentialAction\":[{\"@type\":\"ReadAction\",\"target\":[\"https:\/\/bowling.test.code-lab.it\/et\/toode\/elamuskaart-test\/\"]}]},{\"@type\":\"ImageObject\",\"inLanguage\":\"et\",\"@id\":\"https:\/\/bowling.test.code-lab.it\/et\/toode\/elamuskaart-test\/#primaryimage\",\"url\":\"https:\/\/bowling.test.code-lab.it\/wp-content\/uploads\/2025\/12\/elamuskaart_100.jpg\",\"contentUrl\":\"https:\/\/bowling.test.code-lab.it\/wp-content\/uploads\/2025\/12\/elamuskaart_100.jpg\",\"width\":1536,\"height\":746},{\"@type\":\"BreadcrumbList\",\"@id\":\"https:\/\/bowling.test.code-lab.it\/et\/toode\/elamuskaart-test\/#breadcrumb\",\"itemListElement\":[{\"@type\":\"ListItem\",\"position\":1,\"name\":\"Esileht\",\"item\":\"https:\/\/bowling.test.code-lab.it\/et\/\"},{\"@type\":\"ListItem\",\"position\":2,\"name\":\"Elamuskaart\"}]},{\"@type\":\"WebSite\",\"@id\":\"https:\/\/bowling.test.code-lab.it\/et\/#website\",\"url\":\"https:\/\/bowling.test.code-lab.it\/et\/\",\"name\":\"Elamus Bowling\",\"description\":\"Uusim, Eesti suurim ja moodsaim bowlingusaal\",\"publisher\":{\"@id\":\"https:\/\/bowling.test.code-lab.it\/et\/#organization\"},\"potentialAction\":[{\"@type\":\"SearchAction\",\"target\":{\"@type\":\"EntryPoint\",\"urlTemplate\":\"https:\/\/bowling.test.code-lab.it\/et\/?s={search_term_string}\"},\"query-input\":{\"@type\":\"PropertyValueSpecification\",\"valueRequired\":true,\"valueName\":\"search_term_string\"}}],\"inLanguage\":\"et\"},{\"@type\":\"Organization\",\"@id\":\"https:\/\/bowling.test.code-lab.it\/et\/#organization\",\"name\":\"Elamus Bowling\",\"url\":\"https:\/\/bowling.test.code-lab.it\/et\/\",\"logo\":{\"@type\":\"ImageObject\",\"inLanguage\":\"et\",\"@id\":\"https:\/\/bowling.test.code-lab.it\/et\/#\/schema\/logo\/image\/\",\"url\":\"https:\/\/bowling.test.code-lab.it\/wp-content\/uploads\/2025\/07\/cropped-800x600px_Elamus-Bowling-logo.jpg\",\"contentUrl\":\"https:\/\/bowling.test.code-lab.it\/wp-content\/uploads\/2025\/07\/cropped-800x600px_Elamus-Bowling-logo.jpg\",\"width\":512,\"height\":512,\"caption\":\"Elamus Bowling\"},\"image\":{\"@id\":\"https:\/\/bowling.test.code-lab.it\/et\/#\/schema\/logo\/image\/\"}}]}<\/script>\n<!-- \/ Yoast SEO plugin. -->","yoast_head_json":{"title":"Elamuskaart - Elamus Bowling","robots":{"index":"noindex","follow":"follow","max-snippet":"max-snippet:-1","max-image-preview":"max-image-preview:large","max-video-preview":"max-video-preview:-1"},"og_locale":"et_EE","og_type":"article","og_title":"Elamuskaart - Elamus Bowling","og_description":"KINKEKAART KEHTIB 2 AASTAT! Elamus Spa ja Elamus Bowlingu\u00a0elamuskaart\u00a0on t\u00e4iuslik kingivalik. V\u00f5imaldab Sinul ja s\u00f5bral teha just seda, mida hing ihaldab: lihtsalt saunakeskuses m\u00f5nuleda ja rituaalides osaleda, kosutada end meelep\u00e4rase joogi ja s\u00f6\u00f6giga v\u00f5i nautida kehale ja vaimule pai tegevaid hoolitsusi v\u00f5i hoopiski veeta s\u00f5pradega \u00f5htu bowlingut m\u00e4ngides. Elamuskaardid erinevas v\u00e4\u00e4rtuses on saadaval onlines, Elamus [&hellip;]","og_url":"https:\/\/bowling.test.code-lab.it\/et\/toode\/elamuskaart-test\/","og_site_name":"Elamus Bowling","article_modified_time":"2026-03-23T08:07:56+00:00","og_image":[{"width":1536,"height":746,"url":"https:\/\/bowling.test.code-lab.it\/wp-content\/uploads\/2025\/12\/elamuskaart_100.jpg","type":"image\/jpeg"}],"twitter_card":"summary_large_image","twitter_misc":{"Est. reading time":"1 minut"},"schema":{"@context":"https:\/\/schema.org","@graph":[{"@type":"WebPage","@id":"https:\/\/bowling.test.code-lab.it\/et\/toode\/elamuskaart-test\/","url":"https:\/\/bowling.test.code-lab.it\/et\/toode\/elamuskaart-test\/","name":"Elamuskaart - Elamus Bowling","isPartOf":{"@id":"https:\/\/bowling.test.code-lab.it\/et\/#website"},"primaryImageOfPage":{"@id":"https:\/\/bowling.test.code-lab.it\/et\/toode\/elamuskaart-test\/#primaryimage"},"image":{"@id":"https:\/\/bowling.test.code-lab.it\/et\/toode\/elamuskaart-test\/#primaryimage"},"thumbnailUrl":"https:\/\/bowling.test.code-lab.it\/wp-content\/uploads\/2025\/12\/elamuskaart_100.jpg","datePublished":"2026-01-09T07:57:08+00:00","dateModified":"2026-03-23T08:07:56+00:00","breadcrumb":{"@id":"https:\/\/bowling.test.code-lab.it\/et\/toode\/elamuskaart-test\/#breadcrumb"},"inLanguage":"et","potentialAction":[{"@type":"ReadAction","target":["https:\/\/bowling.test.code-lab.it\/et\/toode\/elamuskaart-test\/"]}]},{"@type":"ImageObject","inLanguage":"et","@id":"https:\/\/bowling.test.code-lab.it\/et\/toode\/elamuskaart-test\/#primaryimage","url":"https:\/\/bowling.test.code-lab.it\/wp-content\/uploads\/2025\/12\/elamuskaart_100.jpg","contentUrl":"https:\/\/bowling.test.code-lab.it\/wp-content\/uploads\/2025\/12\/elamuskaart_100.jpg","width":1536,"height":746},{"@type":"BreadcrumbList","@id":"https:\/\/bowling.test.code-lab.it\/et\/toode\/elamuskaart-test\/#breadcrumb","itemListElement":[{"@type":"ListItem","position":1,"name":"Esileht","item":"https:\/\/bowling.test.code-lab.it\/et\/"},{"@type":"ListItem","position":2,"name":"Elamuskaart"}]},{"@type":"WebSite","@id":"https:\/\/bowling.test.code-lab.it\/et\/#website","url":"https:\/\/bowling.test.code-lab.it\/et\/","name":"Elamus Bowling","description":"Uusim, Eesti suurim ja moodsaim bowlingusaal","publisher":{"@id":"https:\/\/bowling.test.code-lab.it\/et\/#organization"},"potentialAction":[{"@type":"SearchAction","target":{"@type":"EntryPoint","urlTemplate":"https:\/\/bowling.test.code-lab.it\/et\/?s={search_term_string}"},"query-input":{"@type":"PropertyValueSpecification","valueRequired":true,"valueName":"search_term_string"}}],"inLanguage":"et"},{"@type":"Organization","@id":"https:\/\/bowling.test.code-lab.it\/et\/#organization","name":"Elamus Bowling","url":"https:\/\/bowling.test.code-lab.it\/et\/","logo":{"@type":"ImageObject","inLanguage":"et","@id":"https:\/\/bowling.test.code-lab.it\/et\/#\/schema\/logo\/image\/","url":"https:\/\/bowling.test.code-lab.it\/wp-content\/uploads\/2025\/07\/cropped-800x600px_Elamus-Bowling-logo.jpg","contentUrl":"https:\/\/bowling.test.code-lab.it\/wp-content\/uploads\/2025\/07\/cropped-800x600px_Elamus-Bowling-logo.jpg","width":512,"height":512,"caption":"Elamus Bowling"},"image":{"@id":"https:\/\/bowling.test.code-lab.it\/et\/#\/schema\/logo\/image\/"}}]}},"uagb_featured_image_src":{"full":["https:\/\/bowling.test.code-lab.it\/wp-content\/uploads\/2025\/12\/elamuskaart_100.jpg",1536,746,false],"thumbnail":["https:\/\/bowling.test.code-lab.it\/wp-content\/uploads\/2025\/12\/elamuskaart_100-150x150.jpg",150,150,true],"medium":["https:\/\/bowling.test.code-lab.it\/wp-content\/uploads\/2025\/12\/elamuskaart_100.jpg",300,146,false],"medium_large":["https:\/\/bowling.test.code-lab.it\/wp-content\/uploads\/2025\/12\/elamuskaart_100.jpg",768,373,false],"large":["https:\/\/bowling.test.code-lab.it\/wp-content\/uploads\/2025\/12\/elamuskaart_100.jpg",1024,497,false],"woocommerce_thumbnail":["https:\/\/bowling.test.code-lab.it\/wp-content\/uploads\/2025\/12\/elamuskaart_100-300x300.jpg",300,300,true],"woocommerce_single":["https:\/\/bowling.test.code-lab.it\/wp-content\/uploads\/2025\/12\/elamuskaart_100-600x291.jpg",600,291,true],"woocommerce_gallery_thumbnail":["https:\/\/bowling.test.code-lab.it\/wp-content\/uploads\/2025\/12\/elamuskaart_100-100x100.jpg",100,100,true],"wc-pdf-product-vouchers-voucher-thumb":["https:\/\/bowling.test.code-lab.it\/wp-content\/uploads\/2025\/12\/elamuskaart_100.jpg",100,49,false]},"uagb_author_info":{"display_name":"Anna","author_link":"https:\/\/bowling.test.code-lab.it\/et\/author\/"},"uagb_comment_info":0,"uagb_excerpt":"KINKEKAART KEHTIB 2 AASTAT! Elamus Spa ja Elamus Bowlingu\u00a0elamuskaart\u00a0on t\u00e4iuslik kingivalik. V\u00f5imaldab Sinul ja s\u00f5bral teha just seda, mida hing ihaldab: lihtsalt saunakeskuses m\u00f5nuleda ja rituaalides osaleda, kosutada end meelep\u00e4rase joogi ja s\u00f6\u00f6giga v\u00f5i nautida kehale ja vaimule pai tegevaid hoolitsusi v\u00f5i hoopiski veeta s\u00f5pradega \u00f5htu bowlingut m\u00e4ngides. Elamuskaardid erinevas v\u00e4\u00e4rtuses on saadaval onlines, Elamus&hellip;","_links":{"self":[{"href":"https:\/\/bowling.test.code-lab.it\/et\/wp-json\/wp\/v2\/product\/15145","targetHints":{"allow":["GET"]}}],"collection":[{"href":"https:\/\/bowling.test.code-lab.it\/et\/wp-json\/wp\/v2\/product"}],"about":[{"href":"https:\/\/bowling.test.code-lab.it\/et\/wp-json\/wp\/v2\/types\/product"}],"wp:featuredmedia":[{"embeddable":true,"href":"https:\/\/bowling.test.code-lab.it\/et\/wp-json\/wp\/v2\/media\/14535"}],"wp:attachment":[{"href":"https:\/\/bowling.test.code-lab.it\/et\/wp-json\/wp\/v2\/media?parent=15145"}],"wp:term":[{"taxonomy":"product_brand","embeddable":true,"href":"https:\/\/bowling.test.code-lab.it\/et\/wp-json\/wp\/v2\/product_brand?post=15145"},{"taxonomy":"product_cat","embeddable":true,"href":"https:\/\/bowling.test.code-lab.it\/et\/wp-json\/wp\/v2\/product_cat?post=15145"},{"taxonomy":"product_tag","embeddable":true,"href":"https:\/\/bowling.test.code-lab.it\/et\/wp-json\/wp\/v2\/product_tag?post=15145"}],"curies":[{"name":"wp","href":"https:\/\/api.w.org\/{rel}","templated":true}]}}