{"id":14685,"date":"2025-12-31T10:20:21","date_gmt":"2025-12-31T07:20:21","guid":{"rendered":"https:\/\/bowling.test.code-lab.it\/toode\/seminariruumi-rent\/"},"modified":"2026-04-08T12:43:29","modified_gmt":"2026-04-08T09:43:29","slug":"seminariruumi-rent","status":"publish","type":"product","link":"https:\/\/bowling.test.code-lab.it\/et\/toode\/seminariruumi-rent\/","title":{"rendered":"Seminariruumi rent"},"content":{"rendered":"<p>Avarate ruumidega Elamus Bowlingu ruumid on suurep\u00e4rane koht seminaride,\u00a0koosolekute ja s\u00fcnnip\u00e4evade pidamiseks. Soovi korral saab k\u00fcsida pakkumist tervele bowlingusaalile.<\/p>\n<p>Esitlustehnikaga varustatud ruumides on v\u00f5imalik l\u00e4bi viia seminare, koolitusi<br \/>ja muid \u00fcritusi v\u00e4iksematele ja suurematele seltskondadele.<\/p>\n<p>Saalis on v\u00f5imalik kasutada konverentsitehnikat, samuti on saalis tasuta interneti p\u00fcsi\u00fchendus.<\/p>\n","protected":false},"excerpt":{"rendered":"Avarate ruumidega Elamus Bowlingu ruumid on suurep\u00e4rane koht seminaride, koosolekute ja s\u00fcnnip\u00e4evade pidamiseks. Soovi korral saab k\u00fcsida pakkumist tervele bowlingusaalile.","protected":false},"featured_media":12916,"template":"","meta":{"_acf_changed":false,"_uag_custom_page_level_css":""},"product_brand":[],"product_cat":[454],"product_tag":[],"class_list":{"0":"post-14685","1":"product","2":"type-product","3":"status-publish","4":"has-post-thumbnail","6":"product_cat-salbos_conf_et","8":"first","9":"instock","10":"shipping-taxable","11":"purchasable","12":"product-type-salbos_conference"},"acf":[],"yoast_head":"<!-- This site is optimized with the Yoast SEO plugin v25.6 - https:\/\/yoast.com\/wordpress\/plugins\/seo\/ -->\n<title>Seminariruumi rent - Elamus Bowling<\/title>\n<meta name=\"robots\" content=\"noindex, follow, max-snippet:-1, max-image-preview:large, max-video-preview:-1\" \/>\n<meta property=\"og:locale\" content=\"et_EE\" \/>\n<meta property=\"og:type\" content=\"article\" \/>\n<meta property=\"og:title\" content=\"Seminariruumi rent - Elamus Bowling\" \/>\n<meta property=\"og:description\" content=\"Avarate ruumidega Elamus Bowlingu ruumid on suurep\u00e4rane koht seminaride, koosolekute ja s\u00fcnnip\u00e4evade pidamiseks. Soovi korral saab k\u00fcsida pakkumist tervele bowlingusaalile.\" \/>\n<meta property=\"og:url\" content=\"https:\/\/bowling.test.code-lab.it\/et\/toode\/seminariruumi-rent\/\" \/>\n<meta property=\"og:site_name\" content=\"Elamus Bowling\" \/>\n<meta property=\"article:modified_time\" content=\"2026-04-08T09:43:29+00:00\" \/>\n<meta property=\"og:image\" content=\"https:\/\/bowling.test.code-lab.it\/wp-content\/uploads\/2025\/08\/481101569_1027278266111880_3010779202863505031_n.jpg\" \/>\n\t<meta property=\"og:image:width\" content=\"1080\" \/>\n\t<meta property=\"og:image:height\" content=\"1080\" \/>\n\t<meta property=\"og:image:type\" content=\"image\/jpeg\" \/>\n<meta name=\"twitter:card\" content=\"summary_large_image\" \/>\n<meta name=\"twitter:label1\" content=\"Est. reading time\" \/>\n\t<meta name=\"twitter:data1\" content=\"1 minut\" \/>\n<script type=\"application\/ld+json\" class=\"yoast-schema-graph\">{\"@context\":\"https:\/\/schema.org\",\"@graph\":[{\"@type\":\"WebPage\",\"@id\":\"https:\/\/bowling.test.code-lab.it\/et\/toode\/seminariruumi-rent\/\",\"url\":\"https:\/\/bowling.test.code-lab.it\/et\/toode\/seminariruumi-rent\/\",\"name\":\"Seminariruumi rent - Elamus Bowling\",\"isPartOf\":{\"@id\":\"https:\/\/bowling.test.code-lab.it\/et\/#website\"},\"primaryImageOfPage\":{\"@id\":\"https:\/\/bowling.test.code-lab.it\/et\/toode\/seminariruumi-rent\/#primaryimage\"},\"image\":{\"@id\":\"https:\/\/bowling.test.code-lab.it\/et\/toode\/seminariruumi-rent\/#primaryimage\"},\"thumbnailUrl\":\"https:\/\/bowling.test.code-lab.it\/wp-content\/uploads\/2025\/08\/481101569_1027278266111880_3010779202863505031_n.jpg\",\"datePublished\":\"2025-12-31T07:20:21+00:00\",\"dateModified\":\"2026-04-08T09:43:29+00:00\",\"breadcrumb\":{\"@id\":\"https:\/\/bowling.test.code-lab.it\/et\/toode\/seminariruumi-rent\/#breadcrumb\"},\"inLanguage\":\"et\",\"potentialAction\":[{\"@type\":\"ReadAction\",\"target\":[\"https:\/\/bowling.test.code-lab.it\/et\/toode\/seminariruumi-rent\/\"]}]},{\"@type\":\"ImageObject\",\"inLanguage\":\"et\",\"@id\":\"https:\/\/bowling.test.code-lab.it\/et\/toode\/seminariruumi-rent\/#primaryimage\",\"url\":\"https:\/\/bowling.test.code-lab.it\/wp-content\/uploads\/2025\/08\/481101569_1027278266111880_3010779202863505031_n.jpg\",\"contentUrl\":\"https:\/\/bowling.test.code-lab.it\/wp-content\/uploads\/2025\/08\/481101569_1027278266111880_3010779202863505031_n.jpg\",\"width\":1080,\"height\":1080},{\"@type\":\"BreadcrumbList\",\"@id\":\"https:\/\/bowling.test.code-lab.it\/et\/toode\/seminariruumi-rent\/#breadcrumb\",\"itemListElement\":[{\"@type\":\"ListItem\",\"position\":1,\"name\":\"Esileht\",\"item\":\"https:\/\/bowling.test.code-lab.it\/et\/\"},{\"@type\":\"ListItem\",\"position\":2,\"name\":\"Seminariruumi rent\"}]},{\"@type\":\"WebSite\",\"@id\":\"https:\/\/bowling.test.code-lab.it\/et\/#website\",\"url\":\"https:\/\/bowling.test.code-lab.it\/et\/\",\"name\":\"Elamus Bowling\",\"description\":\"Uusim, Eesti suurim ja moodsaim bowlingusaal\",\"publisher\":{\"@id\":\"https:\/\/bowling.test.code-lab.it\/et\/#organization\"},\"potentialAction\":[{\"@type\":\"SearchAction\",\"target\":{\"@type\":\"EntryPoint\",\"urlTemplate\":\"https:\/\/bowling.test.code-lab.it\/et\/?s={search_term_string}\"},\"query-input\":{\"@type\":\"PropertyValueSpecification\",\"valueRequired\":true,\"valueName\":\"search_term_string\"}}],\"inLanguage\":\"et\"},{\"@type\":\"Organization\",\"@id\":\"https:\/\/bowling.test.code-lab.it\/et\/#organization\",\"name\":\"Elamus Bowling\",\"url\":\"https:\/\/bowling.test.code-lab.it\/et\/\",\"logo\":{\"@type\":\"ImageObject\",\"inLanguage\":\"et\",\"@id\":\"https:\/\/bowling.test.code-lab.it\/et\/#\/schema\/logo\/image\/\",\"url\":\"https:\/\/bowling.test.code-lab.it\/wp-content\/uploads\/2025\/07\/cropped-800x600px_Elamus-Bowling-logo.jpg\",\"contentUrl\":\"https:\/\/bowling.test.code-lab.it\/wp-content\/uploads\/2025\/07\/cropped-800x600px_Elamus-Bowling-logo.jpg\",\"width\":512,\"height\":512,\"caption\":\"Elamus Bowling\"},\"image\":{\"@id\":\"https:\/\/bowling.test.code-lab.it\/et\/#\/schema\/logo\/image\/\"}}]}<\/script>\n<!-- \/ Yoast SEO plugin. -->","yoast_head_json":{"title":"Seminariruumi rent - Elamus Bowling","robots":{"index":"noindex","follow":"follow","max-snippet":"max-snippet:-1","max-image-preview":"max-image-preview:large","max-video-preview":"max-video-preview:-1"},"og_locale":"et_EE","og_type":"article","og_title":"Seminariruumi rent - Elamus Bowling","og_description":"Avarate ruumidega Elamus Bowlingu ruumid on suurep\u00e4rane koht seminaride, koosolekute ja s\u00fcnnip\u00e4evade pidamiseks. Soovi korral saab k\u00fcsida pakkumist tervele bowlingusaalile.","og_url":"https:\/\/bowling.test.code-lab.it\/et\/toode\/seminariruumi-rent\/","og_site_name":"Elamus Bowling","article_modified_time":"2026-04-08T09:43:29+00:00","og_image":[{"width":1080,"height":1080,"url":"https:\/\/bowling.test.code-lab.it\/wp-content\/uploads\/2025\/08\/481101569_1027278266111880_3010779202863505031_n.jpg","type":"image\/jpeg"}],"twitter_card":"summary_large_image","twitter_misc":{"Est. reading time":"1 minut"},"schema":{"@context":"https:\/\/schema.org","@graph":[{"@type":"WebPage","@id":"https:\/\/bowling.test.code-lab.it\/et\/toode\/seminariruumi-rent\/","url":"https:\/\/bowling.test.code-lab.it\/et\/toode\/seminariruumi-rent\/","name":"Seminariruumi rent - Elamus Bowling","isPartOf":{"@id":"https:\/\/bowling.test.code-lab.it\/et\/#website"},"primaryImageOfPage":{"@id":"https:\/\/bowling.test.code-lab.it\/et\/toode\/seminariruumi-rent\/#primaryimage"},"image":{"@id":"https:\/\/bowling.test.code-lab.it\/et\/toode\/seminariruumi-rent\/#primaryimage"},"thumbnailUrl":"https:\/\/bowling.test.code-lab.it\/wp-content\/uploads\/2025\/08\/481101569_1027278266111880_3010779202863505031_n.jpg","datePublished":"2025-12-31T07:20:21+00:00","dateModified":"2026-04-08T09:43:29+00:00","breadcrumb":{"@id":"https:\/\/bowling.test.code-lab.it\/et\/toode\/seminariruumi-rent\/#breadcrumb"},"inLanguage":"et","potentialAction":[{"@type":"ReadAction","target":["https:\/\/bowling.test.code-lab.it\/et\/toode\/seminariruumi-rent\/"]}]},{"@type":"ImageObject","inLanguage":"et","@id":"https:\/\/bowling.test.code-lab.it\/et\/toode\/seminariruumi-rent\/#primaryimage","url":"https:\/\/bowling.test.code-lab.it\/wp-content\/uploads\/2025\/08\/481101569_1027278266111880_3010779202863505031_n.jpg","contentUrl":"https:\/\/bowling.test.code-lab.it\/wp-content\/uploads\/2025\/08\/481101569_1027278266111880_3010779202863505031_n.jpg","width":1080,"height":1080},{"@type":"BreadcrumbList","@id":"https:\/\/bowling.test.code-lab.it\/et\/toode\/seminariruumi-rent\/#breadcrumb","itemListElement":[{"@type":"ListItem","position":1,"name":"Esileht","item":"https:\/\/bowling.test.code-lab.it\/et\/"},{"@type":"ListItem","position":2,"name":"Seminariruumi rent"}]},{"@type":"WebSite","@id":"https:\/\/bowling.test.code-lab.it\/et\/#website","url":"https:\/\/bowling.test.code-lab.it\/et\/","name":"Elamus Bowling","description":"Uusim, Eesti suurim ja moodsaim bowlingusaal","publisher":{"@id":"https:\/\/bowling.test.code-lab.it\/et\/#organization"},"potentialAction":[{"@type":"SearchAction","target":{"@type":"EntryPoint","urlTemplate":"https:\/\/bowling.test.code-lab.it\/et\/?s={search_term_string}"},"query-input":{"@type":"PropertyValueSpecification","valueRequired":true,"valueName":"search_term_string"}}],"inLanguage":"et"},{"@type":"Organization","@id":"https:\/\/bowling.test.code-lab.it\/et\/#organization","name":"Elamus Bowling","url":"https:\/\/bowling.test.code-lab.it\/et\/","logo":{"@type":"ImageObject","inLanguage":"et","@id":"https:\/\/bowling.test.code-lab.it\/et\/#\/schema\/logo\/image\/","url":"https:\/\/bowling.test.code-lab.it\/wp-content\/uploads\/2025\/07\/cropped-800x600px_Elamus-Bowling-logo.jpg","contentUrl":"https:\/\/bowling.test.code-lab.it\/wp-content\/uploads\/2025\/07\/cropped-800x600px_Elamus-Bowling-logo.jpg","width":512,"height":512,"caption":"Elamus Bowling"},"image":{"@id":"https:\/\/bowling.test.code-lab.it\/et\/#\/schema\/logo\/image\/"}}]}},"uagb_featured_image_src":{"full":["https:\/\/bowling.test.code-lab.it\/wp-content\/uploads\/2025\/08\/481101569_1027278266111880_3010779202863505031_n.jpg",1080,1080,false],"thumbnail":["https:\/\/bowling.test.code-lab.it\/wp-content\/uploads\/2025\/08\/481101569_1027278266111880_3010779202863505031_n-150x150.jpg",150,150,true],"medium":["https:\/\/bowling.test.code-lab.it\/wp-content\/uploads\/2025\/08\/481101569_1027278266111880_3010779202863505031_n.jpg",300,300,false],"medium_large":["https:\/\/bowling.test.code-lab.it\/wp-content\/uploads\/2025\/08\/481101569_1027278266111880_3010779202863505031_n.jpg",768,768,false],"large":["https:\/\/bowling.test.code-lab.it\/wp-content\/uploads\/2025\/08\/481101569_1027278266111880_3010779202863505031_n.jpg",1024,1024,false],"woocommerce_thumbnail":["https:\/\/bowling.test.code-lab.it\/wp-content\/uploads\/2025\/08\/481101569_1027278266111880_3010779202863505031_n-300x300.jpg",300,300,true],"woocommerce_single":["https:\/\/bowling.test.code-lab.it\/wp-content\/uploads\/2025\/08\/481101569_1027278266111880_3010779202863505031_n-600x600.jpg",600,600,true],"woocommerce_gallery_thumbnail":["https:\/\/bowling.test.code-lab.it\/wp-content\/uploads\/2025\/08\/481101569_1027278266111880_3010779202863505031_n-100x100.jpg",100,100,true],"wc-pdf-product-vouchers-voucher-thumb":["https:\/\/bowling.test.code-lab.it\/wp-content\/uploads\/2025\/08\/481101569_1027278266111880_3010779202863505031_n.jpg",100,100,false]},"uagb_author_info":{"display_name":"Hanna-Liisa Vilms","author_link":"https:\/\/bowling.test.code-lab.it\/et\/author\/"},"uagb_comment_info":0,"uagb_excerpt":"Avarate ruumidega Elamus Bowlingu ruumid on suurep\u00e4rane koht seminaride, koosolekute ja s\u00fcnnip\u00e4evade pidamiseks. Soovi korral saab k\u00fcsida pakkumist tervele bowlingusaalile.","_links":{"self":[{"href":"https:\/\/bowling.test.code-lab.it\/et\/wp-json\/wp\/v2\/product\/14685","targetHints":{"allow":["GET"]}}],"collection":[{"href":"https:\/\/bowling.test.code-lab.it\/et\/wp-json\/wp\/v2\/product"}],"about":[{"href":"https:\/\/bowling.test.code-lab.it\/et\/wp-json\/wp\/v2\/types\/product"}],"wp:featuredmedia":[{"embeddable":true,"href":"https:\/\/bowling.test.code-lab.it\/et\/wp-json\/wp\/v2\/media\/12916"}],"wp:attachment":[{"href":"https:\/\/bowling.test.code-lab.it\/et\/wp-json\/wp\/v2\/media?parent=14685"}],"wp:term":[{"taxonomy":"product_brand","embeddable":true,"href":"https:\/\/bowling.test.code-lab.it\/et\/wp-json\/wp\/v2\/product_brand?post=14685"},{"taxonomy":"product_cat","embeddable":true,"href":"https:\/\/bowling.test.code-lab.it\/et\/wp-json\/wp\/v2\/product_cat?post=14685"},{"taxonomy":"product_tag","embeddable":true,"href":"https:\/\/bowling.test.code-lab.it\/et\/wp-json\/wp\/v2\/product_tag?post=14685"}],"curies":[{"name":"wp","href":"https:\/\/api.w.org\/{rel}","templated":true}]}}