{"id":14582,"date":"2025-12-30T09:08:09","date_gmt":"2025-12-30T06:08:09","guid":{"rendered":"https:\/\/bowling.test.code-lab.it\/toode\/bowlingu-raja-rent-3\/"},"modified":"2026-04-08T12:43:29","modified_gmt":"2026-04-08T09:43:29","slug":"bowlingu-raja-rent","status":"publish","type":"product","link":"https:\/\/bowling.test.code-lab.it\/et\/toode\/bowlingu-raja-rent\/","title":{"rendered":"Bowlingu raja rent"},"content":{"rendered":"<p>ESMASP\u00c4EVAST NELJAP\u00c4EVANI saab m\u00e4ngida kuni kella 00.00<br \/>REEDEL JA LAUP\u00c4EVAL saab m\u00e4ngida kuni kella 02.00<br \/>P\u00dcHAP\u00c4EVAL saab m\u00e4ngida kuni kella 00.00<br \/><strong>Radade broneerimiseks helista tel. 6560646<\/strong><\/p>\n<p>Elamus Bowlingul on \u00f5igus broneeringut vajadusel \u00fcmber t\u00f5sta teistele radadele.<br \/>* Pakettide broneerimisel palume j\u00e4lgida paketis olevate radade arvu<br \/>*\u00a0<em><strong>\u00d5pilaste pakett on broneerimiseks E-R ajavahemikus 11:00-17:00.<\/strong><\/em><br \/><em><strong>Teistele aegadele tehtud broneeringud kustutakse!<\/strong><\/em><br \/>* Rajapaarid on 1-2 rada, 3-4 rada, 5-6 jne. rajad<br \/>* \u00dcHELE RAJALE ON LUBATUD KUNI 6 M\u00c4NGIJAT<\/p>\n<p><strong>Koolivaheaegadel ja riiklikel p\u00fchadel kehtib n\u00e4dalavahetuse hinnakiri.<\/strong><\/p>\n","protected":false},"excerpt":{"rendered":"ESMASP\u00c4EVAST NELJAP\u00c4EVANI saab m\u00e4ngida kuni kella 00.00REEDEL JA LAUP\u00c4EVAL saab m\u00e4ngida kuni kella 02.00P\u00dcHAP\u00c4EVAL saab m\u00e4ngida kuni kella 00.00Radade broneerimiseks helista tel. 6560646 Elamus Bowlingul on \u00f5igus broneeringut vajadusel \u00fcmber t\u00f5sta teistele radadele.* Pakettide broneerimisel palume j\u00e4lgida paketis olevate radade arvu*\u00a0\u00d5pilaste pakett on broneerimiseks E-R ajavahemikus 11:00-17:00.Teistele aegadele tehtud broneeringud kustutakse!* Rajapaarid on 1-2 rada, [&hellip;]","protected":false},"featured_media":12472,"template":"","meta":{"_acf_changed":false,"_uag_custom_page_level_css":""},"product_brand":[],"product_cat":[454],"product_tag":[],"class_list":{"0":"post-14582","1":"product","2":"type-product","3":"status-publish","4":"has-post-thumbnail","6":"product_cat-salbos_conf_et","8":"first","9":"instock","10":"shipping-taxable","11":"purchasable","12":"product-type-salbos_conference"},"acf":[],"yoast_head":"<!-- This site is optimized with the Yoast SEO plugin v25.6 - https:\/\/yoast.com\/wordpress\/plugins\/seo\/ -->\n<title>Bowlingu raja rent - Elamus Bowling<\/title>\n<meta name=\"robots\" content=\"noindex, follow, max-snippet:-1, max-image-preview:large, max-video-preview:-1\" \/>\n<meta property=\"og:locale\" content=\"et_EE\" \/>\n<meta property=\"og:type\" content=\"article\" \/>\n<meta property=\"og:title\" content=\"Bowlingu raja rent - Elamus Bowling\" \/>\n<meta property=\"og:description\" content=\"ESMASP\u00c4EVAST NELJAP\u00c4EVANI saab m\u00e4ngida kuni kella 00.00REEDEL JA LAUP\u00c4EVAL saab m\u00e4ngida kuni kella 02.00P\u00dcHAP\u00c4EVAL saab m\u00e4ngida kuni kella 00.00Radade broneerimiseks helista tel. 6560646 Elamus Bowlingul on \u00f5igus broneeringut vajadusel \u00fcmber t\u00f5sta teistele radadele.* Pakettide broneerimisel palume j\u00e4lgida paketis olevate radade arvu*\u00a0\u00d5pilaste pakett on broneerimiseks E-R ajavahemikus 11:00-17:00.Teistele aegadele tehtud broneeringud kustutakse!* Rajapaarid on 1-2 rada, [&hellip;]\" \/>\n<meta property=\"og:url\" content=\"https:\/\/bowling.test.code-lab.it\/et\/toode\/bowlingu-raja-rent\/\" \/>\n<meta property=\"og:site_name\" content=\"Elamus Bowling\" \/>\n<meta property=\"article:modified_time\" content=\"2026-04-08T09:43:29+00:00\" \/>\n<meta property=\"og:image\" content=\"https:\/\/bowling.test.code-lab.it\/wp-content\/uploads\/2025\/08\/Bowling_pubi_rajad_tallinn-scaled.jpg\" \/>\n\t<meta property=\"og:image:width\" content=\"2560\" \/>\n\t<meta property=\"og:image:height\" content=\"1707\" \/>\n\t<meta property=\"og:image:type\" content=\"image\/jpeg\" \/>\n<meta name=\"twitter:card\" content=\"summary_large_image\" \/>\n<meta name=\"twitter:label1\" content=\"Est. reading time\" \/>\n\t<meta name=\"twitter:data1\" content=\"1 minut\" \/>\n<script type=\"application\/ld+json\" class=\"yoast-schema-graph\">{\"@context\":\"https:\/\/schema.org\",\"@graph\":[{\"@type\":\"WebPage\",\"@id\":\"https:\/\/bowling.test.code-lab.it\/et\/toode\/bowlingu-raja-rent\/\",\"url\":\"https:\/\/bowling.test.code-lab.it\/et\/toode\/bowlingu-raja-rent\/\",\"name\":\"Bowlingu raja rent - Elamus Bowling\",\"isPartOf\":{\"@id\":\"https:\/\/bowling.test.code-lab.it\/et\/#website\"},\"primaryImageOfPage\":{\"@id\":\"https:\/\/bowling.test.code-lab.it\/et\/toode\/bowlingu-raja-rent\/#primaryimage\"},\"image\":{\"@id\":\"https:\/\/bowling.test.code-lab.it\/et\/toode\/bowlingu-raja-rent\/#primaryimage\"},\"thumbnailUrl\":\"https:\/\/bowling.test.code-lab.it\/wp-content\/uploads\/2025\/08\/Bowling_pubi_rajad_tallinn-scaled.jpg\",\"datePublished\":\"2025-12-30T06:08:09+00:00\",\"dateModified\":\"2026-04-08T09:43:29+00:00\",\"breadcrumb\":{\"@id\":\"https:\/\/bowling.test.code-lab.it\/et\/toode\/bowlingu-raja-rent\/#breadcrumb\"},\"inLanguage\":\"et\",\"potentialAction\":[{\"@type\":\"ReadAction\",\"target\":[\"https:\/\/bowling.test.code-lab.it\/et\/toode\/bowlingu-raja-rent\/\"]}]},{\"@type\":\"ImageObject\",\"inLanguage\":\"et\",\"@id\":\"https:\/\/bowling.test.code-lab.it\/et\/toode\/bowlingu-raja-rent\/#primaryimage\",\"url\":\"https:\/\/bowling.test.code-lab.it\/wp-content\/uploads\/2025\/08\/Bowling_pubi_rajad_tallinn-scaled.jpg\",\"contentUrl\":\"https:\/\/bowling.test.code-lab.it\/wp-content\/uploads\/2025\/08\/Bowling_pubi_rajad_tallinn-scaled.jpg\",\"width\":2560,\"height\":1707},{\"@type\":\"BreadcrumbList\",\"@id\":\"https:\/\/bowling.test.code-lab.it\/et\/toode\/bowlingu-raja-rent\/#breadcrumb\",\"itemListElement\":[{\"@type\":\"ListItem\",\"position\":1,\"name\":\"Esileht\",\"item\":\"https:\/\/bowling.test.code-lab.it\/et\/\"},{\"@type\":\"ListItem\",\"position\":2,\"name\":\"Bowlingu raja rent\"}]},{\"@type\":\"WebSite\",\"@id\":\"https:\/\/bowling.test.code-lab.it\/et\/#website\",\"url\":\"https:\/\/bowling.test.code-lab.it\/et\/\",\"name\":\"Elamus Bowling\",\"description\":\"Uusim, Eesti suurim ja moodsaim bowlingusaal\",\"publisher\":{\"@id\":\"https:\/\/bowling.test.code-lab.it\/et\/#organization\"},\"potentialAction\":[{\"@type\":\"SearchAction\",\"target\":{\"@type\":\"EntryPoint\",\"urlTemplate\":\"https:\/\/bowling.test.code-lab.it\/et\/?s={search_term_string}\"},\"query-input\":{\"@type\":\"PropertyValueSpecification\",\"valueRequired\":true,\"valueName\":\"search_term_string\"}}],\"inLanguage\":\"et\"},{\"@type\":\"Organization\",\"@id\":\"https:\/\/bowling.test.code-lab.it\/et\/#organization\",\"name\":\"Elamus Bowling\",\"url\":\"https:\/\/bowling.test.code-lab.it\/et\/\",\"logo\":{\"@type\":\"ImageObject\",\"inLanguage\":\"et\",\"@id\":\"https:\/\/bowling.test.code-lab.it\/et\/#\/schema\/logo\/image\/\",\"url\":\"https:\/\/bowling.test.code-lab.it\/wp-content\/uploads\/2025\/07\/cropped-800x600px_Elamus-Bowling-logo.jpg\",\"contentUrl\":\"https:\/\/bowling.test.code-lab.it\/wp-content\/uploads\/2025\/07\/cropped-800x600px_Elamus-Bowling-logo.jpg\",\"width\":512,\"height\":512,\"caption\":\"Elamus Bowling\"},\"image\":{\"@id\":\"https:\/\/bowling.test.code-lab.it\/et\/#\/schema\/logo\/image\/\"}}]}<\/script>\n<!-- \/ Yoast SEO plugin. -->","yoast_head_json":{"title":"Bowlingu raja rent - Elamus Bowling","robots":{"index":"noindex","follow":"follow","max-snippet":"max-snippet:-1","max-image-preview":"max-image-preview:large","max-video-preview":"max-video-preview:-1"},"og_locale":"et_EE","og_type":"article","og_title":"Bowlingu raja rent - Elamus Bowling","og_description":"ESMASP\u00c4EVAST NELJAP\u00c4EVANI saab m\u00e4ngida kuni kella 00.00REEDEL JA LAUP\u00c4EVAL saab m\u00e4ngida kuni kella 02.00P\u00dcHAP\u00c4EVAL saab m\u00e4ngida kuni kella 00.00Radade broneerimiseks helista tel. 6560646 Elamus Bowlingul on \u00f5igus broneeringut vajadusel \u00fcmber t\u00f5sta teistele radadele.* Pakettide broneerimisel palume j\u00e4lgida paketis olevate radade arvu*\u00a0\u00d5pilaste pakett on broneerimiseks E-R ajavahemikus 11:00-17:00.Teistele aegadele tehtud broneeringud kustutakse!* Rajapaarid on 1-2 rada, [&hellip;]","og_url":"https:\/\/bowling.test.code-lab.it\/et\/toode\/bowlingu-raja-rent\/","og_site_name":"Elamus Bowling","article_modified_time":"2026-04-08T09:43:29+00:00","og_image":[{"width":2560,"height":1707,"url":"https:\/\/bowling.test.code-lab.it\/wp-content\/uploads\/2025\/08\/Bowling_pubi_rajad_tallinn-scaled.jpg","type":"image\/jpeg"}],"twitter_card":"summary_large_image","twitter_misc":{"Est. reading time":"1 minut"},"schema":{"@context":"https:\/\/schema.org","@graph":[{"@type":"WebPage","@id":"https:\/\/bowling.test.code-lab.it\/et\/toode\/bowlingu-raja-rent\/","url":"https:\/\/bowling.test.code-lab.it\/et\/toode\/bowlingu-raja-rent\/","name":"Bowlingu raja rent - Elamus Bowling","isPartOf":{"@id":"https:\/\/bowling.test.code-lab.it\/et\/#website"},"primaryImageOfPage":{"@id":"https:\/\/bowling.test.code-lab.it\/et\/toode\/bowlingu-raja-rent\/#primaryimage"},"image":{"@id":"https:\/\/bowling.test.code-lab.it\/et\/toode\/bowlingu-raja-rent\/#primaryimage"},"thumbnailUrl":"https:\/\/bowling.test.code-lab.it\/wp-content\/uploads\/2025\/08\/Bowling_pubi_rajad_tallinn-scaled.jpg","datePublished":"2025-12-30T06:08:09+00:00","dateModified":"2026-04-08T09:43:29+00:00","breadcrumb":{"@id":"https:\/\/bowling.test.code-lab.it\/et\/toode\/bowlingu-raja-rent\/#breadcrumb"},"inLanguage":"et","potentialAction":[{"@type":"ReadAction","target":["https:\/\/bowling.test.code-lab.it\/et\/toode\/bowlingu-raja-rent\/"]}]},{"@type":"ImageObject","inLanguage":"et","@id":"https:\/\/bowling.test.code-lab.it\/et\/toode\/bowlingu-raja-rent\/#primaryimage","url":"https:\/\/bowling.test.code-lab.it\/wp-content\/uploads\/2025\/08\/Bowling_pubi_rajad_tallinn-scaled.jpg","contentUrl":"https:\/\/bowling.test.code-lab.it\/wp-content\/uploads\/2025\/08\/Bowling_pubi_rajad_tallinn-scaled.jpg","width":2560,"height":1707},{"@type":"BreadcrumbList","@id":"https:\/\/bowling.test.code-lab.it\/et\/toode\/bowlingu-raja-rent\/#breadcrumb","itemListElement":[{"@type":"ListItem","position":1,"name":"Esileht","item":"https:\/\/bowling.test.code-lab.it\/et\/"},{"@type":"ListItem","position":2,"name":"Bowlingu raja rent"}]},{"@type":"WebSite","@id":"https:\/\/bowling.test.code-lab.it\/et\/#website","url":"https:\/\/bowling.test.code-lab.it\/et\/","name":"Elamus Bowling","description":"Uusim, Eesti suurim ja moodsaim bowlingusaal","publisher":{"@id":"https:\/\/bowling.test.code-lab.it\/et\/#organization"},"potentialAction":[{"@type":"SearchAction","target":{"@type":"EntryPoint","urlTemplate":"https:\/\/bowling.test.code-lab.it\/et\/?s={search_term_string}"},"query-input":{"@type":"PropertyValueSpecification","valueRequired":true,"valueName":"search_term_string"}}],"inLanguage":"et"},{"@type":"Organization","@id":"https:\/\/bowling.test.code-lab.it\/et\/#organization","name":"Elamus Bowling","url":"https:\/\/bowling.test.code-lab.it\/et\/","logo":{"@type":"ImageObject","inLanguage":"et","@id":"https:\/\/bowling.test.code-lab.it\/et\/#\/schema\/logo\/image\/","url":"https:\/\/bowling.test.code-lab.it\/wp-content\/uploads\/2025\/07\/cropped-800x600px_Elamus-Bowling-logo.jpg","contentUrl":"https:\/\/bowling.test.code-lab.it\/wp-content\/uploads\/2025\/07\/cropped-800x600px_Elamus-Bowling-logo.jpg","width":512,"height":512,"caption":"Elamus Bowling"},"image":{"@id":"https:\/\/bowling.test.code-lab.it\/et\/#\/schema\/logo\/image\/"}}]}},"uagb_featured_image_src":{"full":["https:\/\/bowling.test.code-lab.it\/wp-content\/uploads\/2025\/08\/Bowling_pubi_rajad_tallinn-scaled.jpg",2560,1707,false],"thumbnail":["https:\/\/bowling.test.code-lab.it\/wp-content\/uploads\/2025\/08\/Bowling_pubi_rajad_tallinn-150x150.jpg",150,150,true],"medium":["https:\/\/bowling.test.code-lab.it\/wp-content\/uploads\/2025\/08\/Bowling_pubi_rajad_tallinn-scaled.jpg",300,200,false],"medium_large":["https:\/\/bowling.test.code-lab.it\/wp-content\/uploads\/2025\/08\/Bowling_pubi_rajad_tallinn-scaled.jpg",768,512,false],"large":["https:\/\/bowling.test.code-lab.it\/wp-content\/uploads\/2025\/08\/Bowling_pubi_rajad_tallinn-scaled.jpg",1024,683,false],"woocommerce_thumbnail":["https:\/\/bowling.test.code-lab.it\/wp-content\/uploads\/2025\/08\/Bowling_pubi_rajad_tallinn-scaled-300x300.jpg",300,300,true],"woocommerce_single":["https:\/\/bowling.test.code-lab.it\/wp-content\/uploads\/2025\/08\/Bowling_pubi_rajad_tallinn-scaled-600x400.jpg",600,400,true],"woocommerce_gallery_thumbnail":["https:\/\/bowling.test.code-lab.it\/wp-content\/uploads\/2025\/08\/Bowling_pubi_rajad_tallinn-scaled-100x100.jpg",100,100,true],"wc-pdf-product-vouchers-voucher-thumb":["https:\/\/bowling.test.code-lab.it\/wp-content\/uploads\/2025\/08\/Bowling_pubi_rajad_tallinn-scaled.jpg",100,67,false]},"uagb_author_info":{"display_name":"Hanna-Liisa Vilms","author_link":"https:\/\/bowling.test.code-lab.it\/et\/author\/"},"uagb_comment_info":0,"uagb_excerpt":"ESMASP\u00c4EVAST NELJAP\u00c4EVANI saab m\u00e4ngida kuni kella 00.00REEDEL JA LAUP\u00c4EVAL saab m\u00e4ngida kuni kella 02.00P\u00dcHAP\u00c4EVAL saab m\u00e4ngida kuni kella 00.00Radade broneerimiseks helista tel. 6560646 Elamus Bowlingul on \u00f5igus broneeringut vajadusel \u00fcmber t\u00f5sta teistele radadele.* Pakettide broneerimisel palume j\u00e4lgida paketis olevate radade arvu*\u00a0\u00d5pilaste pakett on broneerimiseks E-R ajavahemikus 11:00-17:00.Teistele aegadele tehtud broneeringud kustutakse!* Rajapaarid on 1-2 rada,&hellip;","_links":{"self":[{"href":"https:\/\/bowling.test.code-lab.it\/et\/wp-json\/wp\/v2\/product\/14582","targetHints":{"allow":["GET"]}}],"collection":[{"href":"https:\/\/bowling.test.code-lab.it\/et\/wp-json\/wp\/v2\/product"}],"about":[{"href":"https:\/\/bowling.test.code-lab.it\/et\/wp-json\/wp\/v2\/types\/product"}],"wp:featuredmedia":[{"embeddable":true,"href":"https:\/\/bowling.test.code-lab.it\/et\/wp-json\/wp\/v2\/media\/12472"}],"wp:attachment":[{"href":"https:\/\/bowling.test.code-lab.it\/et\/wp-json\/wp\/v2\/media?parent=14582"}],"wp:term":[{"taxonomy":"product_brand","embeddable":true,"href":"https:\/\/bowling.test.code-lab.it\/et\/wp-json\/wp\/v2\/product_brand?post=14582"},{"taxonomy":"product_cat","embeddable":true,"href":"https:\/\/bowling.test.code-lab.it\/et\/wp-json\/wp\/v2\/product_cat?post=14582"},{"taxonomy":"product_tag","embeddable":true,"href":"https:\/\/bowling.test.code-lab.it\/et\/wp-json\/wp\/v2\/product_tag?post=14582"}],"curies":[{"name":"wp","href":"https:\/\/api.w.org\/{rel}","templated":true}]}}