{"id":321,"date":"2025-07-30T15:08:32","date_gmt":"2025-07-30T12:08:32","guid":{"rendered":"https:\/\/bowling.test.code-lab.it\/?page_id=321"},"modified":"2025-12-22T13:01:32","modified_gmt":"2025-12-22T10:01:32","slug":"broneerimine","status":"publish","type":"page","link":"https:\/\/bowling.test.code-lab.it\/et\/broneerimine\/","title":{"rendered":"Broneerimine"},"content":{"rendered":"\n<section class=\"booking-block\">\n    <div class=\"booking-content-wrap container bg-white color-black py-32 px-32\">\n        <div class=\"row\">\n            <div class=\"booking-content col col-lg-12 col-12\">\n                <div class=\"woocommerce\"><\/div>            <\/div>\n                            <div class=\"booking-description col col-lg-12 col-12 fade-in-up\">\n                    <p>* \u201cPunane\u201d v\u00e4rv \u2013 broneeritud, \u201cvalge \u201cvaba<\/p>\n<p>ESMASP\u00c4EVAST NELJAP\u00c4EVANI saab m\u00e4ngida kuni kella 00.00<br \/>\nREEDEL JA LAUP\u00c4EVAL saab m\u00e4ngida kuni kella 02.00<br \/>\nP\u00dcHAP\u00c4EVAL saab m\u00e4ngida kuni kella 00.00<br \/>\n<strong>Radade broneerimiseks helista tel. 6560646<\/strong><\/p>\n<p>Elamus Bowlingul on \u00f5igus broneeringut vajadusel \u00fcmber t\u00f5sta teistele radadele.<br \/>\n* Pakettide broneerimisel palume j\u00e4lgida paketis olevate radade arvu<br \/>\n* <em><strong>\u00d5pilaste pakett on broneerimiseks E-R ajavahemikus 11:00-17:00.<\/strong><\/em><br \/>\n<em><strong>Teistele aegadele tehtud broneeringud kustutakse!<\/strong><\/em><br \/>\n* Rajapaarid on 1-2 rada, 3-4 rada, 5-6 jne. rajad<br \/>\n* \u00dcHELE RAJALE ON LUBATUD KUNI 6 M\u00c4NGIJAT<\/p>\n<p><strong>Koolivaheaegadel ja riiklikel p\u00fchadel kehtib n\u00e4dalavahetuse hinnakiri.<\/strong><\/p>\n                <\/div>\n                    <\/div>\n    <\/div>\n<\/section>\n","protected":false},"excerpt":{"rendered":"","protected":false},"author":1,"featured_media":0,"parent":0,"menu_order":0,"comment_status":"closed","ping_status":"closed","template":"","meta":{"_acf_changed":false,"_uag_custom_page_level_css":"","footnotes":""},"class_list":["post-321","page","type-page","status-publish","hentry"],"acf":[],"yoast_head":"<!-- This site is optimized with the Yoast SEO plugin v25.6 - https:\/\/yoast.com\/wordpress\/plugins\/seo\/ -->\n<title>Broneerimine - Elamus Bowling<\/title>\n<meta name=\"robots\" content=\"noindex, follow, max-snippet:-1, max-image-preview:large, max-video-preview:-1\" \/>\n<meta property=\"og:locale\" content=\"et_EE\" \/>\n<meta property=\"og:type\" content=\"article\" \/>\n<meta property=\"og:title\" content=\"Broneerimine - Elamus Bowling\" \/>\n<meta property=\"og:url\" content=\"https:\/\/bowling.test.code-lab.it\/et\/broneerimine\/\" \/>\n<meta property=\"og:site_name\" content=\"Elamus Bowling\" \/>\n<meta property=\"article:modified_time\" content=\"2025-12-22T10:01:32+00:00\" \/>\n<meta property=\"og:image\" content=\"https:\/\/bowling.test.code-lab.it\/wp-content\/uploads\/2025\/08\/Elamus-Bowling-Pubi-LOGO-min-scaled.png\" \/>\n\t<meta property=\"og:image:width\" content=\"2560\" \/>\n\t<meta property=\"og:image:height\" content=\"1237\" \/>\n\t<meta property=\"og:image:type\" content=\"image\/png\" \/>\n<meta name=\"twitter:card\" content=\"summary_large_image\" \/>\n<script type=\"application\/ld+json\" class=\"yoast-schema-graph\">{\"@context\":\"https:\/\/schema.org\",\"@graph\":[{\"@type\":\"WebPage\",\"@id\":\"https:\/\/bowling.test.code-lab.it\/et\/broneerimine\/\",\"url\":\"https:\/\/bowling.test.code-lab.it\/et\/broneerimine\/\",\"name\":\"Broneerimine - Elamus Bowling\",\"isPartOf\":{\"@id\":\"https:\/\/bowling.test.code-lab.it\/et\/#website\"},\"datePublished\":\"2025-07-30T12:08:32+00:00\",\"dateModified\":\"2025-12-22T10:01:32+00:00\",\"breadcrumb\":{\"@id\":\"https:\/\/bowling.test.code-lab.it\/et\/broneerimine\/#breadcrumb\"},\"inLanguage\":\"et\",\"potentialAction\":[{\"@type\":\"ReadAction\",\"target\":[\"https:\/\/bowling.test.code-lab.it\/et\/broneerimine\/\"]}]},{\"@type\":\"BreadcrumbList\",\"@id\":\"https:\/\/bowling.test.code-lab.it\/et\/broneerimine\/#breadcrumb\",\"itemListElement\":[{\"@type\":\"ListItem\",\"position\":1,\"name\":\"Esileht\",\"item\":\"https:\/\/bowling.test.code-lab.it\/et\/\"},{\"@type\":\"ListItem\",\"position\":2,\"name\":\"Broneerimine\"}]},{\"@type\":\"WebSite\",\"@id\":\"https:\/\/bowling.test.code-lab.it\/et\/#website\",\"url\":\"https:\/\/bowling.test.code-lab.it\/et\/\",\"name\":\"Elamus Bowling\",\"description\":\"Uusim, Eesti suurim ja moodsaim bowlingusaal\",\"publisher\":{\"@id\":\"https:\/\/bowling.test.code-lab.it\/et\/#organization\"},\"potentialAction\":[{\"@type\":\"SearchAction\",\"target\":{\"@type\":\"EntryPoint\",\"urlTemplate\":\"https:\/\/bowling.test.code-lab.it\/et\/?s={search_term_string}\"},\"query-input\":{\"@type\":\"PropertyValueSpecification\",\"valueRequired\":true,\"valueName\":\"search_term_string\"}}],\"inLanguage\":\"et\"},{\"@type\":\"Organization\",\"@id\":\"https:\/\/bowling.test.code-lab.it\/et\/#organization\",\"name\":\"Elamus Bowling\",\"url\":\"https:\/\/bowling.test.code-lab.it\/et\/\",\"logo\":{\"@type\":\"ImageObject\",\"inLanguage\":\"et\",\"@id\":\"https:\/\/bowling.test.code-lab.it\/et\/#\/schema\/logo\/image\/\",\"url\":\"https:\/\/bowling.test.code-lab.it\/wp-content\/uploads\/2025\/07\/cropped-800x600px_Elamus-Bowling-logo.jpg\",\"contentUrl\":\"https:\/\/bowling.test.code-lab.it\/wp-content\/uploads\/2025\/07\/cropped-800x600px_Elamus-Bowling-logo.jpg\",\"width\":512,\"height\":512,\"caption\":\"Elamus Bowling\"},\"image\":{\"@id\":\"https:\/\/bowling.test.code-lab.it\/et\/#\/schema\/logo\/image\/\"}}]}<\/script>\n<!-- \/ Yoast SEO plugin. -->","yoast_head_json":{"title":"Broneerimine - Elamus Bowling","robots":{"index":"noindex","follow":"follow","max-snippet":"max-snippet:-1","max-image-preview":"max-image-preview:large","max-video-preview":"max-video-preview:-1"},"og_locale":"et_EE","og_type":"article","og_title":"Broneerimine - Elamus Bowling","og_url":"https:\/\/bowling.test.code-lab.it\/et\/broneerimine\/","og_site_name":"Elamus Bowling","article_modified_time":"2025-12-22T10:01:32+00:00","og_image":[{"width":2560,"height":1237,"url":"https:\/\/bowling.test.code-lab.it\/wp-content\/uploads\/2025\/08\/Elamus-Bowling-Pubi-LOGO-min-scaled.png","type":"image\/png"}],"twitter_card":"summary_large_image","schema":{"@context":"https:\/\/schema.org","@graph":[{"@type":"WebPage","@id":"https:\/\/bowling.test.code-lab.it\/et\/broneerimine\/","url":"https:\/\/bowling.test.code-lab.it\/et\/broneerimine\/","name":"Broneerimine - Elamus Bowling","isPartOf":{"@id":"https:\/\/bowling.test.code-lab.it\/et\/#website"},"datePublished":"2025-07-30T12:08:32+00:00","dateModified":"2025-12-22T10:01:32+00:00","breadcrumb":{"@id":"https:\/\/bowling.test.code-lab.it\/et\/broneerimine\/#breadcrumb"},"inLanguage":"et","potentialAction":[{"@type":"ReadAction","target":["https:\/\/bowling.test.code-lab.it\/et\/broneerimine\/"]}]},{"@type":"BreadcrumbList","@id":"https:\/\/bowling.test.code-lab.it\/et\/broneerimine\/#breadcrumb","itemListElement":[{"@type":"ListItem","position":1,"name":"Esileht","item":"https:\/\/bowling.test.code-lab.it\/et\/"},{"@type":"ListItem","position":2,"name":"Broneerimine"}]},{"@type":"WebSite","@id":"https:\/\/bowling.test.code-lab.it\/et\/#website","url":"https:\/\/bowling.test.code-lab.it\/et\/","name":"Elamus Bowling","description":"Uusim, Eesti suurim ja moodsaim bowlingusaal","publisher":{"@id":"https:\/\/bowling.test.code-lab.it\/et\/#organization"},"potentialAction":[{"@type":"SearchAction","target":{"@type":"EntryPoint","urlTemplate":"https:\/\/bowling.test.code-lab.it\/et\/?s={search_term_string}"},"query-input":{"@type":"PropertyValueSpecification","valueRequired":true,"valueName":"search_term_string"}}],"inLanguage":"et"},{"@type":"Organization","@id":"https:\/\/bowling.test.code-lab.it\/et\/#organization","name":"Elamus Bowling","url":"https:\/\/bowling.test.code-lab.it\/et\/","logo":{"@type":"ImageObject","inLanguage":"et","@id":"https:\/\/bowling.test.code-lab.it\/et\/#\/schema\/logo\/image\/","url":"https:\/\/bowling.test.code-lab.it\/wp-content\/uploads\/2025\/07\/cropped-800x600px_Elamus-Bowling-logo.jpg","contentUrl":"https:\/\/bowling.test.code-lab.it\/wp-content\/uploads\/2025\/07\/cropped-800x600px_Elamus-Bowling-logo.jpg","width":512,"height":512,"caption":"Elamus Bowling"},"image":{"@id":"https:\/\/bowling.test.code-lab.it\/et\/#\/schema\/logo\/image\/"}}]}},"uagb_featured_image_src":{"full":false,"thumbnail":false,"medium":false,"medium_large":false,"large":false,"woocommerce_thumbnail":false,"woocommerce_single":false,"woocommerce_gallery_thumbnail":false,"wc-pdf-product-vouchers-voucher-thumb":false},"uagb_author_info":{"display_name":"Reaktiiv","author_link":"https:\/\/bowling.test.code-lab.it\/et\/author\/reaktiiv\/"},"uagb_comment_info":0,"uagb_excerpt":null,"_links":{"self":[{"href":"https:\/\/bowling.test.code-lab.it\/et\/wp-json\/wp\/v2\/pages\/321","targetHints":{"allow":["GET"]}}],"collection":[{"href":"https:\/\/bowling.test.code-lab.it\/et\/wp-json\/wp\/v2\/pages"}],"about":[{"href":"https:\/\/bowling.test.code-lab.it\/et\/wp-json\/wp\/v2\/types\/page"}],"author":[{"embeddable":true,"href":"https:\/\/bowling.test.code-lab.it\/et\/wp-json\/wp\/v2\/users\/1"}],"replies":[{"embeddable":true,"href":"https:\/\/bowling.test.code-lab.it\/et\/wp-json\/wp\/v2\/comments?post=321"}],"version-history":[{"count":10,"href":"https:\/\/bowling.test.code-lab.it\/et\/wp-json\/wp\/v2\/pages\/321\/revisions"}],"predecessor-version":[{"id":14179,"href":"https:\/\/bowling.test.code-lab.it\/et\/wp-json\/wp\/v2\/pages\/321\/revisions\/14179"}],"wp:attachment":[{"href":"https:\/\/bowling.test.code-lab.it\/et\/wp-json\/wp\/v2\/media?parent=321"}],"curies":[{"name":"wp","href":"https:\/\/api.w.org\/{rel}","templated":true}]}}