{"id":14682,"date":"2025-12-31T10:04:18","date_gmt":"2025-12-31T07:04:18","guid":{"rendered":"https:\/\/bowling.test.code-lab.it\/?page_id=14682"},"modified":"2026-03-24T13:20:57","modified_gmt":"2026-03-24T10:20:57","slug":"seminar","status":"publish","type":"page","link":"https:\/\/bowling.test.code-lab.it\/et\/seminar\/","title":{"rendered":"Seminar"},"content":{"rendered":"<p>Elamus Bowlingus on eraldi klassistiilis 20-kohaline, teatristiilis 40-kohaline seminariruum, kus on kaasaegne esitlustehnika ja interneti\u00fchendus.<\/p>\n<p>P\u00e4eva saab meeleolukalt l\u00f5petada meeskondliku bowlingum\u00e4ngu v\u00f5i spaak\u00fclastusega. Bowlingurajad ja toitlustus tuleb broneerida ette.<\/p>\n<p>Broneering\u00a0<a href=\"mailto:info@elamusbowling.ee\">info@elamusbowling.ee<\/a>\u00a0<a href=\"tel:+372 6560646\">+372 6560646<\/a><\/p>\n<p>\t\t\t\t\t\t\t\t<a href=\"https:\/\/bowling.test.code-lab.it\/toode\/seminariruumi-rent\/\"><br \/>\n\t\t\t\t\t\t\t\t\tBroneeri<br \/>\n\t\t\t\t\t<\/a><br \/>\n\t\t\t\t\t\t\t\t\t\t\t\t\t\t\t\t\t\t\t<img fetchpriority=\"high\" decoding=\"async\" width=\"1024\" height=\"683\" src=\"https:\/\/bowling.test.code-lab.it\/wp-content\/uploads\/2026\/01\/elamus_bowling_pubi_seminar_koosolek-scaled-1.jpg\" alt=\"\" srcset=\"https:\/\/bowling.test.code-lab.it\/wp-content\/uploads\/2026\/01\/elamus_bowling_pubi_seminar_koosolek-scaled-1.jpg 2560w, https:\/\/bowling.test.code-lab.it\/wp-content\/uploads\/2026\/01\/elamus_bowling_pubi_seminar_koosolek-scaled-1-600x400.jpg 600w\" sizes=\"(max-width: 1024px) 100vw, 1024px\" \/><\/p>\n","protected":false},"excerpt":{"rendered":"Elamus Bowlingus on eraldi klassistiilis 20-kohaline, teatristiilis 40-kohaline seminariruum, kus on kaasaegne esitlustehnika ja interneti\u00fchendus. P\u00e4eva saab meeleolukalt l\u00f5petada meeskondliku bowlingum\u00e4ngu v\u00f5i spaak\u00fclastusega. Bowlingurajad ja toitlustus tuleb broneerida ette. Broneering\u00a0info@elamusbowling.ee\u00a0+372 6560646 Broneeri","protected":false},"author":5,"featured_media":0,"parent":0,"menu_order":0,"comment_status":"closed","ping_status":"closed","template":"","meta":{"_acf_changed":false,"_uag_custom_page_level_css":"","footnotes":""},"class_list":["post-14682","page","type-page","status-publish","hentry"],"acf":[],"yoast_head":"<!-- This site is optimized with the Yoast SEO plugin v25.6 - https:\/\/yoast.com\/wordpress\/plugins\/seo\/ -->\n<title>Seminar - Elamus Bowling<\/title>\n<meta name=\"robots\" content=\"noindex, follow, max-snippet:-1, max-image-preview:large, max-video-preview:-1\" \/>\n<meta property=\"og:locale\" content=\"et_EE\" \/>\n<meta property=\"og:type\" content=\"article\" \/>\n<meta property=\"og:title\" content=\"Seminar - Elamus Bowling\" \/>\n<meta property=\"og:description\" content=\"Elamus Bowlingus on eraldi klassistiilis 20-kohaline, teatristiilis 40-kohaline seminariruum, kus on kaasaegne esitlustehnika ja interneti\u00fchendus. P\u00e4eva saab meeleolukalt l\u00f5petada meeskondliku bowlingum\u00e4ngu v\u00f5i spaak\u00fclastusega. Bowlingurajad ja toitlustus tuleb broneerida ette. Broneering\u00a0info@elamusbowling.ee\u00a0+372 6560646 Broneeri\" \/>\n<meta property=\"og:url\" content=\"https:\/\/bowling.test.code-lab.it\/et\/seminar\/\" \/>\n<meta property=\"og:site_name\" content=\"Elamus Bowling\" \/>\n<meta property=\"article:modified_time\" content=\"2026-03-24T10:20:57+00:00\" \/>\n<meta property=\"og:image\" content=\"https:\/\/bowling.test.code-lab.it\/wp-content\/uploads\/2026\/01\/elamus_bowling_pubi_seminar_koosolek-scaled-1.jpg\" \/>\n\t<meta property=\"og:image:width\" content=\"2560\" \/>\n\t<meta property=\"og:image:height\" content=\"1707\" \/>\n\t<meta property=\"og:image:type\" content=\"image\/jpeg\" \/>\n<meta name=\"twitter:card\" content=\"summary_large_image\" \/>\n<meta name=\"twitter:label1\" content=\"Est. reading time\" \/>\n\t<meta name=\"twitter:data1\" content=\"1 minut\" \/>\n<script type=\"application\/ld+json\" class=\"yoast-schema-graph\">{\"@context\":\"https:\/\/schema.org\",\"@graph\":[{\"@type\":\"WebPage\",\"@id\":\"https:\/\/bowling.test.code-lab.it\/et\/seminar\/\",\"url\":\"https:\/\/bowling.test.code-lab.it\/et\/seminar\/\",\"name\":\"Seminar - Elamus Bowling\",\"isPartOf\":{\"@id\":\"https:\/\/bowling.test.code-lab.it\/et\/#website\"},\"primaryImageOfPage\":{\"@id\":\"https:\/\/bowling.test.code-lab.it\/et\/seminar\/#primaryimage\"},\"image\":{\"@id\":\"https:\/\/bowling.test.code-lab.it\/et\/seminar\/#primaryimage\"},\"thumbnailUrl\":\"https:\/\/bowling.test.code-lab.it\/wp-content\/uploads\/2026\/01\/elamus_bowling_pubi_seminar_koosolek-scaled-1.jpg\",\"datePublished\":\"2025-12-31T07:04:18+00:00\",\"dateModified\":\"2026-03-24T10:20:57+00:00\",\"breadcrumb\":{\"@id\":\"https:\/\/bowling.test.code-lab.it\/et\/seminar\/#breadcrumb\"},\"inLanguage\":\"et\",\"potentialAction\":[{\"@type\":\"ReadAction\",\"target\":[\"https:\/\/bowling.test.code-lab.it\/et\/seminar\/\"]}]},{\"@type\":\"ImageObject\",\"inLanguage\":\"et\",\"@id\":\"https:\/\/bowling.test.code-lab.it\/et\/seminar\/#primaryimage\",\"url\":\"https:\/\/bowling.test.code-lab.it\/wp-content\/uploads\/2026\/01\/elamus_bowling_pubi_seminar_koosolek-scaled-1.jpg\",\"contentUrl\":\"https:\/\/bowling.test.code-lab.it\/wp-content\/uploads\/2026\/01\/elamus_bowling_pubi_seminar_koosolek-scaled-1.jpg\"},{\"@type\":\"BreadcrumbList\",\"@id\":\"https:\/\/bowling.test.code-lab.it\/et\/seminar\/#breadcrumb\",\"itemListElement\":[{\"@type\":\"ListItem\",\"position\":1,\"name\":\"Esileht\",\"item\":\"https:\/\/bowling.test.code-lab.it\/et\/\"},{\"@type\":\"ListItem\",\"position\":2,\"name\":\"Seminar\"}]},{\"@type\":\"WebSite\",\"@id\":\"https:\/\/bowling.test.code-lab.it\/et\/#website\",\"url\":\"https:\/\/bowling.test.code-lab.it\/et\/\",\"name\":\"Elamus Bowling\",\"description\":\"Uusim, Eesti suurim ja moodsaim bowlingusaal\",\"publisher\":{\"@id\":\"https:\/\/bowling.test.code-lab.it\/et\/#organization\"},\"potentialAction\":[{\"@type\":\"SearchAction\",\"target\":{\"@type\":\"EntryPoint\",\"urlTemplate\":\"https:\/\/bowling.test.code-lab.it\/et\/?s={search_term_string}\"},\"query-input\":{\"@type\":\"PropertyValueSpecification\",\"valueRequired\":true,\"valueName\":\"search_term_string\"}}],\"inLanguage\":\"et\"},{\"@type\":\"Organization\",\"@id\":\"https:\/\/bowling.test.code-lab.it\/et\/#organization\",\"name\":\"Elamus Bowling\",\"url\":\"https:\/\/bowling.test.code-lab.it\/et\/\",\"logo\":{\"@type\":\"ImageObject\",\"inLanguage\":\"et\",\"@id\":\"https:\/\/bowling.test.code-lab.it\/et\/#\/schema\/logo\/image\/\",\"url\":\"https:\/\/bowling.test.code-lab.it\/wp-content\/uploads\/2025\/07\/cropped-800x600px_Elamus-Bowling-logo.jpg\",\"contentUrl\":\"https:\/\/bowling.test.code-lab.it\/wp-content\/uploads\/2025\/07\/cropped-800x600px_Elamus-Bowling-logo.jpg\",\"width\":512,\"height\":512,\"caption\":\"Elamus Bowling\"},\"image\":{\"@id\":\"https:\/\/bowling.test.code-lab.it\/et\/#\/schema\/logo\/image\/\"}}]}<\/script>\n<!-- \/ Yoast SEO plugin. -->","yoast_head_json":{"title":"Seminar - Elamus Bowling","robots":{"index":"noindex","follow":"follow","max-snippet":"max-snippet:-1","max-image-preview":"max-image-preview:large","max-video-preview":"max-video-preview:-1"},"og_locale":"et_EE","og_type":"article","og_title":"Seminar - Elamus Bowling","og_description":"Elamus Bowlingus on eraldi klassistiilis 20-kohaline, teatristiilis 40-kohaline seminariruum, kus on kaasaegne esitlustehnika ja interneti\u00fchendus. P\u00e4eva saab meeleolukalt l\u00f5petada meeskondliku bowlingum\u00e4ngu v\u00f5i spaak\u00fclastusega. Bowlingurajad ja toitlustus tuleb broneerida ette. Broneering\u00a0info@elamusbowling.ee\u00a0+372 6560646 Broneeri","og_url":"https:\/\/bowling.test.code-lab.it\/et\/seminar\/","og_site_name":"Elamus Bowling","article_modified_time":"2026-03-24T10:20:57+00:00","og_image":[{"width":2560,"height":1707,"url":"https:\/\/bowling.test.code-lab.it\/wp-content\/uploads\/2026\/01\/elamus_bowling_pubi_seminar_koosolek-scaled-1.jpg","type":"image\/jpeg"}],"twitter_card":"summary_large_image","twitter_misc":{"Est. reading time":"1 minut"},"schema":{"@context":"https:\/\/schema.org","@graph":[{"@type":"WebPage","@id":"https:\/\/bowling.test.code-lab.it\/et\/seminar\/","url":"https:\/\/bowling.test.code-lab.it\/et\/seminar\/","name":"Seminar - Elamus Bowling","isPartOf":{"@id":"https:\/\/bowling.test.code-lab.it\/et\/#website"},"primaryImageOfPage":{"@id":"https:\/\/bowling.test.code-lab.it\/et\/seminar\/#primaryimage"},"image":{"@id":"https:\/\/bowling.test.code-lab.it\/et\/seminar\/#primaryimage"},"thumbnailUrl":"https:\/\/bowling.test.code-lab.it\/wp-content\/uploads\/2026\/01\/elamus_bowling_pubi_seminar_koosolek-scaled-1.jpg","datePublished":"2025-12-31T07:04:18+00:00","dateModified":"2026-03-24T10:20:57+00:00","breadcrumb":{"@id":"https:\/\/bowling.test.code-lab.it\/et\/seminar\/#breadcrumb"},"inLanguage":"et","potentialAction":[{"@type":"ReadAction","target":["https:\/\/bowling.test.code-lab.it\/et\/seminar\/"]}]},{"@type":"ImageObject","inLanguage":"et","@id":"https:\/\/bowling.test.code-lab.it\/et\/seminar\/#primaryimage","url":"https:\/\/bowling.test.code-lab.it\/wp-content\/uploads\/2026\/01\/elamus_bowling_pubi_seminar_koosolek-scaled-1.jpg","contentUrl":"https:\/\/bowling.test.code-lab.it\/wp-content\/uploads\/2026\/01\/elamus_bowling_pubi_seminar_koosolek-scaled-1.jpg"},{"@type":"BreadcrumbList","@id":"https:\/\/bowling.test.code-lab.it\/et\/seminar\/#breadcrumb","itemListElement":[{"@type":"ListItem","position":1,"name":"Esileht","item":"https:\/\/bowling.test.code-lab.it\/et\/"},{"@type":"ListItem","position":2,"name":"Seminar"}]},{"@type":"WebSite","@id":"https:\/\/bowling.test.code-lab.it\/et\/#website","url":"https:\/\/bowling.test.code-lab.it\/et\/","name":"Elamus Bowling","description":"Uusim, Eesti suurim ja moodsaim bowlingusaal","publisher":{"@id":"https:\/\/bowling.test.code-lab.it\/et\/#organization"},"potentialAction":[{"@type":"SearchAction","target":{"@type":"EntryPoint","urlTemplate":"https:\/\/bowling.test.code-lab.it\/et\/?s={search_term_string}"},"query-input":{"@type":"PropertyValueSpecification","valueRequired":true,"valueName":"search_term_string"}}],"inLanguage":"et"},{"@type":"Organization","@id":"https:\/\/bowling.test.code-lab.it\/et\/#organization","name":"Elamus Bowling","url":"https:\/\/bowling.test.code-lab.it\/et\/","logo":{"@type":"ImageObject","inLanguage":"et","@id":"https:\/\/bowling.test.code-lab.it\/et\/#\/schema\/logo\/image\/","url":"https:\/\/bowling.test.code-lab.it\/wp-content\/uploads\/2025\/07\/cropped-800x600px_Elamus-Bowling-logo.jpg","contentUrl":"https:\/\/bowling.test.code-lab.it\/wp-content\/uploads\/2025\/07\/cropped-800x600px_Elamus-Bowling-logo.jpg","width":512,"height":512,"caption":"Elamus Bowling"},"image":{"@id":"https:\/\/bowling.test.code-lab.it\/et\/#\/schema\/logo\/image\/"}}]}},"uagb_featured_image_src":{"full":false,"thumbnail":false,"medium":false,"medium_large":false,"large":false,"woocommerce_thumbnail":false,"woocommerce_single":false,"woocommerce_gallery_thumbnail":false,"wc-pdf-product-vouchers-voucher-thumb":false},"uagb_author_info":{"display_name":"Hanna-Liisa Vilms","author_link":"https:\/\/bowling.test.code-lab.it\/et\/author\/hannaliisacodelive-ee\/"},"uagb_comment_info":0,"uagb_excerpt":"Elamus Bowlingus on eraldi klassistiilis 20-kohaline, teatristiilis 40-kohaline seminariruum, kus on kaasaegne esitlustehnika ja interneti\u00fchendus. P\u00e4eva saab meeleolukalt l\u00f5petada meeskondliku bowlingum\u00e4ngu v\u00f5i spaak\u00fclastusega. Bowlingurajad ja toitlustus tuleb broneerida ette. Broneering\u00a0info@elamusbowling.ee\u00a0+372 6560646 Broneeri","_links":{"self":[{"href":"https:\/\/bowling.test.code-lab.it\/et\/wp-json\/wp\/v2\/pages\/14682","targetHints":{"allow":["GET"]}}],"collection":[{"href":"https:\/\/bowling.test.code-lab.it\/et\/wp-json\/wp\/v2\/pages"}],"about":[{"href":"https:\/\/bowling.test.code-lab.it\/et\/wp-json\/wp\/v2\/types\/page"}],"author":[{"embeddable":true,"href":"https:\/\/bowling.test.code-lab.it\/et\/wp-json\/wp\/v2\/users\/5"}],"replies":[{"embeddable":true,"href":"https:\/\/bowling.test.code-lab.it\/et\/wp-json\/wp\/v2\/comments?post=14682"}],"version-history":[{"count":5,"href":"https:\/\/bowling.test.code-lab.it\/et\/wp-json\/wp\/v2\/pages\/14682\/revisions"}],"predecessor-version":[{"id":16175,"href":"https:\/\/bowling.test.code-lab.it\/et\/wp-json\/wp\/v2\/pages\/14682\/revisions\/16175"}],"wp:attachment":[{"href":"https:\/\/bowling.test.code-lab.it\/et\/wp-json\/wp\/v2\/media?parent=14682"}],"curies":[{"name":"wp","href":"https:\/\/api.w.org\/{rel}","templated":true}]}}