{"id":13762,"date":"2026-02-04T17:04:08","date_gmt":"2026-02-04T14:04:08","guid":{"rendered":"https:\/\/elamusbowling.ee\/?page_id=13762"},"modified":"2026-02-04T17:04:08","modified_gmt":"2026-02-04T14:04:08","slug":"eratreener","status":"publish","type":"page","link":"https:\/\/bowling.test.code-lab.it\/et\/eratreener\/","title":{"rendered":"Eratreener"},"content":{"rendered":"\n<p>Meie bowlingu treeningud sobivad nii algajale kui ka edasij\u00f5udnule!<br>\u00d5pid \u00f5iget tehnikat, parandad t\u00e4psust ja kasvatad enesekindlust rajal. Treeningud toimuvad juhendaja k\u00e4e all ja m\u00f5nusas seltskonnas. <\/p>\n\n\n\n<p>Treeneritega ajad on kokkuleppel ja lisa info saamiseks saata email <a href=\"mailto:info@elamusbowling.ee\">info@elamusbowling.ee<\/a><\/p>\n\n\n\n<p>Kert Truus on Euroopa tasemel tippsportlane ja treener, kelle saavutuste hulka kuuluvad kuus Eesti meistritiitlit, Euroopa juunioride meistritiitel ning valdav osa Eesti bowlingu rekorditest. Ta on esindanud Eestit enam kui kahek\u00fcmnes riigis \u00fcle maailma. Kert on oma elu spordile p\u00fchendunud ja jagab oma teadmisi ning kogemusi nii professionaalsetele sportlastele kui ka uutele huvilistele, pakkudes koolitusi ja treeninguid, mis aitavad areneda nii vaimselt kui f\u00fc\u00fcsiliselt.<\/p>\n\n\n\n<div class=\"wp-block-group\">\n<figure class=\"wp-block-gallery has-nested-images columns-default is-cropped wp-block-gallery-1\">\n<figure class=\"wp-block-image size-full\"><img decoding=\"async\" data-id=\"13769\" src=\"https:\/\/elamusbowling.ee\/wp-content\/uploads\/2026\/02\/Elamus_bowling_Pubi_Kert-Truus.jpg\" alt=\"\" class=\"wp-image-13769\"\/><\/figure>\n<\/figure>\n<\/div>\n\n\n\n<p>Tarmo Kast on aktiivne bowlingu m\u00e4ngija ja entusiast, bowlinguga on tegelenud 7 aastat ja viimased 5 aastat tegelenud laste treenimisega Raplas. 3 aastat tagasi l\u00e4bis EBF (European Bowling Federation) level 1 treeningu.<\/p>\n\n\n","protected":false},"excerpt":{"rendered":"Meie bowlingu treeningud sobivad nii algajale kui ka edasij\u00f5udnule!\u00d5pid \u00f5iget tehnikat, parandad t\u00e4psust ja kasvatad enesekindlust rajal. Treeningud toimuvad juhendaja k\u00e4e all ja m\u00f5nusas seltskonnas. Treeneritega ajad on kokkuleppel ja lisa info saamiseks saata email info@elamusbowling.ee Kert Truus on Euroopa tasemel tippsportlane ja treener, kelle saavutuste hulka kuuluvad kuus Eesti meistritiitlit, Euroopa juunioride meistritiitel ning [&hellip;]","protected":false},"author":2,"featured_media":0,"parent":0,"menu_order":0,"comment_status":"closed","ping_status":"closed","template":"","meta":{"_acf_changed":false,"_uag_custom_page_level_css":"","footnotes":""},"class_list":["post-13762","page","type-page","status-publish","hentry"],"acf":[],"yoast_head":"<!-- This site is optimized with the Yoast SEO plugin v25.6 - https:\/\/yoast.com\/wordpress\/plugins\/seo\/ -->\n<title>Eratreener - Elamus Bowling<\/title>\n<meta name=\"robots\" content=\"noindex, follow, max-snippet:-1, max-image-preview:large, max-video-preview:-1\" \/>\n<meta property=\"og:locale\" content=\"et_EE\" \/>\n<meta property=\"og:type\" content=\"article\" \/>\n<meta property=\"og:title\" content=\"Eratreener - Elamus Bowling\" \/>\n<meta property=\"og:description\" content=\"Meie bowlingu treeningud sobivad nii algajale kui ka edasij\u00f5udnule!\u00d5pid \u00f5iget tehnikat, parandad t\u00e4psust ja kasvatad enesekindlust rajal. Treeningud toimuvad juhendaja k\u00e4e all ja m\u00f5nusas seltskonnas. Treeneritega ajad on kokkuleppel ja lisa info saamiseks saata email info@elamusbowling.ee Kert Truus on Euroopa tasemel tippsportlane ja treener, kelle saavutuste hulka kuuluvad kuus Eesti meistritiitlit, Euroopa juunioride meistritiitel ning [&hellip;]\" \/>\n<meta property=\"og:url\" content=\"https:\/\/bowling.test.code-lab.it\/et\/eratreener\/\" \/>\n<meta property=\"og:site_name\" content=\"Elamus Bowling\" \/>\n<meta property=\"og:image\" content=\"https:\/\/bowling.test.code-lab.it\/wp-content\/uploads\/2025\/08\/Elamus-Bowling-Pubi-LOGO-min-scaled.png\" \/>\n\t<meta property=\"og:image:width\" content=\"2560\" \/>\n\t<meta property=\"og:image:height\" content=\"1237\" \/>\n\t<meta property=\"og:image:type\" content=\"image\/png\" \/>\n<meta name=\"twitter:card\" content=\"summary_large_image\" \/>\n<meta name=\"twitter:label1\" content=\"Est. reading time\" \/>\n\t<meta name=\"twitter:data1\" content=\"2 minutit\" \/>\n<script type=\"application\/ld+json\" class=\"yoast-schema-graph\">{\"@context\":\"https:\/\/schema.org\",\"@graph\":[{\"@type\":\"WebPage\",\"@id\":\"https:\/\/bowling.test.code-lab.it\/et\/eratreener\/\",\"url\":\"https:\/\/bowling.test.code-lab.it\/et\/eratreener\/\",\"name\":\"Eratreener - Elamus Bowling\",\"isPartOf\":{\"@id\":\"https:\/\/bowling.test.code-lab.it\/et\/#website\"},\"primaryImageOfPage\":{\"@id\":\"https:\/\/bowling.test.code-lab.it\/et\/eratreener\/#primaryimage\"},\"image\":{\"@id\":\"https:\/\/bowling.test.code-lab.it\/et\/eratreener\/#primaryimage\"},\"thumbnailUrl\":\"https:\/\/elamusbowling.ee\/wp-content\/uploads\/2026\/02\/Elamus_bowling_Pubi_Kert-Truus.jpg\",\"datePublished\":\"2026-02-04T14:04:08+00:00\",\"breadcrumb\":{\"@id\":\"https:\/\/bowling.test.code-lab.it\/et\/eratreener\/#breadcrumb\"},\"inLanguage\":\"et\",\"potentialAction\":[{\"@type\":\"ReadAction\",\"target\":[\"https:\/\/bowling.test.code-lab.it\/et\/eratreener\/\"]}]},{\"@type\":\"ImageObject\",\"inLanguage\":\"et\",\"@id\":\"https:\/\/bowling.test.code-lab.it\/et\/eratreener\/#primaryimage\",\"url\":\"https:\/\/elamusbowling.ee\/wp-content\/uploads\/2026\/02\/Elamus_bowling_Pubi_Kert-Truus.jpg\",\"contentUrl\":\"https:\/\/elamusbowling.ee\/wp-content\/uploads\/2026\/02\/Elamus_bowling_Pubi_Kert-Truus.jpg\"},{\"@type\":\"BreadcrumbList\",\"@id\":\"https:\/\/bowling.test.code-lab.it\/et\/eratreener\/#breadcrumb\",\"itemListElement\":[{\"@type\":\"ListItem\",\"position\":1,\"name\":\"Esileht\",\"item\":\"https:\/\/bowling.test.code-lab.it\/et\/\"},{\"@type\":\"ListItem\",\"position\":2,\"name\":\"Eratreener\"}]},{\"@type\":\"WebSite\",\"@id\":\"https:\/\/bowling.test.code-lab.it\/et\/#website\",\"url\":\"https:\/\/bowling.test.code-lab.it\/et\/\",\"name\":\"Elamus Bowling\",\"description\":\"Uusim, Eesti suurim ja moodsaim bowlingusaal\",\"publisher\":{\"@id\":\"https:\/\/bowling.test.code-lab.it\/et\/#organization\"},\"potentialAction\":[{\"@type\":\"SearchAction\",\"target\":{\"@type\":\"EntryPoint\",\"urlTemplate\":\"https:\/\/bowling.test.code-lab.it\/et\/?s={search_term_string}\"},\"query-input\":{\"@type\":\"PropertyValueSpecification\",\"valueRequired\":true,\"valueName\":\"search_term_string\"}}],\"inLanguage\":\"et\"},{\"@type\":\"Organization\",\"@id\":\"https:\/\/bowling.test.code-lab.it\/et\/#organization\",\"name\":\"Elamus Bowling\",\"url\":\"https:\/\/bowling.test.code-lab.it\/et\/\",\"logo\":{\"@type\":\"ImageObject\",\"inLanguage\":\"et\",\"@id\":\"https:\/\/bowling.test.code-lab.it\/et\/#\/schema\/logo\/image\/\",\"url\":\"https:\/\/bowling.test.code-lab.it\/wp-content\/uploads\/2025\/07\/cropped-800x600px_Elamus-Bowling-logo.jpg\",\"contentUrl\":\"https:\/\/bowling.test.code-lab.it\/wp-content\/uploads\/2025\/07\/cropped-800x600px_Elamus-Bowling-logo.jpg\",\"width\":512,\"height\":512,\"caption\":\"Elamus Bowling\"},\"image\":{\"@id\":\"https:\/\/bowling.test.code-lab.it\/et\/#\/schema\/logo\/image\/\"}}]}<\/script>\n<!-- \/ Yoast SEO plugin. -->","yoast_head_json":{"title":"Eratreener - Elamus Bowling","robots":{"index":"noindex","follow":"follow","max-snippet":"max-snippet:-1","max-image-preview":"max-image-preview:large","max-video-preview":"max-video-preview:-1"},"og_locale":"et_EE","og_type":"article","og_title":"Eratreener - Elamus Bowling","og_description":"Meie bowlingu treeningud sobivad nii algajale kui ka edasij\u00f5udnule!\u00d5pid \u00f5iget tehnikat, parandad t\u00e4psust ja kasvatad enesekindlust rajal. Treeningud toimuvad juhendaja k\u00e4e all ja m\u00f5nusas seltskonnas. Treeneritega ajad on kokkuleppel ja lisa info saamiseks saata email info@elamusbowling.ee Kert Truus on Euroopa tasemel tippsportlane ja treener, kelle saavutuste hulka kuuluvad kuus Eesti meistritiitlit, Euroopa juunioride meistritiitel ning [&hellip;]","og_url":"https:\/\/bowling.test.code-lab.it\/et\/eratreener\/","og_site_name":"Elamus Bowling","og_image":[{"width":2560,"height":1237,"url":"https:\/\/bowling.test.code-lab.it\/wp-content\/uploads\/2025\/08\/Elamus-Bowling-Pubi-LOGO-min-scaled.png","type":"image\/png"}],"twitter_card":"summary_large_image","twitter_misc":{"Est. reading time":"2 minutit"},"schema":{"@context":"https:\/\/schema.org","@graph":[{"@type":"WebPage","@id":"https:\/\/bowling.test.code-lab.it\/et\/eratreener\/","url":"https:\/\/bowling.test.code-lab.it\/et\/eratreener\/","name":"Eratreener - Elamus Bowling","isPartOf":{"@id":"https:\/\/bowling.test.code-lab.it\/et\/#website"},"primaryImageOfPage":{"@id":"https:\/\/bowling.test.code-lab.it\/et\/eratreener\/#primaryimage"},"image":{"@id":"https:\/\/bowling.test.code-lab.it\/et\/eratreener\/#primaryimage"},"thumbnailUrl":"https:\/\/elamusbowling.ee\/wp-content\/uploads\/2026\/02\/Elamus_bowling_Pubi_Kert-Truus.jpg","datePublished":"2026-02-04T14:04:08+00:00","breadcrumb":{"@id":"https:\/\/bowling.test.code-lab.it\/et\/eratreener\/#breadcrumb"},"inLanguage":"et","potentialAction":[{"@type":"ReadAction","target":["https:\/\/bowling.test.code-lab.it\/et\/eratreener\/"]}]},{"@type":"ImageObject","inLanguage":"et","@id":"https:\/\/bowling.test.code-lab.it\/et\/eratreener\/#primaryimage","url":"https:\/\/elamusbowling.ee\/wp-content\/uploads\/2026\/02\/Elamus_bowling_Pubi_Kert-Truus.jpg","contentUrl":"https:\/\/elamusbowling.ee\/wp-content\/uploads\/2026\/02\/Elamus_bowling_Pubi_Kert-Truus.jpg"},{"@type":"BreadcrumbList","@id":"https:\/\/bowling.test.code-lab.it\/et\/eratreener\/#breadcrumb","itemListElement":[{"@type":"ListItem","position":1,"name":"Esileht","item":"https:\/\/bowling.test.code-lab.it\/et\/"},{"@type":"ListItem","position":2,"name":"Eratreener"}]},{"@type":"WebSite","@id":"https:\/\/bowling.test.code-lab.it\/et\/#website","url":"https:\/\/bowling.test.code-lab.it\/et\/","name":"Elamus Bowling","description":"Uusim, Eesti suurim ja moodsaim bowlingusaal","publisher":{"@id":"https:\/\/bowling.test.code-lab.it\/et\/#organization"},"potentialAction":[{"@type":"SearchAction","target":{"@type":"EntryPoint","urlTemplate":"https:\/\/bowling.test.code-lab.it\/et\/?s={search_term_string}"},"query-input":{"@type":"PropertyValueSpecification","valueRequired":true,"valueName":"search_term_string"}}],"inLanguage":"et"},{"@type":"Organization","@id":"https:\/\/bowling.test.code-lab.it\/et\/#organization","name":"Elamus Bowling","url":"https:\/\/bowling.test.code-lab.it\/et\/","logo":{"@type":"ImageObject","inLanguage":"et","@id":"https:\/\/bowling.test.code-lab.it\/et\/#\/schema\/logo\/image\/","url":"https:\/\/bowling.test.code-lab.it\/wp-content\/uploads\/2025\/07\/cropped-800x600px_Elamus-Bowling-logo.jpg","contentUrl":"https:\/\/bowling.test.code-lab.it\/wp-content\/uploads\/2025\/07\/cropped-800x600px_Elamus-Bowling-logo.jpg","width":512,"height":512,"caption":"Elamus Bowling"},"image":{"@id":"https:\/\/bowling.test.code-lab.it\/et\/#\/schema\/logo\/image\/"}}]}},"uagb_featured_image_src":{"full":false,"thumbnail":false,"medium":false,"medium_large":false,"large":false,"woocommerce_thumbnail":false,"woocommerce_single":false,"woocommerce_gallery_thumbnail":false,"wc-pdf-product-vouchers-voucher-thumb":false},"uagb_author_info":{"display_name":"Elin","author_link":"https:\/\/bowling.test.code-lab.it\/et\/author\/elin\/"},"uagb_comment_info":0,"uagb_excerpt":"Meie bowlingu treeningud sobivad nii algajale kui ka edasij\u00f5udnule!\u00d5pid \u00f5iget tehnikat, parandad t\u00e4psust ja kasvatad enesekindlust rajal. Treeningud toimuvad juhendaja k\u00e4e all ja m\u00f5nusas seltskonnas. Treeneritega ajad on kokkuleppel ja lisa info saamiseks saata email info@elamusbowling.ee Kert Truus on Euroopa tasemel tippsportlane ja treener, kelle saavutuste hulka kuuluvad kuus Eesti meistritiitlit, Euroopa juunioride meistritiitel ning&hellip;","_links":{"self":[{"href":"https:\/\/bowling.test.code-lab.it\/et\/wp-json\/wp\/v2\/pages\/13762","targetHints":{"allow":["GET"]}}],"collection":[{"href":"https:\/\/bowling.test.code-lab.it\/et\/wp-json\/wp\/v2\/pages"}],"about":[{"href":"https:\/\/bowling.test.code-lab.it\/et\/wp-json\/wp\/v2\/types\/page"}],"author":[{"embeddable":true,"href":"https:\/\/bowling.test.code-lab.it\/et\/wp-json\/wp\/v2\/users\/2"}],"replies":[{"embeddable":true,"href":"https:\/\/bowling.test.code-lab.it\/et\/wp-json\/wp\/v2\/comments?post=13762"}],"version-history":[{"count":0,"href":"https:\/\/bowling.test.code-lab.it\/et\/wp-json\/wp\/v2\/pages\/13762\/revisions"}],"wp:attachment":[{"href":"https:\/\/bowling.test.code-lab.it\/et\/wp-json\/wp\/v2\/media?parent=13762"}],"curies":[{"name":"wp","href":"https:\/\/api.w.org\/{rel}","templated":true}]}}