{"id":13707,"date":"2026-01-28T23:57:04","date_gmt":"2026-01-28T20:57:04","guid":{"rendered":"https:\/\/elamusbowling.ee\/?page_id=13707"},"modified":"2026-03-25T17:31:10","modified_gmt":"2026-03-25T14:31:10","slug":"lastele","status":"publish","type":"page","link":"https:\/\/bowling.test.code-lab.it\/et\/lastele\/","title":{"rendered":"Koolidele\/lasteaedadele"},"content":{"rendered":"\n<p>Elamus Spa ja Elamus Bowling &amp; Pubi ootavad k\u00f5ikide koolide klasse bowlingut m\u00e4ngima veebruarist maini kell 10.00-16.00.<br>Bowlingurada 6-le on hinnaga 13.90! Bowlingu jalan\u00f5ud tasuta rendiga.<br>\ud83c\udfb3 Koolid v\u00f5istlevad kolmes v\u00f5istlusr\u00fchmas &#8211; alg-, p\u00f5hiklass ja g\u00fcmnaasium.<br>\ud83c\udfb3 V\u00f5istlusperioodi jooksul v\u00e4hemalt 2 k\u00fclastust klassi poolt<br>\ud83c\udfb3 Iga v\u00f5istlusr\u00fchma parim klass v\u00f5idab tasuta spaak\u00fclastuse<\/p>\n\n\n\n<p>Reglement <a href=\"https:\/\/docs.google.com\/document\/d\/1bdWRbw70jF3pgVs7pWsn6CGJpmscTpf8\/edit?usp=sharing&amp;ouid=108712261308637875664&amp;rtpof=true&amp;sd=true\">v\u00f5istlusteks SIIT<\/a><\/p>\n\n\n\n<p>Broneeri <a href=\"helen@elamusbowling.ee\">helen@elamusbowling.ee <\/a>; 656 0646<\/p>\n\n\n\n<p>Elamus Bowling &amp; Pubi ja Premia j\u00e4\u00e4tis ootavad bowlingut m\u00e4ngima k\u00f5iki lasteaiar\u00fchmasid esmasp\u00e4evast reedeni kell 10.00-16.00.<br>Bowlingurada 6-le on hinnaga 13.90! Bowlingu jalan\u00f5ud tasuta rendiga.<br>Igale bowlingum\u00e4ngijale on TASUTA Premia j\u00e4\u00e4tis!<\/p>\n\n\n\n<p>Broneeri <a href=\"mailto:karin@elamusspa.ee\">karin@elamusspa.ee<\/a> ; 53489749<\/p>\n\n\n\n<div class=\"wp-block-group d-flex test\"><div class=\"wp-block-group__inner-container\">\n<div class=\"wp-block-uagb-container uagb-layout-grid uagb-block-b530b567 default uagb-is-root-container\">\n<div class=\"wp-block-columns are-vertically-aligned-center test2\">\n<div class=\"wp-block-column is-vertically-aligned-center\" style=\"flex-basis:100%\">\n<figure class=\"wp-block-gallery has-nested-images columns-default is-cropped d-flex wp-block-gallery-1\">\n<figure class=\"wp-block-image size-large test3\"><img decoding=\"async\" data-id=\"13714\" src=\"https:\/\/elamusbowling.ee\/wp-content\/uploads\/2026\/01\/elamus_bowling_Voida-spaa-kogu-klassile-JAAN2026.jpg\" alt=\"\" class=\"wp-image-13714\"\/><\/figure>\n\n\n\n<figure class=\"wp-block-image size-large\"><img decoding=\"async\" data-id=\"13750\" src=\"https:\/\/elamusbowling.ee\/wp-content\/uploads\/2026\/02\/Premia70_logo_color-1.png\" alt=\"\" class=\"wp-image-13750\"\/><\/figure>\n\n\n\n<figure class=\"wp-block-image size-large\"><img decoding=\"async\" data-id=\"13722\" src=\"https:\/\/elamusbowling.ee\/wp-content\/uploads\/2026\/01\/ElamusSpaIsadepaev2025-78-scaled.jpg\" alt=\"\" class=\"wp-image-13722\"\/><\/figure>\n<\/figure>\n<\/div>\n<\/div>\n<\/div>\n<\/div><\/div>\n\n\n\n<p><\/p>\n","protected":false},"excerpt":{"rendered":"Elamus Spa ja Elamus Bowling &amp; Pubi ootavad k\u00f5ikide koolide klasse bowlingut m\u00e4ngima veebruarist maini kell 10.00-16.00.Bowlingurada 6-le on hinnaga 13.90! Bowlingu jalan\u00f5ud tasuta rendiga.\ud83c\udfb3 Koolid v\u00f5istlevad kolmes v\u00f5istlusr\u00fchmas &#8211; alg-, p\u00f5hiklass ja g\u00fcmnaasium.\ud83c\udfb3 V\u00f5istlusperioodi jooksul v\u00e4hemalt 2 k\u00fclastust klassi poolt\ud83c\udfb3 Iga v\u00f5istlusr\u00fchma parim klass v\u00f5idab tasuta spaak\u00fclastuse Reglement v\u00f5istlusteks SIIT Broneeri helen@elamusbowling.ee ; 656 [&hellip;]","protected":false},"author":2,"featured_media":0,"parent":0,"menu_order":0,"comment_status":"closed","ping_status":"closed","template":"","meta":{"_acf_changed":false,"_uag_custom_page_level_css":"","footnotes":""},"class_list":["post-13707","page","type-page","status-publish","hentry"],"acf":[],"yoast_head":"<!-- This site is optimized with the Yoast SEO plugin v25.6 - https:\/\/yoast.com\/wordpress\/plugins\/seo\/ -->\n<title>Koolidele\/lasteaedadele - Elamus Bowling<\/title>\n<meta name=\"description\" content=\"Elamus Bowling &amp; Pubi ootavad k\u00f5ikide koolide klasse ja lasteaedu bowlingut m\u00e4ngima veebruarist maini kell 10.00-16.00. Koolidele v\u00f5istlus, lasteaedadele tasuta j\u00e4\u00e4tis!\" \/>\n<meta name=\"robots\" content=\"noindex, follow, max-snippet:-1, max-image-preview:large, max-video-preview:-1\" \/>\n<meta property=\"og:locale\" content=\"et_EE\" \/>\n<meta property=\"og:type\" content=\"article\" \/>\n<meta property=\"og:title\" content=\"Koolidele\/lasteaedadele - Elamus Bowling\" \/>\n<meta property=\"og:description\" content=\"Elamus Bowling &amp; Pubi ootavad k\u00f5ikide koolide klasse ja lasteaedu bowlingut m\u00e4ngima veebruarist maini kell 10.00-16.00. Koolidele v\u00f5istlus, lasteaedadele tasuta j\u00e4\u00e4tis!\" \/>\n<meta property=\"og:url\" content=\"https:\/\/bowling.test.code-lab.it\/et\/lastele\/\" \/>\n<meta property=\"og:site_name\" content=\"Elamus Bowling\" \/>\n<meta property=\"article:modified_time\" content=\"2026-03-25T14:31:10+00:00\" \/>\n<meta property=\"og:image\" content=\"https:\/\/bowling.test.code-lab.it\/wp-content\/uploads\/2025\/08\/Elamus-Bowling-Pubi-LOGO-min-scaled.png\" \/>\n\t<meta property=\"og:image:width\" content=\"2560\" \/>\n\t<meta property=\"og:image:height\" content=\"1237\" \/>\n\t<meta property=\"og:image:type\" content=\"image\/png\" \/>\n<meta name=\"twitter:card\" content=\"summary_large_image\" \/>\n<meta name=\"twitter:label1\" content=\"Est. reading time\" \/>\n\t<meta name=\"twitter:data1\" content=\"2 minutit\" \/>\n<script type=\"application\/ld+json\" class=\"yoast-schema-graph\">{\"@context\":\"https:\/\/schema.org\",\"@graph\":[{\"@type\":\"WebPage\",\"@id\":\"https:\/\/bowling.test.code-lab.it\/et\/lastele\/\",\"url\":\"https:\/\/bowling.test.code-lab.it\/et\/lastele\/\",\"name\":\"Koolidele\/lasteaedadele - Elamus Bowling\",\"isPartOf\":{\"@id\":\"https:\/\/bowling.test.code-lab.it\/et\/#website\"},\"primaryImageOfPage\":{\"@id\":\"https:\/\/bowling.test.code-lab.it\/et\/lastele\/#primaryimage\"},\"image\":{\"@id\":\"https:\/\/bowling.test.code-lab.it\/et\/lastele\/#primaryimage\"},\"thumbnailUrl\":\"https:\/\/elamusbowling.ee\/wp-content\/uploads\/2026\/01\/elamus_bowling_Voida-spaa-kogu-klassile-JAAN2026.jpg\",\"datePublished\":\"2026-01-28T20:57:04+00:00\",\"dateModified\":\"2026-03-25T14:31:10+00:00\",\"description\":\"Elamus Bowling & Pubi ootavad k\u00f5ikide koolide klasse ja lasteaedu bowlingut m\u00e4ngima veebruarist maini kell 10.00-16.00. Koolidele v\u00f5istlus, lasteaedadele tasuta j\u00e4\u00e4tis!\",\"breadcrumb\":{\"@id\":\"https:\/\/bowling.test.code-lab.it\/et\/lastele\/#breadcrumb\"},\"inLanguage\":\"et\",\"potentialAction\":[{\"@type\":\"ReadAction\",\"target\":[\"https:\/\/bowling.test.code-lab.it\/et\/lastele\/\"]}]},{\"@type\":\"ImageObject\",\"inLanguage\":\"et\",\"@id\":\"https:\/\/bowling.test.code-lab.it\/et\/lastele\/#primaryimage\",\"url\":\"https:\/\/elamusbowling.ee\/wp-content\/uploads\/2026\/01\/elamus_bowling_Voida-spaa-kogu-klassile-JAAN2026.jpg\",\"contentUrl\":\"https:\/\/elamusbowling.ee\/wp-content\/uploads\/2026\/01\/elamus_bowling_Voida-spaa-kogu-klassile-JAAN2026.jpg\"},{\"@type\":\"BreadcrumbList\",\"@id\":\"https:\/\/bowling.test.code-lab.it\/et\/lastele\/#breadcrumb\",\"itemListElement\":[{\"@type\":\"ListItem\",\"position\":1,\"name\":\"Esileht\",\"item\":\"https:\/\/bowling.test.code-lab.it\/et\/\"},{\"@type\":\"ListItem\",\"position\":2,\"name\":\"Koolidele\/lasteaedadele\"}]},{\"@type\":\"WebSite\",\"@id\":\"https:\/\/bowling.test.code-lab.it\/et\/#website\",\"url\":\"https:\/\/bowling.test.code-lab.it\/et\/\",\"name\":\"Elamus Bowling\",\"description\":\"Uusim, Eesti suurim ja moodsaim bowlingusaal\",\"publisher\":{\"@id\":\"https:\/\/bowling.test.code-lab.it\/et\/#organization\"},\"potentialAction\":[{\"@type\":\"SearchAction\",\"target\":{\"@type\":\"EntryPoint\",\"urlTemplate\":\"https:\/\/bowling.test.code-lab.it\/et\/?s={search_term_string}\"},\"query-input\":{\"@type\":\"PropertyValueSpecification\",\"valueRequired\":true,\"valueName\":\"search_term_string\"}}],\"inLanguage\":\"et\"},{\"@type\":\"Organization\",\"@id\":\"https:\/\/bowling.test.code-lab.it\/et\/#organization\",\"name\":\"Elamus Bowling\",\"url\":\"https:\/\/bowling.test.code-lab.it\/et\/\",\"logo\":{\"@type\":\"ImageObject\",\"inLanguage\":\"et\",\"@id\":\"https:\/\/bowling.test.code-lab.it\/et\/#\/schema\/logo\/image\/\",\"url\":\"https:\/\/bowling.test.code-lab.it\/wp-content\/uploads\/2025\/07\/cropped-800x600px_Elamus-Bowling-logo.jpg\",\"contentUrl\":\"https:\/\/bowling.test.code-lab.it\/wp-content\/uploads\/2025\/07\/cropped-800x600px_Elamus-Bowling-logo.jpg\",\"width\":512,\"height\":512,\"caption\":\"Elamus Bowling\"},\"image\":{\"@id\":\"https:\/\/bowling.test.code-lab.it\/et\/#\/schema\/logo\/image\/\"}}]}<\/script>\n<!-- \/ Yoast SEO plugin. -->","yoast_head_json":{"title":"Koolidele\/lasteaedadele - Elamus Bowling","description":"Elamus Bowling & Pubi ootavad k\u00f5ikide koolide klasse ja lasteaedu bowlingut m\u00e4ngima veebruarist maini kell 10.00-16.00. Koolidele v\u00f5istlus, lasteaedadele tasuta j\u00e4\u00e4tis!","robots":{"index":"noindex","follow":"follow","max-snippet":"max-snippet:-1","max-image-preview":"max-image-preview:large","max-video-preview":"max-video-preview:-1"},"og_locale":"et_EE","og_type":"article","og_title":"Koolidele\/lasteaedadele - Elamus Bowling","og_description":"Elamus Bowling & Pubi ootavad k\u00f5ikide koolide klasse ja lasteaedu bowlingut m\u00e4ngima veebruarist maini kell 10.00-16.00. Koolidele v\u00f5istlus, lasteaedadele tasuta j\u00e4\u00e4tis!","og_url":"https:\/\/bowling.test.code-lab.it\/et\/lastele\/","og_site_name":"Elamus Bowling","article_modified_time":"2026-03-25T14:31:10+00:00","og_image":[{"width":2560,"height":1237,"url":"https:\/\/bowling.test.code-lab.it\/wp-content\/uploads\/2025\/08\/Elamus-Bowling-Pubi-LOGO-min-scaled.png","type":"image\/png"}],"twitter_card":"summary_large_image","twitter_misc":{"Est. reading time":"2 minutit"},"schema":{"@context":"https:\/\/schema.org","@graph":[{"@type":"WebPage","@id":"https:\/\/bowling.test.code-lab.it\/et\/lastele\/","url":"https:\/\/bowling.test.code-lab.it\/et\/lastele\/","name":"Koolidele\/lasteaedadele - Elamus Bowling","isPartOf":{"@id":"https:\/\/bowling.test.code-lab.it\/et\/#website"},"primaryImageOfPage":{"@id":"https:\/\/bowling.test.code-lab.it\/et\/lastele\/#primaryimage"},"image":{"@id":"https:\/\/bowling.test.code-lab.it\/et\/lastele\/#primaryimage"},"thumbnailUrl":"https:\/\/elamusbowling.ee\/wp-content\/uploads\/2026\/01\/elamus_bowling_Voida-spaa-kogu-klassile-JAAN2026.jpg","datePublished":"2026-01-28T20:57:04+00:00","dateModified":"2026-03-25T14:31:10+00:00","description":"Elamus Bowling & Pubi ootavad k\u00f5ikide koolide klasse ja lasteaedu bowlingut m\u00e4ngima veebruarist maini kell 10.00-16.00. Koolidele v\u00f5istlus, lasteaedadele tasuta j\u00e4\u00e4tis!","breadcrumb":{"@id":"https:\/\/bowling.test.code-lab.it\/et\/lastele\/#breadcrumb"},"inLanguage":"et","potentialAction":[{"@type":"ReadAction","target":["https:\/\/bowling.test.code-lab.it\/et\/lastele\/"]}]},{"@type":"ImageObject","inLanguage":"et","@id":"https:\/\/bowling.test.code-lab.it\/et\/lastele\/#primaryimage","url":"https:\/\/elamusbowling.ee\/wp-content\/uploads\/2026\/01\/elamus_bowling_Voida-spaa-kogu-klassile-JAAN2026.jpg","contentUrl":"https:\/\/elamusbowling.ee\/wp-content\/uploads\/2026\/01\/elamus_bowling_Voida-spaa-kogu-klassile-JAAN2026.jpg"},{"@type":"BreadcrumbList","@id":"https:\/\/bowling.test.code-lab.it\/et\/lastele\/#breadcrumb","itemListElement":[{"@type":"ListItem","position":1,"name":"Esileht","item":"https:\/\/bowling.test.code-lab.it\/et\/"},{"@type":"ListItem","position":2,"name":"Koolidele\/lasteaedadele"}]},{"@type":"WebSite","@id":"https:\/\/bowling.test.code-lab.it\/et\/#website","url":"https:\/\/bowling.test.code-lab.it\/et\/","name":"Elamus Bowling","description":"Uusim, Eesti suurim ja moodsaim bowlingusaal","publisher":{"@id":"https:\/\/bowling.test.code-lab.it\/et\/#organization"},"potentialAction":[{"@type":"SearchAction","target":{"@type":"EntryPoint","urlTemplate":"https:\/\/bowling.test.code-lab.it\/et\/?s={search_term_string}"},"query-input":{"@type":"PropertyValueSpecification","valueRequired":true,"valueName":"search_term_string"}}],"inLanguage":"et"},{"@type":"Organization","@id":"https:\/\/bowling.test.code-lab.it\/et\/#organization","name":"Elamus Bowling","url":"https:\/\/bowling.test.code-lab.it\/et\/","logo":{"@type":"ImageObject","inLanguage":"et","@id":"https:\/\/bowling.test.code-lab.it\/et\/#\/schema\/logo\/image\/","url":"https:\/\/bowling.test.code-lab.it\/wp-content\/uploads\/2025\/07\/cropped-800x600px_Elamus-Bowling-logo.jpg","contentUrl":"https:\/\/bowling.test.code-lab.it\/wp-content\/uploads\/2025\/07\/cropped-800x600px_Elamus-Bowling-logo.jpg","width":512,"height":512,"caption":"Elamus Bowling"},"image":{"@id":"https:\/\/bowling.test.code-lab.it\/et\/#\/schema\/logo\/image\/"}}]}},"uagb_featured_image_src":{"full":false,"thumbnail":false,"medium":false,"medium_large":false,"large":false,"woocommerce_thumbnail":false,"woocommerce_single":false,"woocommerce_gallery_thumbnail":false,"wc-pdf-product-vouchers-voucher-thumb":false},"uagb_author_info":{"display_name":"Elin","author_link":"https:\/\/bowling.test.code-lab.it\/et\/author\/elin\/"},"uagb_comment_info":0,"uagb_excerpt":"Elamus Spa ja Elamus Bowling &amp; Pubi ootavad k\u00f5ikide koolide klasse bowlingut m\u00e4ngima veebruarist maini kell 10.00-16.00.Bowlingurada 6-le on hinnaga 13.90! Bowlingu jalan\u00f5ud tasuta rendiga.\ud83c\udfb3 Koolid v\u00f5istlevad kolmes v\u00f5istlusr\u00fchmas &#8211; alg-, p\u00f5hiklass ja g\u00fcmnaasium.\ud83c\udfb3 V\u00f5istlusperioodi jooksul v\u00e4hemalt 2 k\u00fclastust klassi poolt\ud83c\udfb3 Iga v\u00f5istlusr\u00fchma parim klass v\u00f5idab tasuta spaak\u00fclastuse Reglement v\u00f5istlusteks SIIT Broneeri helen@elamusbowling.ee ; 656&hellip;","_links":{"self":[{"href":"https:\/\/bowling.test.code-lab.it\/et\/wp-json\/wp\/v2\/pages\/13707","targetHints":{"allow":["GET"]}}],"collection":[{"href":"https:\/\/bowling.test.code-lab.it\/et\/wp-json\/wp\/v2\/pages"}],"about":[{"href":"https:\/\/bowling.test.code-lab.it\/et\/wp-json\/wp\/v2\/types\/page"}],"author":[{"embeddable":true,"href":"https:\/\/bowling.test.code-lab.it\/et\/wp-json\/wp\/v2\/users\/2"}],"replies":[{"embeddable":true,"href":"https:\/\/bowling.test.code-lab.it\/et\/wp-json\/wp\/v2\/comments?post=13707"}],"version-history":[{"count":15,"href":"https:\/\/bowling.test.code-lab.it\/et\/wp-json\/wp\/v2\/pages\/13707\/revisions"}],"predecessor-version":[{"id":16235,"href":"https:\/\/bowling.test.code-lab.it\/et\/wp-json\/wp\/v2\/pages\/13707\/revisions\/16235"}],"wp:attachment":[{"href":"https:\/\/bowling.test.code-lab.it\/et\/wp-json\/wp\/v2\/media?parent=13707"}],"curies":[{"name":"wp","href":"https:\/\/api.w.org\/{rel}","templated":true}]}}