{"id":12502,"date":"2025-08-21T13:31:58","date_gmt":"2025-08-21T10:31:58","guid":{"rendered":"https:\/\/bowling.test.code-lab.it\/?page_id=12502"},"modified":"2025-08-30T15:10:19","modified_gmt":"2025-08-30T12:10:19","slug":"bowling-proff","status":"publish","type":"page","link":"https:\/\/bowling.test.code-lab.it\/et\/bowling-proff\/","title":{"rendered":"Bowling proff"},"content":{"rendered":"\n<p>Elamus Bowlingus toimuvad regulaarselt erinevad turniirid ja liigad, kuhu on oodatud nii harrastajad, s\u00f5pruskonnad kui ka kogenud m\u00e4ngijad. V\u00f5istelda saab \u00fcksi v\u00f5i tiimiga ning iga\u00fcks leiab endale sobiva v\u00e4ljakutse.<\/p>\n\n\n\n<p>Meie traditsioonilised v\u00f5istlused:<br>\u25cf Seenior Kap<br>\u25cf Lohe Kap<br>\u25cf Tallinna Liiga<br>\u25cf Firmaliiga \u2013 ettev\u00f5tete ja meeskondade omavaheline turniir<br>K\u00f5igile v\u00f5istlustele on vajalik eelregistreerimine.<\/p>\n\n\n\n<p><a href=\"mailto:bowling@elamusbowling.ee\">info@elamusbowling.ee<\/a> ; 6560646<\/p>\n\n\n\n<div class=\"wp-block-media-text is-stacked-on-mobile\"><figure class=\"wp-block-media-text__media\"><img fetchpriority=\"high\" decoding=\"async\" width=\"1000\" height=\"700\" src=\"https:\/\/bowling.test.code-lab.it\/wp-content\/uploads\/2025\/08\/Seeniorite-Bowlinguturniir-1000x700px-1.jpg\" alt=\"\" class=\"wp-image-12741 size-full\" srcset=\"https:\/\/bowling.test.code-lab.it\/wp-content\/uploads\/2025\/08\/Seeniorite-Bowlinguturniir-1000x700px-1.jpg 1000w, https:\/\/bowling.test.code-lab.it\/wp-content\/uploads\/2025\/08\/Seeniorite-Bowlinguturniir-1000x700px-1-600x420.jpg 600w\" sizes=\"(max-width: 1000px) 100vw, 1000px\" \/><\/figure><div class=\"wp-block-media-text__content\">\n<p>Individuaalne bowlingu v\u00f5istlus vanustele 60+ aastat. Toimumise aeg: 8. september kuni 30. november. Registreerumine on kohapeal Elamus Bowling &amp; Pubis. V\u00f5istlusmaks tasutakse saalis vastavalt hinnakirjale(12,90\u20ac\/tund). <\/p>\n\n\n\n<p>Kontakttelefon: 6560646<\/p>\n<\/div><\/div>\n\n\n\n<div class=\"wp-block-media-text is-stacked-on-mobile\"><figure class=\"wp-block-media-text__media\"><img decoding=\"async\" width=\"1000\" height=\"700\" src=\"https:\/\/bowling.test.code-lab.it\/wp-content\/uploads\/2025\/08\/Firmaliiga-1000x700px-1.jpg\" alt=\"\" class=\"wp-image-12743 size-full\" srcset=\"https:\/\/bowling.test.code-lab.it\/wp-content\/uploads\/2025\/08\/Firmaliiga-1000x700px-1.jpg 1000w, https:\/\/bowling.test.code-lab.it\/wp-content\/uploads\/2025\/08\/Firmaliiga-1000x700px-1-600x420.jpg 600w\" sizes=\"(max-width: 1000px) 100vw, 1000px\" \/><\/figure><div class=\"wp-block-media-text__content\">\n<p>V\u00f5istkonna p\u00f5himeeskonda kuulub 3 v\u00f5istlejat ja v\u00f5ib olla kuni 8 asendusm\u00e4ngijat.Kokku peetakse kuus vooru 4-v\u00f5istkonnaliste alagruppide kaupa \u0161veitsi s\u00fcsteemis.<\/p>\n\n\n\n<p>Toimumiseaeg: 13.oktoober kuni 9.detsember 2025.<br>Osav\u00f5tu tasu: 590\u20ac <\/p>\n\n\n\n<p>Registreerimine helen@elamusbowling.ee <\/p>\n<\/div><\/div>\n\n\n\n<div class=\"wp-block-media-text is-stacked-on-mobile\"><figure class=\"wp-block-media-text__media\"><img decoding=\"async\" width=\"1000\" height=\"700\" src=\"https:\/\/bowling.test.code-lab.it\/wp-content\/uploads\/2025\/08\/Tallinna-Liiga-1000x700px-1.jpg\" alt=\"\" class=\"wp-image-12745 size-full\" srcset=\"https:\/\/bowling.test.code-lab.it\/wp-content\/uploads\/2025\/08\/Tallinna-Liiga-1000x700px-1.jpg 1000w, https:\/\/bowling.test.code-lab.it\/wp-content\/uploads\/2025\/08\/Tallinna-Liiga-1000x700px-1-600x420.jpg 600w\" sizes=\"(max-width: 1000px) 100vw, 1000px\" \/><\/figure><div class=\"wp-block-media-text__content\">\n<p><\/p>\n<\/div><\/div>\n\n\n\n<div class=\"wp-block-media-text is-stacked-on-mobile\"><figure class=\"wp-block-media-text__media\"><img loading=\"lazy\" decoding=\"async\" width=\"1000\" height=\"700\" src=\"https:\/\/bowling.test.code-lab.it\/wp-content\/uploads\/2025\/08\/Lohe-Kap-1000x700px-1.jpg\" alt=\"\" class=\"wp-image-12747 size-full\" srcset=\"https:\/\/bowling.test.code-lab.it\/wp-content\/uploads\/2025\/08\/Lohe-Kap-1000x700px-1.jpg 1000w, https:\/\/bowling.test.code-lab.it\/wp-content\/uploads\/2025\/08\/Lohe-Kap-1000x700px-1-600x420.jpg 600w\" sizes=\"(max-width: 1000px) 100vw, 1000px\" \/><\/figure><div class=\"wp-block-media-text__content\">\n<p>Bowlinguturniir \u201cLOHE KAPP 2025\u201d koosneb 16 etapist ja superfinaalist.<br>Turniir toimub ajavahemikus september 2025 kuni mai 2026. <\/p>\n\n\n\n<p>Registreerimine helen@elamusbowling.ee <\/p>\n\n\n\n<p><\/p>\n<\/div><\/div>\n","protected":false},"excerpt":{"rendered":"Elamus Bowlingus toimuvad regulaarselt erinevad turniirid ja liigad, kuhu on oodatud nii harrastajad, s\u00f5pruskonnad kui ka kogenud m\u00e4ngijad. V\u00f5istelda saab \u00fcksi v\u00f5i tiimiga ning iga\u00fcks leiab endale sobiva v\u00e4ljakutse. Meie traditsioonilised v\u00f5istlused:\u25cf Seenior Kap\u25cf Lohe Kap\u25cf Tallinna Liiga\u25cf Firmaliiga \u2013 ettev\u00f5tete ja meeskondade omavaheline turniirK\u00f5igile v\u00f5istlustele on vajalik eelregistreerimine. info@elamusbowling.ee ; 6560646 Individuaalne bowlingu v\u00f5istlus [&hellip;]","protected":false},"author":1,"featured_media":0,"parent":0,"menu_order":0,"comment_status":"closed","ping_status":"closed","template":"page-templates\/template-calendar.php","meta":{"_acf_changed":false,"_uag_custom_page_level_css":"","footnotes":""},"class_list":["post-12502","page","type-page","status-publish","hentry"],"acf":[],"yoast_head":"<!-- This site is optimized with the Yoast SEO plugin v25.6 - https:\/\/yoast.com\/wordpress\/plugins\/seo\/ -->\n<title>Bowling proff - Elamus Bowling<\/title>\n<meta name=\"robots\" content=\"noindex, follow, max-snippet:-1, max-image-preview:large, max-video-preview:-1\" \/>\n<meta property=\"og:locale\" content=\"et_EE\" \/>\n<meta property=\"og:type\" content=\"article\" \/>\n<meta property=\"og:title\" content=\"Bowling proff - Elamus Bowling\" \/>\n<meta property=\"og:description\" content=\"Elamus Bowlingus toimuvad regulaarselt erinevad turniirid ja liigad, kuhu on oodatud nii harrastajad, s\u00f5pruskonnad kui ka kogenud m\u00e4ngijad. V\u00f5istelda saab \u00fcksi v\u00f5i tiimiga ning iga\u00fcks leiab endale sobiva v\u00e4ljakutse. Meie traditsioonilised v\u00f5istlused:\u25cf Seenior Kap\u25cf Lohe Kap\u25cf Tallinna Liiga\u25cf Firmaliiga \u2013 ettev\u00f5tete ja meeskondade omavaheline turniirK\u00f5igile v\u00f5istlustele on vajalik eelregistreerimine. info@elamusbowling.ee ; 6560646 Individuaalne bowlingu v\u00f5istlus [&hellip;]\" \/>\n<meta property=\"og:url\" content=\"https:\/\/bowling.test.code-lab.it\/et\/bowling-proff\/\" \/>\n<meta property=\"og:site_name\" content=\"Elamus Bowling\" \/>\n<meta property=\"article:modified_time\" content=\"2025-08-30T12:10:19+00:00\" \/>\n<meta property=\"og:image\" content=\"https:\/\/bowling.test.code-lab.it\/wp-content\/uploads\/2025\/08\/Seeniorite-Bowlinguturniir-1000x700px-1.jpg\" \/>\n<meta name=\"twitter:card\" content=\"summary_large_image\" \/>\n<meta name=\"twitter:label1\" content=\"Est. reading time\" \/>\n\t<meta name=\"twitter:data1\" content=\"1 minut\" \/>\n<script type=\"application\/ld+json\" class=\"yoast-schema-graph\">{\"@context\":\"https:\/\/schema.org\",\"@graph\":[{\"@type\":\"WebPage\",\"@id\":\"https:\/\/bowling.test.code-lab.it\/et\/bowling-proff\/\",\"url\":\"https:\/\/bowling.test.code-lab.it\/et\/bowling-proff\/\",\"name\":\"Bowling proff - Elamus Bowling\",\"isPartOf\":{\"@id\":\"https:\/\/bowling.test.code-lab.it\/et\/#website\"},\"primaryImageOfPage\":{\"@id\":\"https:\/\/bowling.test.code-lab.it\/et\/bowling-proff\/#primaryimage\"},\"image\":{\"@id\":\"https:\/\/bowling.test.code-lab.it\/et\/bowling-proff\/#primaryimage\"},\"thumbnailUrl\":\"https:\/\/bowling.test.code-lab.it\/wp-content\/uploads\/2025\/08\/Seeniorite-Bowlinguturniir-1000x700px-1.jpg\",\"datePublished\":\"2025-08-21T10:31:58+00:00\",\"dateModified\":\"2025-08-30T12:10:19+00:00\",\"breadcrumb\":{\"@id\":\"https:\/\/bowling.test.code-lab.it\/et\/bowling-proff\/#breadcrumb\"},\"inLanguage\":\"et\",\"potentialAction\":[{\"@type\":\"ReadAction\",\"target\":[\"https:\/\/bowling.test.code-lab.it\/et\/bowling-proff\/\"]}]},{\"@type\":\"ImageObject\",\"inLanguage\":\"et\",\"@id\":\"https:\/\/bowling.test.code-lab.it\/et\/bowling-proff\/#primaryimage\",\"url\":\"https:\/\/bowling.test.code-lab.it\/wp-content\/uploads\/2025\/08\/Seeniorite-Bowlinguturniir-1000x700px-1.jpg\",\"contentUrl\":\"https:\/\/bowling.test.code-lab.it\/wp-content\/uploads\/2025\/08\/Seeniorite-Bowlinguturniir-1000x700px-1.jpg\"},{\"@type\":\"BreadcrumbList\",\"@id\":\"https:\/\/bowling.test.code-lab.it\/et\/bowling-proff\/#breadcrumb\",\"itemListElement\":[{\"@type\":\"ListItem\",\"position\":1,\"name\":\"Esileht\",\"item\":\"https:\/\/bowling.test.code-lab.it\/et\/\"},{\"@type\":\"ListItem\",\"position\":2,\"name\":\"Bowling proff\"}]},{\"@type\":\"WebSite\",\"@id\":\"https:\/\/bowling.test.code-lab.it\/et\/#website\",\"url\":\"https:\/\/bowling.test.code-lab.it\/et\/\",\"name\":\"Elamus Bowling\",\"description\":\"Uusim, Eesti suurim ja moodsaim bowlingusaal\",\"publisher\":{\"@id\":\"https:\/\/bowling.test.code-lab.it\/et\/#organization\"},\"potentialAction\":[{\"@type\":\"SearchAction\",\"target\":{\"@type\":\"EntryPoint\",\"urlTemplate\":\"https:\/\/bowling.test.code-lab.it\/et\/?s={search_term_string}\"},\"query-input\":{\"@type\":\"PropertyValueSpecification\",\"valueRequired\":true,\"valueName\":\"search_term_string\"}}],\"inLanguage\":\"et\"},{\"@type\":\"Organization\",\"@id\":\"https:\/\/bowling.test.code-lab.it\/et\/#organization\",\"name\":\"Elamus Bowling\",\"url\":\"https:\/\/bowling.test.code-lab.it\/et\/\",\"logo\":{\"@type\":\"ImageObject\",\"inLanguage\":\"et\",\"@id\":\"https:\/\/bowling.test.code-lab.it\/et\/#\/schema\/logo\/image\/\",\"url\":\"https:\/\/bowling.test.code-lab.it\/wp-content\/uploads\/2025\/07\/cropped-800x600px_Elamus-Bowling-logo.jpg\",\"contentUrl\":\"https:\/\/bowling.test.code-lab.it\/wp-content\/uploads\/2025\/07\/cropped-800x600px_Elamus-Bowling-logo.jpg\",\"width\":512,\"height\":512,\"caption\":\"Elamus Bowling\"},\"image\":{\"@id\":\"https:\/\/bowling.test.code-lab.it\/et\/#\/schema\/logo\/image\/\"}}]}<\/script>\n<!-- \/ Yoast SEO plugin. -->","yoast_head_json":{"title":"Bowling proff - Elamus Bowling","robots":{"index":"noindex","follow":"follow","max-snippet":"max-snippet:-1","max-image-preview":"max-image-preview:large","max-video-preview":"max-video-preview:-1"},"og_locale":"et_EE","og_type":"article","og_title":"Bowling proff - Elamus Bowling","og_description":"Elamus Bowlingus toimuvad regulaarselt erinevad turniirid ja liigad, kuhu on oodatud nii harrastajad, s\u00f5pruskonnad kui ka kogenud m\u00e4ngijad. V\u00f5istelda saab \u00fcksi v\u00f5i tiimiga ning iga\u00fcks leiab endale sobiva v\u00e4ljakutse. Meie traditsioonilised v\u00f5istlused:\u25cf Seenior Kap\u25cf Lohe Kap\u25cf Tallinna Liiga\u25cf Firmaliiga \u2013 ettev\u00f5tete ja meeskondade omavaheline turniirK\u00f5igile v\u00f5istlustele on vajalik eelregistreerimine. info@elamusbowling.ee ; 6560646 Individuaalne bowlingu v\u00f5istlus [&hellip;]","og_url":"https:\/\/bowling.test.code-lab.it\/et\/bowling-proff\/","og_site_name":"Elamus Bowling","article_modified_time":"2025-08-30T12:10:19+00:00","og_image":[{"url":"https:\/\/bowling.test.code-lab.it\/wp-content\/uploads\/2025\/08\/Seeniorite-Bowlinguturniir-1000x700px-1.jpg","type":"","width":"","height":""}],"twitter_card":"summary_large_image","twitter_misc":{"Est. reading time":"1 minut"},"schema":{"@context":"https:\/\/schema.org","@graph":[{"@type":"WebPage","@id":"https:\/\/bowling.test.code-lab.it\/et\/bowling-proff\/","url":"https:\/\/bowling.test.code-lab.it\/et\/bowling-proff\/","name":"Bowling proff - Elamus Bowling","isPartOf":{"@id":"https:\/\/bowling.test.code-lab.it\/et\/#website"},"primaryImageOfPage":{"@id":"https:\/\/bowling.test.code-lab.it\/et\/bowling-proff\/#primaryimage"},"image":{"@id":"https:\/\/bowling.test.code-lab.it\/et\/bowling-proff\/#primaryimage"},"thumbnailUrl":"https:\/\/bowling.test.code-lab.it\/wp-content\/uploads\/2025\/08\/Seeniorite-Bowlinguturniir-1000x700px-1.jpg","datePublished":"2025-08-21T10:31:58+00:00","dateModified":"2025-08-30T12:10:19+00:00","breadcrumb":{"@id":"https:\/\/bowling.test.code-lab.it\/et\/bowling-proff\/#breadcrumb"},"inLanguage":"et","potentialAction":[{"@type":"ReadAction","target":["https:\/\/bowling.test.code-lab.it\/et\/bowling-proff\/"]}]},{"@type":"ImageObject","inLanguage":"et","@id":"https:\/\/bowling.test.code-lab.it\/et\/bowling-proff\/#primaryimage","url":"https:\/\/bowling.test.code-lab.it\/wp-content\/uploads\/2025\/08\/Seeniorite-Bowlinguturniir-1000x700px-1.jpg","contentUrl":"https:\/\/bowling.test.code-lab.it\/wp-content\/uploads\/2025\/08\/Seeniorite-Bowlinguturniir-1000x700px-1.jpg"},{"@type":"BreadcrumbList","@id":"https:\/\/bowling.test.code-lab.it\/et\/bowling-proff\/#breadcrumb","itemListElement":[{"@type":"ListItem","position":1,"name":"Esileht","item":"https:\/\/bowling.test.code-lab.it\/et\/"},{"@type":"ListItem","position":2,"name":"Bowling proff"}]},{"@type":"WebSite","@id":"https:\/\/bowling.test.code-lab.it\/et\/#website","url":"https:\/\/bowling.test.code-lab.it\/et\/","name":"Elamus Bowling","description":"Uusim, Eesti suurim ja moodsaim bowlingusaal","publisher":{"@id":"https:\/\/bowling.test.code-lab.it\/et\/#organization"},"potentialAction":[{"@type":"SearchAction","target":{"@type":"EntryPoint","urlTemplate":"https:\/\/bowling.test.code-lab.it\/et\/?s={search_term_string}"},"query-input":{"@type":"PropertyValueSpecification","valueRequired":true,"valueName":"search_term_string"}}],"inLanguage":"et"},{"@type":"Organization","@id":"https:\/\/bowling.test.code-lab.it\/et\/#organization","name":"Elamus Bowling","url":"https:\/\/bowling.test.code-lab.it\/et\/","logo":{"@type":"ImageObject","inLanguage":"et","@id":"https:\/\/bowling.test.code-lab.it\/et\/#\/schema\/logo\/image\/","url":"https:\/\/bowling.test.code-lab.it\/wp-content\/uploads\/2025\/07\/cropped-800x600px_Elamus-Bowling-logo.jpg","contentUrl":"https:\/\/bowling.test.code-lab.it\/wp-content\/uploads\/2025\/07\/cropped-800x600px_Elamus-Bowling-logo.jpg","width":512,"height":512,"caption":"Elamus Bowling"},"image":{"@id":"https:\/\/bowling.test.code-lab.it\/et\/#\/schema\/logo\/image\/"}}]}},"uagb_featured_image_src":{"full":false,"thumbnail":false,"medium":false,"medium_large":false,"large":false,"woocommerce_thumbnail":false,"woocommerce_single":false,"woocommerce_gallery_thumbnail":false,"wc-pdf-product-vouchers-voucher-thumb":false},"uagb_author_info":{"display_name":"Reaktiiv","author_link":"https:\/\/bowling.test.code-lab.it\/et\/author\/reaktiiv\/"},"uagb_comment_info":0,"uagb_excerpt":"Elamus Bowlingus toimuvad regulaarselt erinevad turniirid ja liigad, kuhu on oodatud nii harrastajad, s\u00f5pruskonnad kui ka kogenud m\u00e4ngijad. V\u00f5istelda saab \u00fcksi v\u00f5i tiimiga ning iga\u00fcks leiab endale sobiva v\u00e4ljakutse. Meie traditsioonilised v\u00f5istlused:\u25cf Seenior Kap\u25cf Lohe Kap\u25cf Tallinna Liiga\u25cf Firmaliiga \u2013 ettev\u00f5tete ja meeskondade omavaheline turniirK\u00f5igile v\u00f5istlustele on vajalik eelregistreerimine. info@elamusbowling.ee ; 6560646 Individuaalne bowlingu v\u00f5istlus&hellip;","_links":{"self":[{"href":"https:\/\/bowling.test.code-lab.it\/et\/wp-json\/wp\/v2\/pages\/12502","targetHints":{"allow":["GET"]}}],"collection":[{"href":"https:\/\/bowling.test.code-lab.it\/et\/wp-json\/wp\/v2\/pages"}],"about":[{"href":"https:\/\/bowling.test.code-lab.it\/et\/wp-json\/wp\/v2\/types\/page"}],"author":[{"embeddable":true,"href":"https:\/\/bowling.test.code-lab.it\/et\/wp-json\/wp\/v2\/users\/1"}],"replies":[{"embeddable":true,"href":"https:\/\/bowling.test.code-lab.it\/et\/wp-json\/wp\/v2\/comments?post=12502"}],"version-history":[{"count":10,"href":"https:\/\/bowling.test.code-lab.it\/et\/wp-json\/wp\/v2\/pages\/12502\/revisions"}],"predecessor-version":[{"id":13005,"href":"https:\/\/bowling.test.code-lab.it\/et\/wp-json\/wp\/v2\/pages\/12502\/revisions\/13005"}],"wp:attachment":[{"href":"https:\/\/bowling.test.code-lab.it\/et\/wp-json\/wp\/v2\/media?parent=12502"}],"curies":[{"name":"wp","href":"https:\/\/api.w.org\/{rel}","templated":true}]}}