{"id":12421,"date":"2025-08-13T13:47:24","date_gmt":"2025-08-13T10:47:24","guid":{"rendered":"https:\/\/bowling.test.code-lab.it\/?page_id=12421"},"modified":"2025-08-30T14:39:31","modified_gmt":"2025-08-30T11:39:31","slug":"konverentsid-seminarid-ja-koosolekud","status":"publish","type":"page","link":"https:\/\/bowling.test.code-lab.it\/et\/konverentsid-seminarid-ja-koosolekud\/","title":{"rendered":"Konverentsid, seminarid ja koosolekud"},"content":{"rendered":"\n<section class=\"hero-slider-block mb-lg-64 mb-32\">\n    <div class=\"hero-swiper-wrapper position-relative\">\n        <div class=\"hero-slider swiper-slider w-100 h-100 position-absolute top-0 start-0\">\n            <div class=\"swiper-wrapper w-100 h-100\">\n                                                        <div class=\"swiper-slide h-100\">\n                        <img fetchpriority=\"high\" decoding=\"async\" class=\"w-100 h-100 object-fit-cover\" src=\"https:\/\/bowling.test.code-lab.it\/wp-content\/uploads\/2025\/08\/IMG_2475-min-scaled.jpeg\" width=\"2560\" height=\"1920\" alt=\"\" \/>\n                        <div class=\"swiper-slide-overlay position-absolute top-0 start-0\"><\/div>\n                                                    <div class=\"swiper-slide-content position-absolute top-0 start-0 w-100 h-100 d-flex align-items-end py-lg-96\">\n                                <div class=\"container\">\n                                    <div class=\"row\">\n                                        <div class=\"col col-lg-6 col-12 fade-in-up\">\n                                            <div class=\"swiper-slide-content-text\">\n                                                <h2>Konverentsid,<br \/>\nseminarid ja<br \/>\nkoosolekud<\/h2>\n                                            <\/div>\n                                                                                    <\/div>\n                                    <\/div>\n                                <\/div>\n                            <\/div>\n                                            <\/div>\n                                                        <div class=\"swiper-slide h-100\">\n                        <img decoding=\"async\" class=\"w-100 h-100 object-fit-cover\" src=\"\" width=\"\" height=\"\" alt=\"\" \/>\n                        <div class=\"swiper-slide-overlay position-absolute top-0 start-0\"><\/div>\n                                                    <div class=\"swiper-slide-content position-absolute top-0 start-0 w-100 h-100 d-flex align-items-end py-lg-96\">\n                                <div class=\"container\">\n                                    <div class=\"row\">\n                                        <div class=\"col col-lg-6 col-12 fade-in-up\">\n                                            <div class=\"swiper-slide-content-text\">\n                                                <h2>Konverentsid,<br \/>\nseminarid ja<br \/>\nkoosolekud<\/h2>\n                                            <\/div>\n                                                                                    <\/div>\n                                    <\/div>\n                                <\/div>\n                            <\/div>\n                                            <\/div>\n                                                        <div class=\"swiper-slide h-100\">\n                        <img decoding=\"async\" class=\"w-100 h-100 object-fit-cover\" src=\"https:\/\/bowling.test.code-lab.it\/wp-content\/uploads\/2025\/08\/IMG_2473-min-scaled.jpeg\" width=\"2560\" height=\"1920\" alt=\"\" \/>\n                        <div class=\"swiper-slide-overlay position-absolute top-0 start-0\"><\/div>\n                                                    <div class=\"swiper-slide-content position-absolute top-0 start-0 w-100 h-100 d-flex align-items-end py-lg-96\">\n                                <div class=\"container\">\n                                    <div class=\"row\">\n                                        <div class=\"col col-lg-6 col-12 fade-in-up\">\n                                            <div class=\"swiper-slide-content-text\">\n                                                <h2>Konverentsid,<br \/>\nseminarid ja<br \/>\nkoosolekud<\/h2>\n                                            <\/div>\n                                                                                    <\/div>\n                                    <\/div>\n                                <\/div>\n                            <\/div>\n                                            <\/div>\n                                                        <div class=\"swiper-slide h-100\">\n                        <img decoding=\"async\" class=\"w-100 h-100 object-fit-cover\" src=\"https:\/\/bowling.test.code-lab.it\/wp-content\/uploads\/2025\/08\/IMG_2474-min-scaled.jpeg\" width=\"2560\" height=\"1920\" alt=\"\" \/>\n                        <div class=\"swiper-slide-overlay position-absolute top-0 start-0\"><\/div>\n                                                    <div class=\"swiper-slide-content position-absolute top-0 start-0 w-100 h-100 d-flex align-items-end py-lg-96\">\n                                <div class=\"container\">\n                                    <div class=\"row\">\n                                        <div class=\"col col-lg-6 col-12 fade-in-up\">\n                                            <div class=\"swiper-slide-content-text\">\n                                                <h2>Konverentsid,<br \/>\nseminarid ja<br \/>\nkoosolekud<\/h2>\n                                            <\/div>\n                                                                                    <\/div>\n                                    <\/div>\n                                <\/div>\n                            <\/div>\n                                            <\/div>\n                            <\/div>\n                            <div class=\"container\">\n                    <div class=\"swiper-pagination\"><\/div>\n                <\/div>\n                    <\/div>\n    <\/div>\n<\/section>\n\n\n<p>Meie seminariruum on ideaalne paik seminaride, konverentside, koosolekute, koolituste, \u00e4rikohtumiste ja privaatsete s\u00fcndmuste korraldamiseks. Ruum mahutab 20 inimest.<br>L\u00e4bi klaasseinte avaneb inspireeriv vaade spaa d\u017eunglikeskkonnale. Soovi korral saab \u00fchendada t\u00f6\u00f6p\u00e4eva l\u00f5\u00f5gastusega \u2013 soetades spaapileti saab p\u00e4rast seminari liikuda otse veem\u00f5nusid nautima v\u00f5i korraldada koos tiimiga s\u00f5braliku bowlinguturniiri.<br>Ruumis on olemas k\u00f5ik kaasaegsed tehnilised lahendused ja stabiilne interneti\u00fchendus, mis tagavad s\u00fcndmuse sujuva kulgemise.<\/p>\n\n\n\n<p>Klassistiilis mahutab ruum kuni 20 inimest ning teatristiilis kuni 40 inimest 1 tund Elamus Bowlingus:\u00a0<strong>55\u20ac\/h<\/strong><\/p>\n\n\n\n<p>K\u00fcsi pakkumist&nbsp;<a href=\"mailto:bowling@elamusbowling.ee\">bowling@elamusbowling.ee<\/a> ; 6560646<\/p>\n\n\n\n<p><\/p>\n\n\n","protected":false},"excerpt":{"rendered":"Meie seminariruum on ideaalne paik seminaride, konverentside, koosolekute, koolituste, \u00e4rikohtumiste ja privaatsete s\u00fcndmuste korraldamiseks. Ruum mahutab 20 inimest.L\u00e4bi klaasseinte avaneb inspireeriv vaade spaa d\u017eunglikeskkonnale. Soovi korral saab \u00fchendada t\u00f6\u00f6p\u00e4eva l\u00f5\u00f5gastusega \u2013 soetades spaapileti saab p\u00e4rast seminari liikuda otse veem\u00f5nusid nautima v\u00f5i korraldada koos tiimiga s\u00f5braliku bowlinguturniiri.Ruumis on olemas k\u00f5ik kaasaegsed tehnilised lahendused ja stabiilne interneti\u00fchendus, [&hellip;]","protected":false},"author":1,"featured_media":0,"parent":0,"menu_order":0,"comment_status":"closed","ping_status":"closed","template":"","meta":{"_acf_changed":false,"_uag_custom_page_level_css":"","footnotes":""},"class_list":["post-12421","page","type-page","status-publish","hentry"],"acf":[],"yoast_head":"<!-- This site is optimized with the Yoast SEO plugin v25.6 - https:\/\/yoast.com\/wordpress\/plugins\/seo\/ -->\n<title>Konverentsid, seminarid ja koosolekud - Elamus Bowling<\/title>\n<meta name=\"robots\" content=\"noindex, follow, max-snippet:-1, max-image-preview:large, max-video-preview:-1\" \/>\n<meta property=\"og:locale\" content=\"et_EE\" \/>\n<meta property=\"og:type\" content=\"article\" \/>\n<meta property=\"og:title\" content=\"Konverentsid, seminarid ja koosolekud - Elamus Bowling\" \/>\n<meta property=\"og:description\" content=\"Meie seminariruum on ideaalne paik seminaride, konverentside, koosolekute, koolituste, \u00e4rikohtumiste ja privaatsete s\u00fcndmuste korraldamiseks. Ruum mahutab 20 inimest.L\u00e4bi klaasseinte avaneb inspireeriv vaade spaa d\u017eunglikeskkonnale. Soovi korral saab \u00fchendada t\u00f6\u00f6p\u00e4eva l\u00f5\u00f5gastusega \u2013 soetades spaapileti saab p\u00e4rast seminari liikuda otse veem\u00f5nusid nautima v\u00f5i korraldada koos tiimiga s\u00f5braliku bowlinguturniiri.Ruumis on olemas k\u00f5ik kaasaegsed tehnilised lahendused ja stabiilne interneti\u00fchendus, [&hellip;]\" \/>\n<meta property=\"og:url\" content=\"https:\/\/bowling.test.code-lab.it\/et\/konverentsid-seminarid-ja-koosolekud\/\" \/>\n<meta property=\"og:site_name\" content=\"Elamus Bowling\" \/>\n<meta property=\"article:modified_time\" content=\"2025-08-30T11:39:31+00:00\" \/>\n<meta property=\"og:image\" content=\"https:\/\/bowling.test.code-lab.it\/wp-content\/uploads\/2025\/08\/Elamus-Bowling-Pubi-LOGO-min-scaled.png\" \/>\n\t<meta property=\"og:image:width\" content=\"2560\" \/>\n\t<meta property=\"og:image:height\" content=\"1237\" \/>\n\t<meta property=\"og:image:type\" content=\"image\/png\" \/>\n<meta name=\"twitter:card\" content=\"summary_large_image\" \/>\n<script type=\"application\/ld+json\" class=\"yoast-schema-graph\">{\"@context\":\"https:\/\/schema.org\",\"@graph\":[{\"@type\":\"WebPage\",\"@id\":\"https:\/\/bowling.test.code-lab.it\/et\/konverentsid-seminarid-ja-koosolekud\/\",\"url\":\"https:\/\/bowling.test.code-lab.it\/et\/konverentsid-seminarid-ja-koosolekud\/\",\"name\":\"Konverentsid, seminarid ja koosolekud - Elamus Bowling\",\"isPartOf\":{\"@id\":\"https:\/\/bowling.test.code-lab.it\/et\/#website\"},\"datePublished\":\"2025-08-13T10:47:24+00:00\",\"dateModified\":\"2025-08-30T11:39:31+00:00\",\"breadcrumb\":{\"@id\":\"https:\/\/bowling.test.code-lab.it\/et\/konverentsid-seminarid-ja-koosolekud\/#breadcrumb\"},\"inLanguage\":\"et\",\"potentialAction\":[{\"@type\":\"ReadAction\",\"target\":[\"https:\/\/bowling.test.code-lab.it\/et\/konverentsid-seminarid-ja-koosolekud\/\"]}]},{\"@type\":\"BreadcrumbList\",\"@id\":\"https:\/\/bowling.test.code-lab.it\/et\/konverentsid-seminarid-ja-koosolekud\/#breadcrumb\",\"itemListElement\":[{\"@type\":\"ListItem\",\"position\":1,\"name\":\"Esileht\",\"item\":\"https:\/\/bowling.test.code-lab.it\/et\/\"},{\"@type\":\"ListItem\",\"position\":2,\"name\":\"Konverentsid, seminarid ja koosolekud\"}]},{\"@type\":\"WebSite\",\"@id\":\"https:\/\/bowling.test.code-lab.it\/et\/#website\",\"url\":\"https:\/\/bowling.test.code-lab.it\/et\/\",\"name\":\"Elamus Bowling\",\"description\":\"Uusim, Eesti suurim ja moodsaim bowlingusaal\",\"publisher\":{\"@id\":\"https:\/\/bowling.test.code-lab.it\/et\/#organization\"},\"potentialAction\":[{\"@type\":\"SearchAction\",\"target\":{\"@type\":\"EntryPoint\",\"urlTemplate\":\"https:\/\/bowling.test.code-lab.it\/et\/?s={search_term_string}\"},\"query-input\":{\"@type\":\"PropertyValueSpecification\",\"valueRequired\":true,\"valueName\":\"search_term_string\"}}],\"inLanguage\":\"et\"},{\"@type\":\"Organization\",\"@id\":\"https:\/\/bowling.test.code-lab.it\/et\/#organization\",\"name\":\"Elamus Bowling\",\"url\":\"https:\/\/bowling.test.code-lab.it\/et\/\",\"logo\":{\"@type\":\"ImageObject\",\"inLanguage\":\"et\",\"@id\":\"https:\/\/bowling.test.code-lab.it\/et\/#\/schema\/logo\/image\/\",\"url\":\"https:\/\/bowling.test.code-lab.it\/wp-content\/uploads\/2025\/07\/cropped-800x600px_Elamus-Bowling-logo.jpg\",\"contentUrl\":\"https:\/\/bowling.test.code-lab.it\/wp-content\/uploads\/2025\/07\/cropped-800x600px_Elamus-Bowling-logo.jpg\",\"width\":512,\"height\":512,\"caption\":\"Elamus Bowling\"},\"image\":{\"@id\":\"https:\/\/bowling.test.code-lab.it\/et\/#\/schema\/logo\/image\/\"}}]}<\/script>\n<!-- \/ Yoast SEO plugin. -->","yoast_head_json":{"title":"Konverentsid, seminarid ja koosolekud - Elamus Bowling","robots":{"index":"noindex","follow":"follow","max-snippet":"max-snippet:-1","max-image-preview":"max-image-preview:large","max-video-preview":"max-video-preview:-1"},"og_locale":"et_EE","og_type":"article","og_title":"Konverentsid, seminarid ja koosolekud - Elamus Bowling","og_description":"Meie seminariruum on ideaalne paik seminaride, konverentside, koosolekute, koolituste, \u00e4rikohtumiste ja privaatsete s\u00fcndmuste korraldamiseks. Ruum mahutab 20 inimest.L\u00e4bi klaasseinte avaneb inspireeriv vaade spaa d\u017eunglikeskkonnale. Soovi korral saab \u00fchendada t\u00f6\u00f6p\u00e4eva l\u00f5\u00f5gastusega \u2013 soetades spaapileti saab p\u00e4rast seminari liikuda otse veem\u00f5nusid nautima v\u00f5i korraldada koos tiimiga s\u00f5braliku bowlinguturniiri.Ruumis on olemas k\u00f5ik kaasaegsed tehnilised lahendused ja stabiilne interneti\u00fchendus, [&hellip;]","og_url":"https:\/\/bowling.test.code-lab.it\/et\/konverentsid-seminarid-ja-koosolekud\/","og_site_name":"Elamus Bowling","article_modified_time":"2025-08-30T11:39:31+00:00","og_image":[{"width":2560,"height":1237,"url":"https:\/\/bowling.test.code-lab.it\/wp-content\/uploads\/2025\/08\/Elamus-Bowling-Pubi-LOGO-min-scaled.png","type":"image\/png"}],"twitter_card":"summary_large_image","schema":{"@context":"https:\/\/schema.org","@graph":[{"@type":"WebPage","@id":"https:\/\/bowling.test.code-lab.it\/et\/konverentsid-seminarid-ja-koosolekud\/","url":"https:\/\/bowling.test.code-lab.it\/et\/konverentsid-seminarid-ja-koosolekud\/","name":"Konverentsid, seminarid ja koosolekud - Elamus Bowling","isPartOf":{"@id":"https:\/\/bowling.test.code-lab.it\/et\/#website"},"datePublished":"2025-08-13T10:47:24+00:00","dateModified":"2025-08-30T11:39:31+00:00","breadcrumb":{"@id":"https:\/\/bowling.test.code-lab.it\/et\/konverentsid-seminarid-ja-koosolekud\/#breadcrumb"},"inLanguage":"et","potentialAction":[{"@type":"ReadAction","target":["https:\/\/bowling.test.code-lab.it\/et\/konverentsid-seminarid-ja-koosolekud\/"]}]},{"@type":"BreadcrumbList","@id":"https:\/\/bowling.test.code-lab.it\/et\/konverentsid-seminarid-ja-koosolekud\/#breadcrumb","itemListElement":[{"@type":"ListItem","position":1,"name":"Esileht","item":"https:\/\/bowling.test.code-lab.it\/et\/"},{"@type":"ListItem","position":2,"name":"Konverentsid, seminarid ja koosolekud"}]},{"@type":"WebSite","@id":"https:\/\/bowling.test.code-lab.it\/et\/#website","url":"https:\/\/bowling.test.code-lab.it\/et\/","name":"Elamus Bowling","description":"Uusim, Eesti suurim ja moodsaim bowlingusaal","publisher":{"@id":"https:\/\/bowling.test.code-lab.it\/et\/#organization"},"potentialAction":[{"@type":"SearchAction","target":{"@type":"EntryPoint","urlTemplate":"https:\/\/bowling.test.code-lab.it\/et\/?s={search_term_string}"},"query-input":{"@type":"PropertyValueSpecification","valueRequired":true,"valueName":"search_term_string"}}],"inLanguage":"et"},{"@type":"Organization","@id":"https:\/\/bowling.test.code-lab.it\/et\/#organization","name":"Elamus Bowling","url":"https:\/\/bowling.test.code-lab.it\/et\/","logo":{"@type":"ImageObject","inLanguage":"et","@id":"https:\/\/bowling.test.code-lab.it\/et\/#\/schema\/logo\/image\/","url":"https:\/\/bowling.test.code-lab.it\/wp-content\/uploads\/2025\/07\/cropped-800x600px_Elamus-Bowling-logo.jpg","contentUrl":"https:\/\/bowling.test.code-lab.it\/wp-content\/uploads\/2025\/07\/cropped-800x600px_Elamus-Bowling-logo.jpg","width":512,"height":512,"caption":"Elamus Bowling"},"image":{"@id":"https:\/\/bowling.test.code-lab.it\/et\/#\/schema\/logo\/image\/"}}]}},"uagb_featured_image_src":{"full":false,"thumbnail":false,"medium":false,"medium_large":false,"large":false,"woocommerce_thumbnail":false,"woocommerce_single":false,"woocommerce_gallery_thumbnail":false,"wc-pdf-product-vouchers-voucher-thumb":false},"uagb_author_info":{"display_name":"Reaktiiv","author_link":"https:\/\/bowling.test.code-lab.it\/et\/author\/reaktiiv\/"},"uagb_comment_info":0,"uagb_excerpt":"Meie seminariruum on ideaalne paik seminaride, konverentside, koosolekute, koolituste, \u00e4rikohtumiste ja privaatsete s\u00fcndmuste korraldamiseks. Ruum mahutab 20 inimest.L\u00e4bi klaasseinte avaneb inspireeriv vaade spaa d\u017eunglikeskkonnale. Soovi korral saab \u00fchendada t\u00f6\u00f6p\u00e4eva l\u00f5\u00f5gastusega \u2013 soetades spaapileti saab p\u00e4rast seminari liikuda otse veem\u00f5nusid nautima v\u00f5i korraldada koos tiimiga s\u00f5braliku bowlinguturniiri.Ruumis on olemas k\u00f5ik kaasaegsed tehnilised lahendused ja stabiilne interneti\u00fchendus,&hellip;","_links":{"self":[{"href":"https:\/\/bowling.test.code-lab.it\/et\/wp-json\/wp\/v2\/pages\/12421","targetHints":{"allow":["GET"]}}],"collection":[{"href":"https:\/\/bowling.test.code-lab.it\/et\/wp-json\/wp\/v2\/pages"}],"about":[{"href":"https:\/\/bowling.test.code-lab.it\/et\/wp-json\/wp\/v2\/types\/page"}],"author":[{"embeddable":true,"href":"https:\/\/bowling.test.code-lab.it\/et\/wp-json\/wp\/v2\/users\/1"}],"replies":[{"embeddable":true,"href":"https:\/\/bowling.test.code-lab.it\/et\/wp-json\/wp\/v2\/comments?post=12421"}],"version-history":[{"count":6,"href":"https:\/\/bowling.test.code-lab.it\/et\/wp-json\/wp\/v2\/pages\/12421\/revisions"}],"predecessor-version":[{"id":12930,"href":"https:\/\/bowling.test.code-lab.it\/et\/wp-json\/wp\/v2\/pages\/12421\/revisions\/12930"}],"wp:attachment":[{"href":"https:\/\/bowling.test.code-lab.it\/et\/wp-json\/wp\/v2\/media?parent=12421"}],"curies":[{"name":"wp","href":"https:\/\/api.w.org\/{rel}","templated":true}]}}