{"id":12387,"date":"2025-08-07T13:22:09","date_gmt":"2025-08-07T10:22:09","guid":{"rendered":"https:\/\/bowling.test.code-lab.it\/?page_id=12387"},"modified":"2026-03-26T14:59:31","modified_gmt":"2026-03-26T11:59:31","slug":"hinnad","status":"publish","type":"page","link":"https:\/\/bowling.test.code-lab.it\/et\/hinnad\/","title":{"rendered":"Hinnad"},"content":{"rendered":"\n<section class=\"prices-block pb-24\">\n    <div class=\"container\">\n                    <h1 class=\"mb-0 pt-24\">Hinnad<\/h1>\n                            <div class=\"prices-categories-wrap d-flex flex-wrap flex-sm-row flex-column gap-16 my-32\">\n                <div class=\"prices-categories d-flex flex-wrap gap-16\">\n                                            <div class=\"price-category btn active\" data-price=\"0\">\n                            Bowling                        <\/div>\n                                            <div class=\"price-category btn\" data-price=\"1\">\n                            Seminariruumi rent                        <\/div>\n                                            <div class=\"price-category btn\" data-price=\"2\">\n                            Men\u00fc\u00fc\/joogid                        <\/div>\n                                    <\/div>\n                                    <div class=\"prices-links d-flex flex-wrap gap-16\">\n                                                                                <a class=\"btn\" href=\"https:\/\/bowling.test.code-lab.it\/hinnad\/soodustused\/\" target=\"_self\">Soodustused<\/a>\n                                            <\/div>\n                            <\/div>\n            <div class=\"prices-wrap\">\n                                    \n                    <div class=\"prices active\" data-price=\"0\">\n                                                    <div class=\"prices-intro\">\n                                <p>Hinnad 1 tund \u00fche raja kohta.<br \/>\n\u00dchel rajal saab m\u00e4ngida kuni 6 osalejat.<\/p>\n<p><strong>Riigip\u00fchadel ja koolivaheajal kehtib n\u00e4dalavahetuse hinnakiri.<\/strong><\/p>\n<p><a href=\"https:\/\/bowling.test.code-lab.it\/broneerimine\/\" target=\"_blank\" rel=\"noopener\">Broneeri rada mugavalt ette.<\/a><\/p>\n                            <\/div>\n                        \n                        \n                        <div class=\"row gy-sm-32 gy-16 pt-sm-32 pt-16\">\n                                                            <div class=\"pricetable col col-12 col-lg-6\">\n                                    <div class=\"pricetable-inside bg-earth-yellow border-r-16\">\n                                                                                                                                <div class=\"pricetable-row d-flex align-items-center py-8 px-sm-24 px-8 gap-sm-16 gap-8\">\n                                                <div class=\"pricetable-first-col pricetable-col\">\n                                                    <p>E-R<\/p>\n                                                <\/div>\n                                                <div class=\"pricetable-sec-col pricetable-col\">\n                                                    <p>10.00-17.00<br \/>\nRaja broneering saab alata hiljemalt kell 16.00<\/p>\n                                                <\/div>\n                                                <div class=\"pricetable-third-col pricetable-col\">\n                                                    <p>25\u20ac\/tund<br \/>\n30\u20ac\/tund (Spark)<\/p>\n                                                <\/div>\n                                            <\/div>\n                                                                                                                                <div class=\"pricetable-row d-flex align-items-center py-8 px-sm-24 px-8 gap-sm-16 gap-8\">\n                                                <div class=\"pricetable-first-col pricetable-col\">\n                                                    <p>E-N<\/p>\n                                                <\/div>\n                                                <div class=\"pricetable-sec-col pricetable-col\">\n                                                    <p>17.00 \u2013 00.00<\/p>\n                                                <\/div>\n                                                <div class=\"pricetable-third-col pricetable-col\">\n                                                    <p>37\u20ac\/tund<br \/>\n43\u20ac\/tund (Spark)<\/p>\n                                                <\/div>\n                                            <\/div>\n                                                                                                                                <div class=\"pricetable-row d-flex align-items-center py-8 px-sm-24 px-8 gap-sm-16 gap-8\">\n                                                <div class=\"pricetable-first-col pricetable-col\">\n                                                    <p>R<\/p>\n                                                <\/div>\n                                                <div class=\"pricetable-sec-col pricetable-col\">\n                                                    <p>17.00 \u2013 02.00<\/p>\n                                                <\/div>\n                                                <div class=\"pricetable-third-col pricetable-col\">\n                                                    <p>39\u20ac\/tund<br \/>\n45\u20ac\/tund (Spark)<\/p>\n                                                <\/div>\n                                            <\/div>\n                                                                                                                                <div class=\"pricetable-row d-flex align-items-center py-8 px-sm-24 px-8 gap-sm-16 gap-8\">\n                                                <div class=\"pricetable-first-col pricetable-col\">\n                                                    <p>L<\/p>\n                                                <\/div>\n                                                <div class=\"pricetable-sec-col pricetable-col\">\n                                                    <p>10.00 \u2013 02.00<\/p>\n                                                <\/div>\n                                                <div class=\"pricetable-third-col pricetable-col\">\n                                                    <p>39\u20ac\/tund<br \/>\n45\u20ac\/tund (Spark)<\/p>\n                                                <\/div>\n                                            <\/div>\n                                                                                                                                <div class=\"pricetable-row d-flex align-items-center py-8 px-sm-24 px-8 gap-sm-16 gap-8\">\n                                                <div class=\"pricetable-first-col pricetable-col\">\n                                                    <p>P<\/p>\n                                                <\/div>\n                                                <div class=\"pricetable-sec-col pricetable-col\">\n                                                    <p>10.00-00.00<\/p>\n                                                <\/div>\n                                                <div class=\"pricetable-third-col pricetable-col\">\n                                                    <p>39\u20ac\/tund<br \/>\n45\u20ac\/tund (Spark)<\/p>\n                                                <\/div>\n                                            <\/div>\n                                                                            <\/div>\n                                <\/div>\n                            \n                                                            <div class=\"prices-content col col-12 flex-grow col-lg-6\">\n                                    <p><strong>SOODUSHIND E-R 10.00-17.00:\u00a0<\/strong><strong>13,90\u20ac <\/strong>\/\u00a0<strong>19,90\u20ac<\/strong> (Spark)<strong>*<\/strong><\/p>\n<p>* Kehtib: lapsed vanuses 7-18 aastat, (\u00fcli-)\u00f5pilased, kaitsev\u00e4elased, puuetega inimesed ja nende saatja, pension\u00e4rid<\/p>\n<p><strong>KINGADE LAENUTUS<br \/>\n2\u20ac <\/strong>paar<br \/>\nHoov\u00f5turajal bowlingu jalan\u00f5ude kandmine on kohustuslik.<\/p>\n<p>K\u00f6\u00f6k avatakse kell 11.00<\/p>\n                                <\/div>\n                                                    <\/div>\n\n                                                    <div class=\"prices-content-bottom mt-sm-32 mt-16\">\n                                <p><em>* Soodushind e. erihind kehtib ainult dokumendi esitamisel.<\/em><br \/>\n* Tasumine toimub kohapeal pangakaardiga v\u00f5i sularahas v\u00f5i ette ostetud kinkekaardiga (kinkekaart tuleb \u00fcrituse p\u00e4eval kaasa v\u00f5tta).<br \/>\n*\u00a0<strong>Saali inventarile tekitatud kahju kompensatsioon 100\u20ac<\/strong><br \/>\n*\u00a0<strong>Sooduskaart tuleb soodustuse saamiseks teenindajale esitada enne arve tasumist. Hilisemaid pretensioone ei arvestata.<\/strong><br \/>\n*\u00a0<em>Mustam\u00e4e Spa O\u00dc j\u00e4tab endale \u00f5iguse muuta k\u00e4esolevaid tingimusi ja hinnakirja \u00fchepoolselt.<\/em><\/p>\n                            <\/div>\n                                            <\/div>\n                                    \n                    <div class=\"prices\" data-price=\"1\">\n                                                    <div class=\"prices-intro\">\n                                <h4>K\u00f5ikv\u00f5imalike koolituste, ajur\u00fcnnakute, n\u00f5upidamiste<br \/>\nja s\u00fcnnip\u00e4evade tarbeks m\u00f5nus paik!<\/h4>\n<p>Avarate ruumidega Elamus Bowlingu ruumid on suurep\u00e4rane koht seminaride,<br \/>\nkoosolekute ja s\u00fcnnip\u00e4evade pidamiseks. Soovi korral saab k\u00fcsida pakkumist tervele bowlingusaalile.<\/p>\n<p>Esitlustehnikaga varustatud ruumides on v\u00f5imalik l\u00e4bi viia seminare, koolitusi<br \/>\nja muid \u00fcritusi v\u00e4iksematele ja suurematele seltskondadele.<\/p>\n<p>Saalis on v\u00f5imalik kasutada konverentsitehnikat, samuti on saalis tasuta interneti p\u00fcsi\u00fchendus.<\/p>\n                            <\/div>\n                        \n                                                    <div class=\"prices-gallery row gx-16 gy-16\">\n                                                                                                        <div class=\"col col-lg-4 col-6\">\n                                        <a href=\"https:\/\/bowling.test.code-lab.it\/wp-content\/uploads\/2026\/03\/VisionestElamusSpa-134-scaled.jpg\" target=\"_blank\">\n                                            <img fetchpriority=\"high\" decoding=\"async\" src=\"https:\/\/bowling.test.code-lab.it\/wp-content\/uploads\/2026\/03\/VisionestElamusSpa-134-scaled.jpg\" width=\"2560\" height=\"1707\" alt=\"\" \/>\n                                        <\/a>\n                                    <\/div>\n                                                            <\/div>\n                        \n                        <div class=\"row gy-sm-32 gy-16 pt-sm-32 pt-16\">\n                            \n                                                    <\/div>\n\n                                                    <div class=\"prices-content-bottom mt-sm-32 mt-16\">\n                                <p><strong>Kuni 20 inimest mahutav ruum 1 tund Elamus Bowlingus: 55\u20ac<\/strong><\/p>\n<p><strong>Edasta oma soov<\/strong>\u00a0<strong>e-postiaadressil<\/strong>:\u00a0<a href=\"mailto:info@elamusbowling.ee\">info@elamusbowling.ee<\/a><\/p>\n<p><em>Elamus Bowling\/Mustam\u00e4e O\u00dc j\u00e4tab endale \u00f5iguse muuta k\u00e4esolevaid tingimusi ja hinnakirja \u00fchepoolselt.<\/em><\/p>\n                            <\/div>\n                                            <\/div>\n                                    \n                    <div class=\"prices\" data-price=\"2\">\n                        \n                                                    <div class=\"prices-gallery row gx-16 gy-16\">\n                                                                                                        <div class=\"col col-lg-4 col-6\">\n                                        <a href=\"https:\/\/bowling.test.code-lab.it\/wp-content\/uploads\/2025\/09\/elamus_bowling_pubi_menuu.jpg\" target=\"_blank\">\n                                            <img decoding=\"async\" src=\"https:\/\/bowling.test.code-lab.it\/wp-content\/uploads\/2025\/09\/elamus_bowling_pubi_menuu.jpg\" width=\"1920\" height=\"1080\" alt=\"\" \/>\n                                        <\/a>\n                                    <\/div>\n                                                                                                        <div class=\"col col-lg-4 col-6\">\n                                        <a href=\"https:\/\/bowling.test.code-lab.it\/wp-content\/uploads\/2025\/08\/elamus_bowling_pubi_joogimenuu.jpg\" target=\"_blank\">\n                                            <img decoding=\"async\" src=\"https:\/\/bowling.test.code-lab.it\/wp-content\/uploads\/2025\/08\/elamus_bowling_pubi_joogimenuu.jpg\" width=\"1920\" height=\"1080\" alt=\"\" \/>\n                                        <\/a>\n                                    <\/div>\n                                                            <\/div>\n                        \n                        <div class=\"row gy-sm-32 gy-16\">\n                            \n                                                    <\/div>\n\n                                            <\/div>\n                            <\/div>\n            <\/div>\n<\/section>","protected":false},"excerpt":{"rendered":"","protected":false},"author":1,"featured_media":0,"parent":0,"menu_order":0,"comment_status":"closed","ping_status":"closed","template":"","meta":{"_acf_changed":false,"_uag_custom_page_level_css":"","footnotes":""},"class_list":["post-12387","page","type-page","status-publish","hentry"],"acf":[],"yoast_head":"<!-- This site is optimized with the Yoast SEO plugin v25.6 - https:\/\/yoast.com\/wordpress\/plugins\/seo\/ -->\n<title>Hinnad - Elamus Bowling<\/title>\n<meta name=\"robots\" content=\"noindex, follow, max-snippet:-1, max-image-preview:large, max-video-preview:-1\" \/>\n<meta property=\"og:locale\" content=\"et_EE\" \/>\n<meta property=\"og:type\" content=\"article\" \/>\n<meta property=\"og:title\" content=\"Hinnad - Elamus Bowling\" \/>\n<meta property=\"og:url\" content=\"https:\/\/bowling.test.code-lab.it\/et\/hinnad\/\" \/>\n<meta property=\"og:site_name\" content=\"Elamus Bowling\" \/>\n<meta property=\"article:modified_time\" content=\"2026-03-26T11:59:31+00:00\" \/>\n<meta property=\"og:image\" content=\"https:\/\/bowling.test.code-lab.it\/wp-content\/uploads\/2025\/08\/Elamus-Bowling-Pubi-LOGO-min-scaled.png\" \/>\n\t<meta property=\"og:image:width\" content=\"2560\" \/>\n\t<meta property=\"og:image:height\" content=\"1237\" \/>\n\t<meta property=\"og:image:type\" content=\"image\/png\" \/>\n<meta name=\"twitter:card\" content=\"summary_large_image\" \/>\n<script type=\"application\/ld+json\" class=\"yoast-schema-graph\">{\"@context\":\"https:\/\/schema.org\",\"@graph\":[{\"@type\":\"WebPage\",\"@id\":\"https:\/\/bowling.test.code-lab.it\/et\/hinnad\/\",\"url\":\"https:\/\/bowling.test.code-lab.it\/et\/hinnad\/\",\"name\":\"Hinnad - Elamus Bowling\",\"isPartOf\":{\"@id\":\"https:\/\/bowling.test.code-lab.it\/et\/#website\"},\"datePublished\":\"2025-08-07T10:22:09+00:00\",\"dateModified\":\"2026-03-26T11:59:31+00:00\",\"breadcrumb\":{\"@id\":\"https:\/\/bowling.test.code-lab.it\/et\/hinnad\/#breadcrumb\"},\"inLanguage\":\"et\",\"potentialAction\":[{\"@type\":\"ReadAction\",\"target\":[\"https:\/\/bowling.test.code-lab.it\/et\/hinnad\/\"]}]},{\"@type\":\"BreadcrumbList\",\"@id\":\"https:\/\/bowling.test.code-lab.it\/et\/hinnad\/#breadcrumb\",\"itemListElement\":[{\"@type\":\"ListItem\",\"position\":1,\"name\":\"Esileht\",\"item\":\"https:\/\/bowling.test.code-lab.it\/et\/\"},{\"@type\":\"ListItem\",\"position\":2,\"name\":\"Hinnad\"}]},{\"@type\":\"WebSite\",\"@id\":\"https:\/\/bowling.test.code-lab.it\/et\/#website\",\"url\":\"https:\/\/bowling.test.code-lab.it\/et\/\",\"name\":\"Elamus Bowling\",\"description\":\"Uusim, Eesti suurim ja moodsaim bowlingusaal\",\"publisher\":{\"@id\":\"https:\/\/bowling.test.code-lab.it\/et\/#organization\"},\"potentialAction\":[{\"@type\":\"SearchAction\",\"target\":{\"@type\":\"EntryPoint\",\"urlTemplate\":\"https:\/\/bowling.test.code-lab.it\/et\/?s={search_term_string}\"},\"query-input\":{\"@type\":\"PropertyValueSpecification\",\"valueRequired\":true,\"valueName\":\"search_term_string\"}}],\"inLanguage\":\"et\"},{\"@type\":\"Organization\",\"@id\":\"https:\/\/bowling.test.code-lab.it\/et\/#organization\",\"name\":\"Elamus Bowling\",\"url\":\"https:\/\/bowling.test.code-lab.it\/et\/\",\"logo\":{\"@type\":\"ImageObject\",\"inLanguage\":\"et\",\"@id\":\"https:\/\/bowling.test.code-lab.it\/et\/#\/schema\/logo\/image\/\",\"url\":\"https:\/\/bowling.test.code-lab.it\/wp-content\/uploads\/2025\/07\/cropped-800x600px_Elamus-Bowling-logo.jpg\",\"contentUrl\":\"https:\/\/bowling.test.code-lab.it\/wp-content\/uploads\/2025\/07\/cropped-800x600px_Elamus-Bowling-logo.jpg\",\"width\":512,\"height\":512,\"caption\":\"Elamus Bowling\"},\"image\":{\"@id\":\"https:\/\/bowling.test.code-lab.it\/et\/#\/schema\/logo\/image\/\"}}]}<\/script>\n<!-- \/ Yoast SEO plugin. -->","yoast_head_json":{"title":"Hinnad - Elamus Bowling","robots":{"index":"noindex","follow":"follow","max-snippet":"max-snippet:-1","max-image-preview":"max-image-preview:large","max-video-preview":"max-video-preview:-1"},"og_locale":"et_EE","og_type":"article","og_title":"Hinnad - Elamus Bowling","og_url":"https:\/\/bowling.test.code-lab.it\/et\/hinnad\/","og_site_name":"Elamus Bowling","article_modified_time":"2026-03-26T11:59:31+00:00","og_image":[{"width":2560,"height":1237,"url":"https:\/\/bowling.test.code-lab.it\/wp-content\/uploads\/2025\/08\/Elamus-Bowling-Pubi-LOGO-min-scaled.png","type":"image\/png"}],"twitter_card":"summary_large_image","schema":{"@context":"https:\/\/schema.org","@graph":[{"@type":"WebPage","@id":"https:\/\/bowling.test.code-lab.it\/et\/hinnad\/","url":"https:\/\/bowling.test.code-lab.it\/et\/hinnad\/","name":"Hinnad - Elamus Bowling","isPartOf":{"@id":"https:\/\/bowling.test.code-lab.it\/et\/#website"},"datePublished":"2025-08-07T10:22:09+00:00","dateModified":"2026-03-26T11:59:31+00:00","breadcrumb":{"@id":"https:\/\/bowling.test.code-lab.it\/et\/hinnad\/#breadcrumb"},"inLanguage":"et","potentialAction":[{"@type":"ReadAction","target":["https:\/\/bowling.test.code-lab.it\/et\/hinnad\/"]}]},{"@type":"BreadcrumbList","@id":"https:\/\/bowling.test.code-lab.it\/et\/hinnad\/#breadcrumb","itemListElement":[{"@type":"ListItem","position":1,"name":"Esileht","item":"https:\/\/bowling.test.code-lab.it\/et\/"},{"@type":"ListItem","position":2,"name":"Hinnad"}]},{"@type":"WebSite","@id":"https:\/\/bowling.test.code-lab.it\/et\/#website","url":"https:\/\/bowling.test.code-lab.it\/et\/","name":"Elamus Bowling","description":"Uusim, Eesti suurim ja moodsaim bowlingusaal","publisher":{"@id":"https:\/\/bowling.test.code-lab.it\/et\/#organization"},"potentialAction":[{"@type":"SearchAction","target":{"@type":"EntryPoint","urlTemplate":"https:\/\/bowling.test.code-lab.it\/et\/?s={search_term_string}"},"query-input":{"@type":"PropertyValueSpecification","valueRequired":true,"valueName":"search_term_string"}}],"inLanguage":"et"},{"@type":"Organization","@id":"https:\/\/bowling.test.code-lab.it\/et\/#organization","name":"Elamus Bowling","url":"https:\/\/bowling.test.code-lab.it\/et\/","logo":{"@type":"ImageObject","inLanguage":"et","@id":"https:\/\/bowling.test.code-lab.it\/et\/#\/schema\/logo\/image\/","url":"https:\/\/bowling.test.code-lab.it\/wp-content\/uploads\/2025\/07\/cropped-800x600px_Elamus-Bowling-logo.jpg","contentUrl":"https:\/\/bowling.test.code-lab.it\/wp-content\/uploads\/2025\/07\/cropped-800x600px_Elamus-Bowling-logo.jpg","width":512,"height":512,"caption":"Elamus Bowling"},"image":{"@id":"https:\/\/bowling.test.code-lab.it\/et\/#\/schema\/logo\/image\/"}}]}},"uagb_featured_image_src":{"full":false,"thumbnail":false,"medium":false,"medium_large":false,"large":false,"woocommerce_thumbnail":false,"woocommerce_single":false,"woocommerce_gallery_thumbnail":false,"wc-pdf-product-vouchers-voucher-thumb":false},"uagb_author_info":{"display_name":"Reaktiiv","author_link":"https:\/\/bowling.test.code-lab.it\/et\/author\/reaktiiv\/"},"uagb_comment_info":0,"uagb_excerpt":null,"_links":{"self":[{"href":"https:\/\/bowling.test.code-lab.it\/et\/wp-json\/wp\/v2\/pages\/12387","targetHints":{"allow":["GET"]}}],"collection":[{"href":"https:\/\/bowling.test.code-lab.it\/et\/wp-json\/wp\/v2\/pages"}],"about":[{"href":"https:\/\/bowling.test.code-lab.it\/et\/wp-json\/wp\/v2\/types\/page"}],"author":[{"embeddable":true,"href":"https:\/\/bowling.test.code-lab.it\/et\/wp-json\/wp\/v2\/users\/1"}],"replies":[{"embeddable":true,"href":"https:\/\/bowling.test.code-lab.it\/et\/wp-json\/wp\/v2\/comments?post=12387"}],"version-history":[{"count":18,"href":"https:\/\/bowling.test.code-lab.it\/et\/wp-json\/wp\/v2\/pages\/12387\/revisions"}],"predecessor-version":[{"id":16274,"href":"https:\/\/bowling.test.code-lab.it\/et\/wp-json\/wp\/v2\/pages\/12387\/revisions\/16274"}],"wp:attachment":[{"href":"https:\/\/bowling.test.code-lab.it\/et\/wp-json\/wp\/v2\/media?parent=12387"}],"curies":[{"name":"wp","href":"https:\/\/api.w.org\/{rel}","templated":true}]}}