{"id":12384,"date":"2025-08-07T13:21:47","date_gmt":"2025-08-07T10:21:47","guid":{"rendered":"https:\/\/bowling.test.code-lab.it\/?page_id=12384"},"modified":"2026-03-24T12:11:53","modified_gmt":"2026-03-24T09:11:53","slug":"pubi","status":"publish","type":"page","link":"https:\/\/bowling.test.code-lab.it\/et\/pubi\/","title":{"rendered":"Pubi"},"content":{"rendered":"\n<section class=\"table-booking-block mb-lg-64 mb-32\">\n    <div class=\"container\">\n                    <div class=\"intro row align-items-center  \">\n                <div class=\"mb-lg-0 mb-32 col col-md-6 col-12\">\n                                            <div class=\"intro-content\">\n                            <h4>Elamus Pubi \u2013 koht, kus kohtuvad maitsed, muusika ja elamused.<\/h4>\n<p>200-kohaline Elamus Pubi on ideaalne paik nii argip\u00e4evast l\u00f5\u00f5gastumiseks kui ka eriliste s\u00fcndmuste t\u00e4histamiseks. Meie pubimen\u00fc\u00fc on loodud nii, et iga k\u00fclastaja leiaks endale midagi meelep\u00e4rast \u2013 alates kergetest suupistetest kuni toekate eineteni. R\u00f5hk on maitsetel, kvaliteedil ja v\u00e4rsketel koostisosadel.<br \/>\nReede- ja laup\u00e4eva\u00f5htuti loob meeleolu elav muusika, mis muudab \u00f5htus\u00f6\u00f6gi v\u00f5i s\u00f5pradega aja veetmise t\u00f5eliseks elamuseks.<\/p>\n<p>Bowlingukeskuse suured ekraanid pakuvad v\u00f5imalust vaadata koos s\u00f5pradega spordiv\u00f5istlusi, lisaks on mitmetel laudadel malem\u00e4rgistus, olemas on kogu perele m\u00f5eldud lauam\u00e4ngud.<\/p>\n                        <\/div>\n                                                                <div class=\"buttons d-flex flex-wrap gap-8 mt-32\">\n                                                                                            <div class=\"button-wrap\">\n                                                                            <button id=\"umai-reservation-button\" class=\"btn\">Broneeri laud<\/button>\n                                                                    <\/div>\n                                                    <\/div>\n                                    <\/div>\n                                    <div class=\"image col col-md-6 col-12 position-relative\">\n                        <div class=\"image-inside w-100\">\n                            <img fetchpriority=\"high\" decoding=\"async\" class=\"image-el position-relative border-r-16 w-100 h-100 object-fit-cover\" src=\"https:\/\/bowling.test.code-lab.it\/wp-content\/uploads\/2025\/08\/elamus_bowling_pubi_menuu.jpg\" width=\"1000\" height=\"667\" alt=\"\" \/>\n                        <\/div>\n                        <div class=\"parallax-content-wrap flower\">\n                            <div class=\"parallax-content\">\n                                <div class=\"parallax-illustration\">\n                                    <div class=\"parallax-svg\">\n                                        <img decoding=\"async\" src=\"https:\/\/bowling.test.code-lab.it\/wp-content\/themes\/elamusbowling\/images\/illustrations\/flower.svg\" alt=\"\">\n                                    <\/div>\n                                <\/div>\n                            <\/div>\n                        <\/div>\n                    <\/div>\n                            <\/div>\n            <\/div>\n    \n    <!--\n    Important Note for Users:\n    Its required to Copy and Paste this script into your website's HTML, in order for UMAI to work on your website.\n    Place it in either the <head> or <body> section of your website's HTML document. \n    Ensure that you only place this script once per page\/website to avoid duplicate executions.\n    -->\n    <script src=\"https:\/\/widget.letsumai.com\/dist\/embed.min.js\" data-api-key=\"7e3188f5-a107-4122-a8b8-1d09f7fe1075\" data-widget-type=\"reservation\"><\/script>\n    <script type=\"text\/javascript\">\n        function init() {\n        \/**\n        Explanation for users:\n        - Enter button selectors (IDs or classes) are comma-separated list without spaces and match button on your page.\n        - Button selectors must be valid according to the CSS selector rules used by `querySelectorAll`.\n        *\n        Valid formats:\n        - IDs: #button1 or #button2\n        - Classes: .btn1 or .btn-custom\n        - Attribute selectors: [id=\"specialButton\"]\n        *\n        For details on valid CSS selector syntax, see:\n        Document: querySelectorAll() method - Web APIs | MDN \n        *\/\n        \n        [\"#umai-reservation-button\"].forEach((id) => {\n            \/\/ Use `document.querySelectorAll` to find all elements matching the CSS selector in the reservation custom button input.\n            const links = document.querySelectorAll(id);\n            links.forEach((link) => {\n            \/\/ Attach a click event listener to each reservation element.\n            link.addEventListener(\"click\", function (e) {\n                e.preventDefault();\n                \/\/ Configure the `umaiWidget` with the provided `apiKey` and `widgetType`.\n                umaiWidget.config({ apiKey: \"7e3188f5-a107-4122-a8b8-1d09f7fe1075\", widgetType: \"reservation\" });\n                \/\/ Open the reservation widget modal when an element is clicked.\n                umaiWidget.openWidget();\n                return false;\n            }); \n            });\n        });\n\n        [\"#umai-giftcard-button\"].forEach((id) => {\n            \/\/ Use `document.querySelectorAll` to find all elements matching the CSS selector in the giftcard custom button input.\n            const links = document.querySelectorAll(id);\n            links.forEach((link) => {\n            \/\/ Attach a click event listener to each giftcard element.\n            link.addEventListener(\"click\", function (e) {\n                e.preventDefault();\n                \/\/ Configure the `umaiWidget` with the provided `apiKey` and `widgetType`.\n                umaiWidget.config({ apiKey: \"7e3188f5-a107-4122-a8b8-1d09f7fe1075\", widgetType: \"giftcard\" });\n                \/\/ Open the giftcard widget modal when an element is clicked.\n                umaiWidget.openWidget();\n                return false;\n            }); \n            });\n        });\n\n        [\"#umai-takeaway-button\"].forEach((id) => {\n            \/\/ Use `document.querySelectorAll` to find all elements matching the CSS selector in the takeaway custom button input.\n            const links = document.querySelectorAll(id);\n            links.forEach((link) => {\n            \/\/ Attach a click event listener to each takeaway element.\n            link.addEventListener(\"click\", function (e) {\n                e.preventDefault();\n                \/\/ Configure the `umaiWidget` with the provided `apiKey` and `widgetType`.\n                umaiWidget.config({ apiKey: \"7e3188f5-a107-4122-a8b8-1d09f7fe1075\", widgetType: \"takeaway\" });\n                \/\/ Open the takeaway widget modal when an element is clicked.\n                umaiWidget.openWidget();\n                return false;\n            }); \n            });\n        });\n        }\n        \/**\n\n        Attaching `init` function when the page has fully loaded.\n\n        It sets up event listeners for specific elements that match the provided custom button.\n\n        Each matching element will trigger the `umaiWidget` with a specified configuration when clicked.\n\n\n        *\/\n        document.addEventListener(\"DOMContentLoaded\", init);\n        window.addEventListener(\"mercury:load\", init);\n    <\/script>\n<\/section>\n\n\n<figure class=\"wp-block-gallery has-nested-images columns-default is-cropped wp-block-gallery-1\">\n<figure class=\"wp-block-image size-large\"><img decoding=\"async\" width=\"1920\" height=\"1080\" data-id=\"13111\" src=\"https:\/\/bowling.test.code-lab.it\/wp-content\/uploads\/2025\/09\/elamus_bowling_pubi_menuu.jpg\" alt=\"\" class=\"wp-image-13111\" srcset=\"https:\/\/bowling.test.code-lab.it\/wp-content\/uploads\/2025\/09\/elamus_bowling_pubi_menuu.jpg 1920w, https:\/\/bowling.test.code-lab.it\/wp-content\/uploads\/2025\/09\/elamus_bowling_pubi_menuu-600x338.jpg 600w\" sizes=\"(max-width: 1920px) 100vw, 1920px\" \/><\/figure>\n<\/figure>\n\n\n\n<figure class=\"wp-block-gallery has-nested-images columns-default is-cropped wp-block-gallery-2\">\n<figure class=\"wp-block-image size-large\"><img decoding=\"async\" width=\"1920\" height=\"1080\" data-id=\"13585\" src=\"https:\/\/bowling.test.code-lab.it\/wp-content\/uploads\/2025\/12\/Elamus_bowling_pubi_joogimenuu.jpg\" alt=\"\" class=\"wp-image-13585\" srcset=\"https:\/\/bowling.test.code-lab.it\/wp-content\/uploads\/2025\/12\/Elamus_bowling_pubi_joogimenuu.jpg 1920w, https:\/\/bowling.test.code-lab.it\/wp-content\/uploads\/2025\/12\/Elamus_bowling_pubi_joogimenuu-600x338.jpg 600w\" sizes=\"(max-width: 1920px) 100vw, 1920px\" \/><\/figure>\n<\/figure>\n\n\n\n<section class=\"text-image-block mb-lg-64 mb-32\">\n    <div class=\"container\">\n        <div class=\"row align-items-center flex-row-reverse\">\n            <div class=\"text col col-md-6 col-12 mb-lg-0 mb-32 fade-in-up\">\n                <div class=\"text-wrapper ms-auto\">\n                    <div class=\"text-wrapper-content\">\n                        <p>Reedeti ja laup\u00e4eviti on Elamus Bowling &amp; Pubi elavmuusika.<\/p>\n<p>Muusika algab kell 21.30, avatud kuni 02.00<\/p>\n<p>12.12 Talent<br \/>\n13.12 Kapriiz<br \/>\n19.12 Elis Loik ja Mart Arbo<br \/>\n20.12 Karl Madis<br \/>\n25.12 DJ Aivar Havi<br \/>\n26.12 Hellad Velled<br \/>\n27.12 DJ Eneique<br \/>\n01.01 DJ Arno Kukk<br \/>\n02.01 J\u00fcri Homenja<br \/>\n03.01 DJ Marek Talivere<\/p>\n<p><!--EndFragment --><\/p>\n<p>Soovi korral saab suuremate seltskondadega broneerida laua. M\u00f5nus pubitoit. Rikkalik kokteilimen\u00fc\u00fc.<\/p>\n<p>&nbsp;<\/p>\n                    <\/div>\n                                    <\/div>\n            <\/div>\n            <div class=\"image col col-md-6 col-12 position-relative\">\n                <div class=\"image-inside w-100\">\n                                            <img loading=\"lazy\" decoding=\"async\" class=\"image-el position-relative border-r-16 w-100 h-100 object-fit-cover\" src=\"https:\/\/bowling.test.code-lab.it\/wp-content\/uploads\/2025\/11\/Elamus_bowling_pubi_pidu_detsember.jpg\" width=\"1590\" height=\"1080\" alt=\"\" \/>\n                                    <\/div>\n                <div class=\"parallax-content-wrap flower\">\n                    <div class=\"parallax-content\">\n                        <div class=\"parallax-illustration\">\n                            <div class=\"parallax-svg\">\n                                <img decoding=\"async\" src=\"https:\/\/bowling.test.code-lab.it\/wp-content\/themes\/elamusbowling\/images\/illustrations\/flower.svg\" alt=\"\">\n                            <\/div>\n                        <\/div>\n                    <\/div>\n                <\/div>\n            <\/div>\n        <\/div>\n    <\/div>\n<\/section>\n","protected":false},"excerpt":{"rendered":"","protected":false},"author":1,"featured_media":0,"parent":0,"menu_order":0,"comment_status":"closed","ping_status":"closed","template":"","meta":{"_acf_changed":false,"_uag_custom_page_level_css":"","footnotes":""},"class_list":["post-12384","page","type-page","status-publish","hentry"],"acf":[],"yoast_head":"<!-- This site is optimized with the Yoast SEO plugin v25.6 - https:\/\/yoast.com\/wordpress\/plugins\/seo\/ -->\n<title>Pubi - Elamus Bowling<\/title>\n<meta name=\"robots\" content=\"noindex, follow, max-snippet:-1, max-image-preview:large, max-video-preview:-1\" \/>\n<meta property=\"og:locale\" content=\"et_EE\" \/>\n<meta property=\"og:type\" content=\"article\" \/>\n<meta property=\"og:title\" content=\"Pubi - Elamus Bowling\" \/>\n<meta property=\"og:url\" content=\"https:\/\/bowling.test.code-lab.it\/et\/pubi\/\" \/>\n<meta property=\"og:site_name\" content=\"Elamus Bowling\" \/>\n<meta property=\"article:modified_time\" content=\"2026-03-24T09:11:53+00:00\" \/>\n<meta property=\"og:image\" content=\"https:\/\/bowling.test.code-lab.it\/wp-content\/uploads\/2025\/09\/elamus_bowling_pubi_menuu.jpg\" \/>\n<meta name=\"twitter:card\" content=\"summary_large_image\" \/>\n<meta name=\"twitter:label1\" content=\"Est. reading time\" \/>\n\t<meta name=\"twitter:data1\" content=\"1 minut\" \/>\n<script type=\"application\/ld+json\" class=\"yoast-schema-graph\">{\"@context\":\"https:\/\/schema.org\",\"@graph\":[{\"@type\":\"WebPage\",\"@id\":\"https:\/\/bowling.test.code-lab.it\/et\/pubi\/\",\"url\":\"https:\/\/bowling.test.code-lab.it\/et\/pubi\/\",\"name\":\"Pubi - Elamus Bowling\",\"isPartOf\":{\"@id\":\"https:\/\/bowling.test.code-lab.it\/et\/#website\"},\"primaryImageOfPage\":{\"@id\":\"https:\/\/bowling.test.code-lab.it\/et\/pubi\/#primaryimage\"},\"image\":{\"@id\":\"https:\/\/bowling.test.code-lab.it\/et\/pubi\/#primaryimage\"},\"thumbnailUrl\":\"https:\/\/bowling.test.code-lab.it\/wp-content\/uploads\/2025\/09\/elamus_bowling_pubi_menuu.jpg\",\"datePublished\":\"2025-08-07T10:21:47+00:00\",\"dateModified\":\"2026-03-24T09:11:53+00:00\",\"breadcrumb\":{\"@id\":\"https:\/\/bowling.test.code-lab.it\/et\/pubi\/#breadcrumb\"},\"inLanguage\":\"et\",\"potentialAction\":[{\"@type\":\"ReadAction\",\"target\":[\"https:\/\/bowling.test.code-lab.it\/et\/pubi\/\"]}]},{\"@type\":\"ImageObject\",\"inLanguage\":\"et\",\"@id\":\"https:\/\/bowling.test.code-lab.it\/et\/pubi\/#primaryimage\",\"url\":\"https:\/\/bowling.test.code-lab.it\/wp-content\/uploads\/2025\/09\/elamus_bowling_pubi_menuu.jpg\",\"contentUrl\":\"https:\/\/bowling.test.code-lab.it\/wp-content\/uploads\/2025\/09\/elamus_bowling_pubi_menuu.jpg\"},{\"@type\":\"BreadcrumbList\",\"@id\":\"https:\/\/bowling.test.code-lab.it\/et\/pubi\/#breadcrumb\",\"itemListElement\":[{\"@type\":\"ListItem\",\"position\":1,\"name\":\"Esileht\",\"item\":\"https:\/\/bowling.test.code-lab.it\/et\/\"},{\"@type\":\"ListItem\",\"position\":2,\"name\":\"Pubi\"}]},{\"@type\":\"WebSite\",\"@id\":\"https:\/\/bowling.test.code-lab.it\/et\/#website\",\"url\":\"https:\/\/bowling.test.code-lab.it\/et\/\",\"name\":\"Elamus Bowling\",\"description\":\"Uusim, Eesti suurim ja moodsaim bowlingusaal\",\"publisher\":{\"@id\":\"https:\/\/bowling.test.code-lab.it\/et\/#organization\"},\"potentialAction\":[{\"@type\":\"SearchAction\",\"target\":{\"@type\":\"EntryPoint\",\"urlTemplate\":\"https:\/\/bowling.test.code-lab.it\/et\/?s={search_term_string}\"},\"query-input\":{\"@type\":\"PropertyValueSpecification\",\"valueRequired\":true,\"valueName\":\"search_term_string\"}}],\"inLanguage\":\"et\"},{\"@type\":\"Organization\",\"@id\":\"https:\/\/bowling.test.code-lab.it\/et\/#organization\",\"name\":\"Elamus Bowling\",\"url\":\"https:\/\/bowling.test.code-lab.it\/et\/\",\"logo\":{\"@type\":\"ImageObject\",\"inLanguage\":\"et\",\"@id\":\"https:\/\/bowling.test.code-lab.it\/et\/#\/schema\/logo\/image\/\",\"url\":\"https:\/\/bowling.test.code-lab.it\/wp-content\/uploads\/2025\/07\/cropped-800x600px_Elamus-Bowling-logo.jpg\",\"contentUrl\":\"https:\/\/bowling.test.code-lab.it\/wp-content\/uploads\/2025\/07\/cropped-800x600px_Elamus-Bowling-logo.jpg\",\"width\":512,\"height\":512,\"caption\":\"Elamus Bowling\"},\"image\":{\"@id\":\"https:\/\/bowling.test.code-lab.it\/et\/#\/schema\/logo\/image\/\"}}]}<\/script>\n<!-- \/ Yoast SEO plugin. -->","yoast_head_json":{"title":"Pubi - Elamus Bowling","robots":{"index":"noindex","follow":"follow","max-snippet":"max-snippet:-1","max-image-preview":"max-image-preview:large","max-video-preview":"max-video-preview:-1"},"og_locale":"et_EE","og_type":"article","og_title":"Pubi - Elamus Bowling","og_url":"https:\/\/bowling.test.code-lab.it\/et\/pubi\/","og_site_name":"Elamus Bowling","article_modified_time":"2026-03-24T09:11:53+00:00","og_image":[{"url":"https:\/\/bowling.test.code-lab.it\/wp-content\/uploads\/2025\/09\/elamus_bowling_pubi_menuu.jpg","type":"","width":"","height":""}],"twitter_card":"summary_large_image","twitter_misc":{"Est. reading time":"1 minut"},"schema":{"@context":"https:\/\/schema.org","@graph":[{"@type":"WebPage","@id":"https:\/\/bowling.test.code-lab.it\/et\/pubi\/","url":"https:\/\/bowling.test.code-lab.it\/et\/pubi\/","name":"Pubi - Elamus Bowling","isPartOf":{"@id":"https:\/\/bowling.test.code-lab.it\/et\/#website"},"primaryImageOfPage":{"@id":"https:\/\/bowling.test.code-lab.it\/et\/pubi\/#primaryimage"},"image":{"@id":"https:\/\/bowling.test.code-lab.it\/et\/pubi\/#primaryimage"},"thumbnailUrl":"https:\/\/bowling.test.code-lab.it\/wp-content\/uploads\/2025\/09\/elamus_bowling_pubi_menuu.jpg","datePublished":"2025-08-07T10:21:47+00:00","dateModified":"2026-03-24T09:11:53+00:00","breadcrumb":{"@id":"https:\/\/bowling.test.code-lab.it\/et\/pubi\/#breadcrumb"},"inLanguage":"et","potentialAction":[{"@type":"ReadAction","target":["https:\/\/bowling.test.code-lab.it\/et\/pubi\/"]}]},{"@type":"ImageObject","inLanguage":"et","@id":"https:\/\/bowling.test.code-lab.it\/et\/pubi\/#primaryimage","url":"https:\/\/bowling.test.code-lab.it\/wp-content\/uploads\/2025\/09\/elamus_bowling_pubi_menuu.jpg","contentUrl":"https:\/\/bowling.test.code-lab.it\/wp-content\/uploads\/2025\/09\/elamus_bowling_pubi_menuu.jpg"},{"@type":"BreadcrumbList","@id":"https:\/\/bowling.test.code-lab.it\/et\/pubi\/#breadcrumb","itemListElement":[{"@type":"ListItem","position":1,"name":"Esileht","item":"https:\/\/bowling.test.code-lab.it\/et\/"},{"@type":"ListItem","position":2,"name":"Pubi"}]},{"@type":"WebSite","@id":"https:\/\/bowling.test.code-lab.it\/et\/#website","url":"https:\/\/bowling.test.code-lab.it\/et\/","name":"Elamus Bowling","description":"Uusim, Eesti suurim ja moodsaim bowlingusaal","publisher":{"@id":"https:\/\/bowling.test.code-lab.it\/et\/#organization"},"potentialAction":[{"@type":"SearchAction","target":{"@type":"EntryPoint","urlTemplate":"https:\/\/bowling.test.code-lab.it\/et\/?s={search_term_string}"},"query-input":{"@type":"PropertyValueSpecification","valueRequired":true,"valueName":"search_term_string"}}],"inLanguage":"et"},{"@type":"Organization","@id":"https:\/\/bowling.test.code-lab.it\/et\/#organization","name":"Elamus Bowling","url":"https:\/\/bowling.test.code-lab.it\/et\/","logo":{"@type":"ImageObject","inLanguage":"et","@id":"https:\/\/bowling.test.code-lab.it\/et\/#\/schema\/logo\/image\/","url":"https:\/\/bowling.test.code-lab.it\/wp-content\/uploads\/2025\/07\/cropped-800x600px_Elamus-Bowling-logo.jpg","contentUrl":"https:\/\/bowling.test.code-lab.it\/wp-content\/uploads\/2025\/07\/cropped-800x600px_Elamus-Bowling-logo.jpg","width":512,"height":512,"caption":"Elamus Bowling"},"image":{"@id":"https:\/\/bowling.test.code-lab.it\/et\/#\/schema\/logo\/image\/"}}]}},"uagb_featured_image_src":{"full":false,"thumbnail":false,"medium":false,"medium_large":false,"large":false,"woocommerce_thumbnail":false,"woocommerce_single":false,"woocommerce_gallery_thumbnail":false,"wc-pdf-product-vouchers-voucher-thumb":false},"uagb_author_info":{"display_name":"Reaktiiv","author_link":"https:\/\/bowling.test.code-lab.it\/et\/author\/reaktiiv\/"},"uagb_comment_info":0,"uagb_excerpt":null,"_links":{"self":[{"href":"https:\/\/bowling.test.code-lab.it\/et\/wp-json\/wp\/v2\/pages\/12384","targetHints":{"allow":["GET"]}}],"collection":[{"href":"https:\/\/bowling.test.code-lab.it\/et\/wp-json\/wp\/v2\/pages"}],"about":[{"href":"https:\/\/bowling.test.code-lab.it\/et\/wp-json\/wp\/v2\/types\/page"}],"author":[{"embeddable":true,"href":"https:\/\/bowling.test.code-lab.it\/et\/wp-json\/wp\/v2\/users\/1"}],"replies":[{"embeddable":true,"href":"https:\/\/bowling.test.code-lab.it\/et\/wp-json\/wp\/v2\/comments?post=12384"}],"version-history":[{"count":20,"href":"https:\/\/bowling.test.code-lab.it\/et\/wp-json\/wp\/v2\/pages\/12384\/revisions"}],"predecessor-version":[{"id":16170,"href":"https:\/\/bowling.test.code-lab.it\/et\/wp-json\/wp\/v2\/pages\/12384\/revisions\/16170"}],"wp:attachment":[{"href":"https:\/\/bowling.test.code-lab.it\/et\/wp-json\/wp\/v2\/media?parent=12384"}],"curies":[{"name":"wp","href":"https:\/\/api.w.org\/{rel}","templated":true}]}}