{"id":12376,"date":"2025-08-07T11:57:38","date_gmt":"2025-08-07T08:57:38","guid":{"rendered":"https:\/\/bowling.test.code-lab.it\/?page_id=12376"},"modified":"2025-08-29T18:31:31","modified_gmt":"2025-08-29T15:31:31","slug":"majakord","status":"publish","type":"page","link":"https:\/\/bowling.test.code-lab.it\/et\/majakord\/","title":{"rendered":"Majakord"},"content":{"rendered":"\n<h1 class=\"wp-block-heading\">Elamus Bowling &amp; Pubi KODUKORD<\/h1>\n\n\n\n<p><\/p>\n\n\n\n<ul class=\"wp-block-list\">\n<li>Ole kohal 10 minutit enne broneeringu algust, et j\u00f5uaksid valmistuda.<\/li>\n\n\n\n<li>Broneering t\u00fchistatakse, kui hilined \u00fcle 15 minuti.<\/li>\n\n\n\n<li>Hilinemisel m\u00e4nguaega ei pikendata.<\/li>\n\n\n\n<li>\u00dchel rajal v\u00f5ib m\u00e4ngida kuni 6 inimest.<\/li>\n\n\n\n<li>M\u00e4ngi vaid spetsiaalsetes bowlingujalatsites (renditavad saalist).<\/li>\n\n\n\n<li>Bowlingujalatsitega ei tohi saalist v\u00e4ljuda.<\/li>\n\n\n\n<li>Vali endale sobiva raskusega pall \u2013 suurem number t\u00e4hendab raskemat palli.<\/li>\n\n\n\n<li>\u00dchele rajale tohib visata korraga \u00fche palli.<\/li>\n\n\n\n<li>Valgustamata rajale viskamine ei ole lubatud.<\/li>\n\n\n\n<li>Liigu ainult hoov\u00f5turajal.<\/li>\n\n\n\n<li>Bowlingurajale astumine ei ole lubatud.<\/li>\n\n\n\n<li>Hoov\u00f5tualal tohib olla vaid palli viskaja.<\/li>\n\n\n\n<li>S\u00f6\u00f6mine ja joomine ei ole hoov\u00f5tualal lubatud.<\/li>\n\n\n\n<li>\u00c4ra pane k\u00e4si pallimasina avasse.<\/li>\n\n\n\n<li>Kui pall ei tule tagasi, teavita rajainstruktorit.<\/li>\n\n\n\n<li>Tehnilise probleemi korral p\u00f6\u00f6rdu rajainstruktori poole.<\/li>\n\n\n\n<li>Kui p\u00f5randale satub jooki v\u00f5i s\u00f6\u00f6ki, teata sellest kohe baariteenindajale.<\/li>\n\n\n\n<li>P\u00e4rast m\u00e4ngu vii pallid ja jalan\u00f5ud tagasi hoidlasse.<\/li>\n\n\n\n<li>Broneeringu eest tuleb tasuda t\u00e4ies mahus.<\/li>\n\n\n\n<li>Agressiivse v\u00f5i ebaviisaka k\u00e4itumise korral on \u00f5igus teenindamisest keelduda.<\/li>\n\n\n\n<li>Joobes v\u00f5i narkojoobes kliente saali ei lubata.<\/li>\n\n\n\n<li>Korda rikkuvaid k\u00fclastajaid ei teenindata ja v\u00f5idakse saalist eemaldada.<\/li>\n\n\n\n<li>Lapsevanemad v\u00f5i teenuse tellija vastutavad alaealiste k\u00e4itumise ja ohutuse eest.<\/li>\n\n\n\n<li>Personal ei vastuta k\u00fclastajate isiklike ja j\u00e4relvalveta j\u00e4etud asjade eest.<\/li>\n\n\n\n<li>Elamus Bowling &amp; Pubil on \u00f5igus k\u00fcsida l\u00f5hutud inventaari eest kompensatsioon.<\/li>\n\n\n\n<li>Kaasa toodud s\u00f6\u00f6gi ja joogi tarbimine ei ole Elamus Bowling &amp; Pubis lubatud.<\/li>\n<\/ul>\n\n\n\n<p>Elamusterohket bowlingum\u00e4ngu!<\/p>\n","protected":false},"excerpt":{"rendered":"Elamus Bowling &amp; Pubi KODUKORD Elamusterohket bowlingum\u00e4ngu!","protected":false},"author":1,"featured_media":0,"parent":0,"menu_order":0,"comment_status":"closed","ping_status":"closed","template":"page-templates\/template-terms.php","meta":{"_acf_changed":false,"_uag_custom_page_level_css":"","footnotes":""},"class_list":["post-12376","page","type-page","status-publish","hentry"],"acf":[],"yoast_head":"<!-- This site is optimized with the Yoast SEO plugin v25.6 - https:\/\/yoast.com\/wordpress\/plugins\/seo\/ -->\n<title>Majakord - Elamus Bowling<\/title>\n<meta name=\"robots\" content=\"noindex, follow, max-snippet:-1, max-image-preview:large, max-video-preview:-1\" \/>\n<meta property=\"og:locale\" content=\"et_EE\" \/>\n<meta property=\"og:type\" content=\"article\" \/>\n<meta property=\"og:title\" content=\"Majakord - Elamus Bowling\" \/>\n<meta property=\"og:description\" content=\"Elamus Bowling &amp; Pubi KODUKORD Elamusterohket bowlingum\u00e4ngu!\" \/>\n<meta property=\"og:url\" content=\"https:\/\/bowling.test.code-lab.it\/et\/majakord\/\" \/>\n<meta property=\"og:site_name\" content=\"Elamus Bowling\" \/>\n<meta property=\"article:modified_time\" content=\"2025-08-29T15:31:31+00:00\" \/>\n<meta property=\"og:image\" content=\"https:\/\/bowling.test.code-lab.it\/wp-content\/uploads\/2025\/08\/Elamus-Bowling-Pubi-LOGO-min-scaled.png\" \/>\n\t<meta property=\"og:image:width\" content=\"2560\" \/>\n\t<meta property=\"og:image:height\" content=\"1237\" \/>\n\t<meta property=\"og:image:type\" content=\"image\/png\" \/>\n<meta name=\"twitter:card\" content=\"summary_large_image\" \/>\n<meta name=\"twitter:label1\" content=\"Est. reading time\" \/>\n\t<meta name=\"twitter:data1\" content=\"1 minut\" \/>\n<script type=\"application\/ld+json\" class=\"yoast-schema-graph\">{\"@context\":\"https:\/\/schema.org\",\"@graph\":[{\"@type\":\"WebPage\",\"@id\":\"https:\/\/bowling.test.code-lab.it\/et\/majakord\/\",\"url\":\"https:\/\/bowling.test.code-lab.it\/et\/majakord\/\",\"name\":\"Majakord - Elamus Bowling\",\"isPartOf\":{\"@id\":\"https:\/\/bowling.test.code-lab.it\/et\/#website\"},\"datePublished\":\"2025-08-07T08:57:38+00:00\",\"dateModified\":\"2025-08-29T15:31:31+00:00\",\"breadcrumb\":{\"@id\":\"https:\/\/bowling.test.code-lab.it\/et\/majakord\/#breadcrumb\"},\"inLanguage\":\"et\",\"potentialAction\":[{\"@type\":\"ReadAction\",\"target\":[\"https:\/\/bowling.test.code-lab.it\/et\/majakord\/\"]}]},{\"@type\":\"BreadcrumbList\",\"@id\":\"https:\/\/bowling.test.code-lab.it\/et\/majakord\/#breadcrumb\",\"itemListElement\":[{\"@type\":\"ListItem\",\"position\":1,\"name\":\"Esileht\",\"item\":\"https:\/\/bowling.test.code-lab.it\/et\/\"},{\"@type\":\"ListItem\",\"position\":2,\"name\":\"Majakord\"}]},{\"@type\":\"WebSite\",\"@id\":\"https:\/\/bowling.test.code-lab.it\/et\/#website\",\"url\":\"https:\/\/bowling.test.code-lab.it\/et\/\",\"name\":\"Elamus Bowling\",\"description\":\"Uusim, Eesti suurim ja moodsaim bowlingusaal\",\"publisher\":{\"@id\":\"https:\/\/bowling.test.code-lab.it\/et\/#organization\"},\"potentialAction\":[{\"@type\":\"SearchAction\",\"target\":{\"@type\":\"EntryPoint\",\"urlTemplate\":\"https:\/\/bowling.test.code-lab.it\/et\/?s={search_term_string}\"},\"query-input\":{\"@type\":\"PropertyValueSpecification\",\"valueRequired\":true,\"valueName\":\"search_term_string\"}}],\"inLanguage\":\"et\"},{\"@type\":\"Organization\",\"@id\":\"https:\/\/bowling.test.code-lab.it\/et\/#organization\",\"name\":\"Elamus Bowling\",\"url\":\"https:\/\/bowling.test.code-lab.it\/et\/\",\"logo\":{\"@type\":\"ImageObject\",\"inLanguage\":\"et\",\"@id\":\"https:\/\/bowling.test.code-lab.it\/et\/#\/schema\/logo\/image\/\",\"url\":\"https:\/\/bowling.test.code-lab.it\/wp-content\/uploads\/2025\/07\/cropped-800x600px_Elamus-Bowling-logo.jpg\",\"contentUrl\":\"https:\/\/bowling.test.code-lab.it\/wp-content\/uploads\/2025\/07\/cropped-800x600px_Elamus-Bowling-logo.jpg\",\"width\":512,\"height\":512,\"caption\":\"Elamus Bowling\"},\"image\":{\"@id\":\"https:\/\/bowling.test.code-lab.it\/et\/#\/schema\/logo\/image\/\"}}]}<\/script>\n<!-- \/ Yoast SEO plugin. -->","yoast_head_json":{"title":"Majakord - Elamus Bowling","robots":{"index":"noindex","follow":"follow","max-snippet":"max-snippet:-1","max-image-preview":"max-image-preview:large","max-video-preview":"max-video-preview:-1"},"og_locale":"et_EE","og_type":"article","og_title":"Majakord - Elamus Bowling","og_description":"Elamus Bowling &amp; Pubi KODUKORD Elamusterohket bowlingum\u00e4ngu!","og_url":"https:\/\/bowling.test.code-lab.it\/et\/majakord\/","og_site_name":"Elamus Bowling","article_modified_time":"2025-08-29T15:31:31+00:00","og_image":[{"width":2560,"height":1237,"url":"https:\/\/bowling.test.code-lab.it\/wp-content\/uploads\/2025\/08\/Elamus-Bowling-Pubi-LOGO-min-scaled.png","type":"image\/png"}],"twitter_card":"summary_large_image","twitter_misc":{"Est. reading time":"1 minut"},"schema":{"@context":"https:\/\/schema.org","@graph":[{"@type":"WebPage","@id":"https:\/\/bowling.test.code-lab.it\/et\/majakord\/","url":"https:\/\/bowling.test.code-lab.it\/et\/majakord\/","name":"Majakord - Elamus Bowling","isPartOf":{"@id":"https:\/\/bowling.test.code-lab.it\/et\/#website"},"datePublished":"2025-08-07T08:57:38+00:00","dateModified":"2025-08-29T15:31:31+00:00","breadcrumb":{"@id":"https:\/\/bowling.test.code-lab.it\/et\/majakord\/#breadcrumb"},"inLanguage":"et","potentialAction":[{"@type":"ReadAction","target":["https:\/\/bowling.test.code-lab.it\/et\/majakord\/"]}]},{"@type":"BreadcrumbList","@id":"https:\/\/bowling.test.code-lab.it\/et\/majakord\/#breadcrumb","itemListElement":[{"@type":"ListItem","position":1,"name":"Esileht","item":"https:\/\/bowling.test.code-lab.it\/et\/"},{"@type":"ListItem","position":2,"name":"Majakord"}]},{"@type":"WebSite","@id":"https:\/\/bowling.test.code-lab.it\/et\/#website","url":"https:\/\/bowling.test.code-lab.it\/et\/","name":"Elamus Bowling","description":"Uusim, Eesti suurim ja moodsaim bowlingusaal","publisher":{"@id":"https:\/\/bowling.test.code-lab.it\/et\/#organization"},"potentialAction":[{"@type":"SearchAction","target":{"@type":"EntryPoint","urlTemplate":"https:\/\/bowling.test.code-lab.it\/et\/?s={search_term_string}"},"query-input":{"@type":"PropertyValueSpecification","valueRequired":true,"valueName":"search_term_string"}}],"inLanguage":"et"},{"@type":"Organization","@id":"https:\/\/bowling.test.code-lab.it\/et\/#organization","name":"Elamus Bowling","url":"https:\/\/bowling.test.code-lab.it\/et\/","logo":{"@type":"ImageObject","inLanguage":"et","@id":"https:\/\/bowling.test.code-lab.it\/et\/#\/schema\/logo\/image\/","url":"https:\/\/bowling.test.code-lab.it\/wp-content\/uploads\/2025\/07\/cropped-800x600px_Elamus-Bowling-logo.jpg","contentUrl":"https:\/\/bowling.test.code-lab.it\/wp-content\/uploads\/2025\/07\/cropped-800x600px_Elamus-Bowling-logo.jpg","width":512,"height":512,"caption":"Elamus Bowling"},"image":{"@id":"https:\/\/bowling.test.code-lab.it\/et\/#\/schema\/logo\/image\/"}}]}},"uagb_featured_image_src":{"full":false,"thumbnail":false,"medium":false,"medium_large":false,"large":false,"woocommerce_thumbnail":false,"woocommerce_single":false,"woocommerce_gallery_thumbnail":false,"wc-pdf-product-vouchers-voucher-thumb":false},"uagb_author_info":{"display_name":"Reaktiiv","author_link":"https:\/\/bowling.test.code-lab.it\/et\/author\/reaktiiv\/"},"uagb_comment_info":0,"uagb_excerpt":"Elamus Bowling &amp; Pubi KODUKORD Elamusterohket bowlingum\u00e4ngu!","_links":{"self":[{"href":"https:\/\/bowling.test.code-lab.it\/et\/wp-json\/wp\/v2\/pages\/12376","targetHints":{"allow":["GET"]}}],"collection":[{"href":"https:\/\/bowling.test.code-lab.it\/et\/wp-json\/wp\/v2\/pages"}],"about":[{"href":"https:\/\/bowling.test.code-lab.it\/et\/wp-json\/wp\/v2\/types\/page"}],"author":[{"embeddable":true,"href":"https:\/\/bowling.test.code-lab.it\/et\/wp-json\/wp\/v2\/users\/1"}],"replies":[{"embeddable":true,"href":"https:\/\/bowling.test.code-lab.it\/et\/wp-json\/wp\/v2\/comments?post=12376"}],"version-history":[{"count":3,"href":"https:\/\/bowling.test.code-lab.it\/et\/wp-json\/wp\/v2\/pages\/12376\/revisions"}],"predecessor-version":[{"id":12914,"href":"https:\/\/bowling.test.code-lab.it\/et\/wp-json\/wp\/v2\/pages\/12376\/revisions\/12914"}],"wp:attachment":[{"href":"https:\/\/bowling.test.code-lab.it\/et\/wp-json\/wp\/v2\/media?parent=12376"}],"curies":[{"name":"wp","href":"https:\/\/api.w.org\/{rel}","templated":true}]}}